{"id":41176,"date":"2025-03-25T09:54:27","date_gmt":"2025-03-25T08:54:27","guid":{"rendered":"https:\/\/www.modelcars24.de\/?post_type=product&#038;p=41176"},"modified":"2026-03-12T11:06:16","modified_gmt":"2026-03-12T10:06:16","slug":"cmc-jaguar-c-type-goodwood-members-meeting-1954-jimmy-stewart-19-blue-limitata-a-1500-pezzi","status":"publish","type":"product","link":"https:\/\/www.modelcars24.de\/it\/cmc-jaguar-c-type-goodwood-members-meeting-1954-jimmy-stewart-19-blau-limitiert-auf-1500-stueck\/","title":{"rendered":"CMC Jaguar C Type, riunione dei soci di Goodwood, 1954, Jimmy Stewart #19 (blu) Tiratura limitata a 1500 esemplari - 1\/18"},"content":{"rendered":"<h3>CMC Jaguar C Type, riunione dei soci di Goodwood, 1954, Jimmy Stewart #19 (blu) Tiratura limitata a 1500 esemplari<\/h3>\n<p>CMC ha ricreato autenticamente la leggendaria auto da corsa nella versione Goodwood Members Meeting in \u201escottish flag blue metallic\u201c.<\/p>\n<p>Fondata nel 1951, l'Ecurie Ecosse - in francese \u201eScottish racing team\u201c - \u00e8 stata principalmente associata alla Jaguar Cars Ltd. negli anni Cinquanta. La squadra corse \u00e8 nata dalla Merchiston Motors, fondata da David Murray e Walter Wilkinson. L'Ecurie Ecosse partecip\u00f2 al Gran Premio di Gran Bretagna per tre volte, ma senza successo: la squadra corse ebbe maggior successo con le auto sportive Jaguar.<\/p>\n<ul>\n<li>Modello di precisione in metallo assemblato a mano da 1.155 parti<\/li>\n<li>Cofano pieghevole e bloccabile<\/li>\n<li>Replica fedele all'originale del motore a sei cilindri in linea con tutte le unit\u00e0 aggiuntive e cablaggio completo<\/li>\n<li>Tubi di scarico in metallo<\/li>\n<li>Assale anteriore a braccio sterzante triangolare con ammortizzatori metallici a pressione d'olio<\/li>\n<li>Sospensione a barra di torsione in assetto longitudinale<\/li>\n<li>Assale posteriore rigido con bracci oscillanti e ammortizzatori metallici a pressione d'olio<\/li>\n<li>Sospensione a barra di torsione con disposizione trasversale<\/li>\n<li>Griglia del radiatore in acciaio inox realizzata a mano<\/li>\n<li>Replica dettagliata del sistema di raffreddamento<\/li>\n<li>Percorso dettagliato delle tubazioni dell'olio e del carburante<\/li>\n<li>Tappo del serbatoio mobile<\/li>\n<li>Porta del conducente con cerniere per l'apertura riprodotte in modo autentico<\/li>\n<li>Abitacolo con sedili del conducente e del passeggero anteriore rivestiti in pelle<\/li>\n<li>Ruote a raggi dal design perfetto con raggi in filo d'acciaio inossidabile disegnati e nippati a mano<\/li>\n<li>Bloccaggi centrali delle ruote a vite con filettatura destra\/sinistra<\/li>\n<li>Posizionamento del numero iniziale 19 con il processo di tampografia<\/li>\n<\/ul>\n<p>Numero articolo: M-192<\/p>","protected":false},"excerpt":{"rendered":"<p>M-192 &#8211; 1-brandneu &#8211; 645 \u20ac inkl. 19% Vat<\/p>","protected":false},"featured_media":41178,"comment_status":"open","ping_status":"closed","template":"","meta":{"_acf_changed":false},"product_brand":[537],"product_cat":[18,139,45,21],"product_tag":[666,667],"class_list":{"0":"post-41176","1":"product","2":"type-product","3":"status-publish","4":"has-post-thumbnail","6":"product_brand-cmc","7":"product_cat-cmc","8":"product_cat-jaguar","9":"product_cat-neuzugang","10":"product_cat-verfuegbar","11":"product_tag-goodwood-members-stewart","12":"product_tag-jaguar-c-type-goodwood-members-stewart-19","13":"pa_automarke-jaguar","14":"pa_decade-1950s","15":"pa_fahrzeugtyp-cabrio","16":"pa_farbe-blau","17":"pa_limitiert-ja","18":"pa_massstab-1-18","19":"pa_modelmarke-cmc","20":"pa_modeltyp-alles-zum-oeffnen","21":"pa_modeltyp-fertigmodell","22":"pa_status-beim-hersteller-ausverkauft","23":"pa_verfuegbarkeit-nicht-verfuegbar","24":"pa_zustand_modell-2-neuwertig","25":"pa_zustand_verpackung-2-neuwertig","27":"first","28":"instock","29":"taxable","30":"shipping-taxable","31":"purchasable","32":"product-type-simple"},"acf":[],"jetpack_sharing_enabled":true,"_links":{"self":[{"href":"https:\/\/www.modelcars24.de\/it\/wp-json\/wp\/v2\/product\/41176","targetHints":{"allow":["GET"]}}],"collection":[{"href":"https:\/\/www.modelcars24.de\/it\/wp-json\/wp\/v2\/product"}],"about":[{"href":"https:\/\/www.modelcars24.de\/it\/wp-json\/wp\/v2\/types\/product"}],"replies":[{"embeddable":true,"href":"https:\/\/www.modelcars24.de\/it\/wp-json\/wp\/v2\/comments?post=41176"}],"version-history":[{"count":6,"href":"https:\/\/www.modelcars24.de\/it\/wp-json\/wp\/v2\/product\/41176\/revisions"}],"predecessor-version":[{"id":61923,"href":"https:\/\/www.modelcars24.de\/it\/wp-json\/wp\/v2\/product\/41176\/revisions\/61923"}],"wp:featuredmedia":[{"embeddable":true,"href":"https:\/\/www.modelcars24.de\/it\/wp-json\/wp\/v2\/media\/41178"}],"wp:attachment":[{"href":"https:\/\/www.modelcars24.de\/it\/wp-json\/wp\/v2\/media?parent=41176"}],"wp:term":[{"taxonomy":"product_brand","embeddable":true,"href":"https:\/\/www.modelcars24.de\/it\/wp-json\/wp\/v2\/product_brand?post=41176"},{"taxonomy":"product_cat","embeddable":true,"href":"https:\/\/www.modelcars24.de\/it\/wp-json\/wp\/v2\/product_cat?post=41176"},{"taxonomy":"product_tag","embeddable":true,"href":"https:\/\/www.modelcars24.de\/it\/wp-json\/wp\/v2\/product_tag?post=41176"}],"curies":[{"name":"wp","href":"https:\/\/api.w.org\/{rel}","templated":true}]}}