{"id":43364,"date":"2024-12-29T13:30:23","date_gmt":"2024-12-29T12:30:23","guid":{"rendered":"https:\/\/www.modelcars24.de\/?post_type=product&#038;p=43364"},"modified":"2026-04-24T08:42:59","modified_gmt":"2026-04-24T06:42:59","slug":"ixo-porsche-917-salisburgo-23","status":"publish","type":"product","link":"https:\/\/www.modelcars24.de\/it\/ixo-porsche-917-salzburg-23\/","title":{"rendered":"IXO Porsche 917 Salzburg #23 kit 1:8 - 1\/8"},"content":{"rendered":"<p>IXO Porsche 917 Salzburg #23. Kit di alta qualit\u00e0 in scala 1:8.<\/p>\n<p>La leggenda delle corse, nella sua versione pi\u00f9 completa:<\/p>\n<p>Immergetevi nella storia dell'automobile con il kit completo IXOCOLLECTIONS della Porsche 917 KH Red #23 in scala 1\/8. Questo straordinario modello cattura l'essenza della leggendaria auto da corsa che ha regalato a Porsche la prima vittoria alla 24 Ore di Le Mans nel 1970. Scoprite un'esperienza di modellazione unica e coinvolgente che offre precisione e dettagli senza pari.<\/p>\n<p>Un modello straordinario:<\/p>\n<p>Non si tratta di un semplice modello in miniatura, ma di una vera e propria opera d'arte da costruire personalmente. Con oltre 839 pezzi, di cui 158 in metallo, il kit completo consente di ricreare meticolosamente ogni componente della Porsche 917 KH, dal suo potente motore alle sue iconiche caratteristiche aerodinamiche. Questo modello con licenza ufficiale rende omaggio all'eredit\u00e0 della vettura numero 23 del Team Porsche Salzburg.<\/p>\n<p>Un'esperienza di modellazione senza pari:<\/p>\n<p>Il kit completo IXOCOLLECTIONS offre molto di pi\u00f9 di un semplice modello. \u00c8 un invito a fare un viaggio nel tempo per scoprire la maestria e la passione che hanno portato alla creazione di questa iconica auto da corsa.<\/p>\n<p>Funzioni notevoli:<\/p>\n<p>Replica fedele della Porsche 917 KH #23, vincitrice della 24 Ore di Le Mans del 1970.<\/p>\n<p>Scala 1\/8 per una dimensione impressionante e dettagli precisi<\/p>\n<p>Oltre 839 parti, di cui 158 in metallo per una costruzione robusta e realistica<\/p>\n<p>Le porte, il cofano e il vano motore possono essere aperti per esplorare gli interni dettagliati.<\/p>\n<p>Faretti funzionali per un'immersione totale<\/p>\n<p>Rumori realistici del motore e del clacson<\/p>\n<p>Istruzioni di montaggio dettagliate per un assemblaggio semplice e preciso<\/p>\n<p>Un regalo indimenticabile:<\/p>\n<p>Il kit completo della Porsche 917 KH Red #23 di IXOCOLLECTIONS \u00e8 un regalo indimenticabile per ogni appassionato di auto, modellismo o storia. \u00c8 un pezzo forte che verr\u00e0 esposto con orgoglio in qualsiasi collezione e ammirato da tutti coloro che lo vedranno. Regalate a voi stessi o a una persona cara la possibilit\u00e0 di possedere un pezzo di leggenda automobilistica e di vivere un'esperienza di modellismo unica!<\/p>\n<p>Specifiche:<\/p>\n<p>Scala: 1\/8<\/p>\n<p>Lunghezza: 55,1 cm<\/p>\n<p>Larghezza: 26,06 cm<\/p>\n<p>Altezza: 11,9 cm<\/p>\n<p>Peso: 5,95 kg<\/p>\n<p>Numero di parti: Oltre 839 parti, di cui 158 in metallo<\/p>\n<p>Funzioni: Fari funzionanti, rumori del motore e del clacson<\/p>\n<p>Licenza ufficiale: Porsche<\/p>\n<p>Non perdete l'opportunit\u00e0 di possedere un pezzo di storia dell'automobile!<\/p>\n<p>Numero articolo: IXC.POR.23.FK<\/p>","protected":false},"excerpt":{"rendered":"<p>IXC.POR.23.FK - 1 nuovo - invece di \u20ac 990,00 ora \u20ac 899,00 IVA inclusa 19%<\/p>","protected":false},"featured_media":43362,"comment_status":"open","ping_status":"closed","template":"","meta":[],"product_brand":[839],"product_cat":[417,56,21],"product_tag":[460,265,263],"class_list":{"0":"post-43364","1":"product","2":"type-product","3":"status-publish","4":"has-post-thumbnail","6":"product_brand-ixo","7":"product_cat-ixo","8":"product_cat-porsche","9":"product_cat-verfuegbar","10":"product_tag-ixo","11":"product_tag-porsche","12":"product_tag-vorbestellbar","13":"product_shipping_class-sperrgut","14":"pa_automarke-porsche","15":"pa_decade-1960s","16":"pa_fahrzeugtyp-gt-rennen","17":"pa_limitiert-nein","18":"pa_massstab-1-8","19":"pa_modelmarke-ixo","20":"pa_modeltyp-alles-zum-oeffnen","21":"pa_modeltyp-bausatz","22":"pa_status-beim-hersteller-verfuegbar","23":"pa_verfuegbarkeit-sofort-verfuegbar","24":"pa_zustand_modell-1-brandneu","25":"pa_zustand_verpackung-1-brandneu","27":"first","28":"outofstock","29":"sale","30":"taxable","31":"shipping-taxable","32":"purchasable","33":"product-type-simple"},"jetpack_sharing_enabled":true,"_links":{"self":[{"href":"https:\/\/www.modelcars24.de\/it\/wp-json\/wp\/v2\/product\/43364","targetHints":{"allow":["GET"]}}],"collection":[{"href":"https:\/\/www.modelcars24.de\/it\/wp-json\/wp\/v2\/product"}],"about":[{"href":"https:\/\/www.modelcars24.de\/it\/wp-json\/wp\/v2\/types\/product"}],"replies":[{"embeddable":true,"href":"https:\/\/www.modelcars24.de\/it\/wp-json\/wp\/v2\/comments?post=43364"}],"version-history":[{"count":5,"href":"https:\/\/www.modelcars24.de\/it\/wp-json\/wp\/v2\/product\/43364\/revisions"}],"predecessor-version":[{"id":58624,"href":"https:\/\/www.modelcars24.de\/it\/wp-json\/wp\/v2\/product\/43364\/revisions\/58624"}],"wp:featuredmedia":[{"embeddable":true,"href":"https:\/\/www.modelcars24.de\/it\/wp-json\/wp\/v2\/media\/43362"}],"wp:attachment":[{"href":"https:\/\/www.modelcars24.de\/it\/wp-json\/wp\/v2\/media?parent=43364"}],"wp:term":[{"taxonomy":"product_brand","embeddable":true,"href":"https:\/\/www.modelcars24.de\/it\/wp-json\/wp\/v2\/product_brand?post=43364"},{"taxonomy":"product_cat","embeddable":true,"href":"https:\/\/www.modelcars24.de\/it\/wp-json\/wp\/v2\/product_cat?post=43364"},{"taxonomy":"product_tag","embeddable":true,"href":"https:\/\/www.modelcars24.de\/it\/wp-json\/wp\/v2\/product_tag?post=43364"}],"curies":[{"name":"wp","href":"https:\/\/api.w.org\/{rel}","templated":true}]}}