{"id":43855,"date":"2025-08-19T00:00:00","date_gmt":"2025-08-18T22:00:00","guid":{"rendered":"https:\/\/www.modelcars24.de\/?post_type=product&#038;p=43855"},"modified":"2026-05-01T13:33:02","modified_gmt":"2026-05-01T11:33:02","slug":"cmc-mercedes-benz-300-slr-uhlenhaut-coupe-1955","status":"publish","type":"product","link":"https:\/\/www.modelcars24.de\/it\/cmc-mercedes-benz-300-slr-uhlenhaut-coupe-1955\/","title":{"rendered":"CMC Mercedes-Benz 300 SLR, Coup\u00e9 Uhlenhaut, 1955, 2a serie - 1\/18"},"content":{"rendered":"<h3>CMC Mercedes-Benz 300 SLR Uhlenhaut Coup\u00e9, 1955<\/h3>\n<p>La cosiddetta \u201cUhlenhaut Coup\u00e9\u201d \u00e8 una delle icone della storia del marchio Mercedes-Benz. Ne furono costruiti solo due esemplari, ufficialmente come prototipi da corsa. Sotto l'elegante carrozzeria si nascondeva la tecnologia della 300 SLR da corsa a cielo aperto; la coup\u00e9 doveva essere utilizzata nelle corse come versione chiusa. Poich\u00e9 Mercedes-Benz termin\u00f2 il suo impegno nel motorsport dopo la stagione 1955, non fu pi\u00f9 utilizzata.<\/p>\n<p>Dettagli della CMC Mercedes-Benz 300 SLR<\/p>\n<div>\n<ul>\n<li>La struttura del tetto della coup\u00e9 ricorda la cabina di pilotaggio di un pilota. I sedili sono rivestiti in tessuto a scacchi.<\/li>\n<li>L'interno \u00e8 fedelmente rivestito in pelle rossa.<\/li>\n<li>La cabina di pilotaggio contiene una strumentazione completa, compresi tutti i comandi come interruttori e leve.<\/li>\n<li>Dettagli fedeli all'originale<\/li>\n<li>Nel bagagliaio sono presenti due ruote di scorta rimovibili, abbinate alle dimensioni delle ruote anteriori e posteriori.<\/li>\n<li>I tubi laterali che sporgono dalle aperture di ventilazione sono in acciaio inox. Lo sportello di manutenzione del motore pu\u00f2 essere rimosso. \u00c8 tenuto in posizione da piccoli magneti<\/li>\n<li>Motore a otto cilindri in linea altamente dettagliato in posizione di montaggio inclinata, con tutte le unit\u00e0 aggiuntive e le tubature e i cablaggi completi<\/li>\n<li>Barra di supporto per il fissaggio del cofano aperto<\/li>\n<li>Finestre di ventilazione a cerniera integrate nei finestrini laterali<\/li>\n<li>Ruote a raggi con cerchi in alluminio e raggi in filo d'acciaio inox disegnati a mano con nippli<\/li>\n<li>Presa d'aria coperta da griglia di protezione in metallo filigranato per la ventilazione del motore<\/li>\n<li>I blocchi centrali a tre ali consentono di rimuovere le ruote. La geometria delle ali \u00e8 adattata alla fiancata del veicolo.<\/li>\n<li>Sezione posteriore di successo con stella Mercedes, scritta 300 SLR e targhetta D<\/li>\n<\/ul>\n<\/div>\n<div>\n<p>Caratteristica speciale:<\/p>\n<ul>\n<li>Sportello rimovibile per la manutenzione del motore destro. L'aletta \u00e8 inclusa nella confezione e pu\u00f2 essere montata con l'adesivo magnetico.<\/li>\n<li>Finestrini di ventilazione incernierati, integrati nei finestrini laterali (vedi istruzioni per l'uso)<\/li>\n<\/ul>\n<\/div>\n<p>Numero articolo: M-076<\/p>","protected":false},"excerpt":{"rendered":"<p>1:18 &#8211; M-076 &#8211; 1-brandneu &#8211; anstatt 577,00 \u20ac jetzt 485,00 \u20ac inkl. 19% Vat<\/p>","protected":false},"featured_media":43857,"comment_status":"open","ping_status":"closed","template":"","meta":{"_acf_changed":false},"product_brand":[537],"product_cat":[960,18,19,20,21],"product_tag":[624,606,748],"class_list":{"0":"post-43855","1":"product","2":"type-product","3":"status-publish","4":"has-post-thumbnail","6":"product_brand-cmc","7":"product_cat-aktion","8":"product_cat-cmc","9":"product_cat-mercedes-benz","10":"product_cat-titel","11":"product_cat-verfuegbar","12":"product_tag-mercedes-benz-300-slr","13":"product_tag-uhlenhaut-coupe","14":"product_tag-ulhlenhaut-coupe","15":"pa_automarke-mercedes","16":"pa_decade-1950s","17":"pa_fahrzeugtyp-gt-rennen","18":"pa_massstab-1-18","19":"pa_modelmarke-cmc","20":"pa_modeltyp-alles-zum-oeffnen","21":"pa_modeltyp-fertigmodell","22":"pa_zustand_modell-1-brandneu","23":"pa_zustand_verpackung-1-brandneu","25":"first","26":"instock","27":"sale","28":"taxable","29":"shipping-taxable","30":"purchasable","31":"product-type-simple"},"acf":[],"jetpack_sharing_enabled":true,"_links":{"self":[{"href":"https:\/\/www.modelcars24.de\/it\/wp-json\/wp\/v2\/product\/43855","targetHints":{"allow":["GET"]}}],"collection":[{"href":"https:\/\/www.modelcars24.de\/it\/wp-json\/wp\/v2\/product"}],"about":[{"href":"https:\/\/www.modelcars24.de\/it\/wp-json\/wp\/v2\/types\/product"}],"replies":[{"embeddable":true,"href":"https:\/\/www.modelcars24.de\/it\/wp-json\/wp\/v2\/comments?post=43855"}],"version-history":[{"count":6,"href":"https:\/\/www.modelcars24.de\/it\/wp-json\/wp\/v2\/product\/43855\/revisions"}],"predecessor-version":[{"id":58650,"href":"https:\/\/www.modelcars24.de\/it\/wp-json\/wp\/v2\/product\/43855\/revisions\/58650"}],"wp:featuredmedia":[{"embeddable":true,"href":"https:\/\/www.modelcars24.de\/it\/wp-json\/wp\/v2\/media\/43857"}],"wp:attachment":[{"href":"https:\/\/www.modelcars24.de\/it\/wp-json\/wp\/v2\/media?parent=43855"}],"wp:term":[{"taxonomy":"product_brand","embeddable":true,"href":"https:\/\/www.modelcars24.de\/it\/wp-json\/wp\/v2\/product_brand?post=43855"},{"taxonomy":"product_cat","embeddable":true,"href":"https:\/\/www.modelcars24.de\/it\/wp-json\/wp\/v2\/product_cat?post=43855"},{"taxonomy":"product_tag","embeddable":true,"href":"https:\/\/www.modelcars24.de\/it\/wp-json\/wp\/v2\/product_tag?post=43855"}],"curies":[{"name":"wp","href":"https:\/\/api.w.org\/{rel}","templated":true}]}}