{"id":44368,"date":"2024-01-28T00:00:00","date_gmt":"2024-01-27T23:00:00","guid":{"rendered":"https:\/\/www.modelcars24.de\/?post_type=product&#038;p=44368"},"modified":"2026-04-06T12:36:14","modified_gmt":"2026-04-06T10:36:14","slug":"cmc-mercedes-benz-camion-lo-2750-1934-38-versione-con-finitura-trasparente","status":"publish","type":"product","link":"https:\/\/www.modelcars24.de\/it\/cmc-mercedes-benz-lkw-lo-2750-1934-38-clear-finish-version\/","title":{"rendered":"CMC Mercedes-Benz camion LO 2750, 1934-38, versione trasparente - 1\/18"},"content":{"rendered":"<h3>Camion CMC Mercedes-Benz LO 2750, 1934-38, versione con finitura trasparente<\/h3>\n<p>Alla fine degli anni Venti, nello stabilimento Daimler-Benz di Gaggenau inizi\u00f2 una nuova era nella costruzione di autocarri. L'azienda fu audace e dal 1932 present\u00f2 per la prima volta una serie di autocarri dotati di motori diesel di serie. In breve tempo, il motore diesel sostitu\u00ec il motore a benzina che era stato comunemente utilizzato fino a quel momento e divenne la misura di tutte le cose grazie alla sua economia e all'elevata affidabilit\u00e0. Nasce una nuova generazione di autocarri con un'ampia gamma di modelli.<\/p>\n<ul>\n<li>Modello di precisione in metallo assemblato a mano e composto da 2.059 parti<\/li>\n<li>Fedele all'originale, corpo a piattaforma aperta<\/li>\n<li>Tutti i raccordi della sponda posteriore sono in metallo<\/li>\n<li>Alza-coda in vero legno e ripiegabili<\/li>\n<li>Riproduzione fedele del motore diesel a 4 cilindri in linea con tutte le unit\u00e0 aggiuntive, comprese le tubature<\/li>\n<li>Cofano rimovibile in tre parti con ganci a molla per il bloccaggio<\/li>\n<li>Radiatore artigianale in acciaio inox con bocchettone svitabile e stella Mercedes applicata (attenzione: rischio di rottura, osservare le istruzioni per l'uso).<\/li>\n<li>Cabina di guida dal design accattivante con leva del freno a mano mobile e parabrezza apribile. Panche rivestite in pelle e rimovibili.<\/li>\n<li>Apertura delle porte e indicatori di direzione funzionali (indicatori)<\/li>\n<li>Serbatoio in metallo sotto la panca del sedile del passeggero con tappo di rifornimento apribile<\/li>\n<li>Cassetta degli attrezzi, montata sul lato sinistro del telaio, apribile<\/li>\n<li>Ruota di scorta rimovibile sotto il pianale della piattaforma nella parte posteriore del veicolo<\/li>\n<li>Assali anteriori e posteriori in metallo. Pianale dettagliato con robusto telaio in metallo e molle semiellittiche anteriori e posteriori fedelmente riprodotte.<\/li>\n<li>Superfici metalliche sigillate con vernice trasparente.<\/li>\n<\/ul>\n<p><u>Spiegazione Designazione del tipo \u201eLO 2750\u201c:<\/u><\/p>\n<p>Numero 2750 = carico utile in chili<\/p>\n<p>\u201eTelaio \u201cL\" per autocarri (L) e<\/p>\n<p>\u201eI bus \u201cO\" (O) possono essere utilizzati<br \/>\nNumero articolo: M-171<\/p>","protected":false},"excerpt":{"rendered":"<p>M-171 &#8211; 1-brandneu &#8211; anstatt 759,00 \u20ac jetzt 565,00 \u20ac inkl. 19% Vat<\/p>","protected":false},"featured_media":48995,"comment_status":"open","ping_status":"closed","template":"","meta":[],"product_brand":[537],"product_cat":[960,18,85,19,20,21],"product_tag":[728,729,494,730],"class_list":{"0":"post-44368","1":"product","2":"type-product","3":"status-publish","4":"has-post-thumbnail","6":"product_brand-cmc","7":"product_cat-aktion","8":"product_cat-cmc","9":"product_cat-coupon","10":"product_cat-mercedes-benz","11":"product_cat-titel","12":"product_cat-verfuegbar","13":"product_tag-1934-38","14":"product_tag-clear-finish-version","15":"product_tag-cmc-mercedes-benz-lkw","16":"product_tag-cmc-mercedes-benz-lkw-lo-2750","17":"pa_automarke-mercedes","18":"pa_decade-1930s","19":"pa_fahrzeugtyp-lastwagen","20":"pa_massstab-1-18","21":"pa_modelmarke-cmc","22":"pa_modeltyp-alles-zum-oeffnen","23":"pa_modeltyp-fertigmodell","24":"pa_zustand_modell-1-brandneu","25":"pa_zustand_verpackung-1-brandneu","27":"first","28":"outofstock","29":"sale","30":"taxable","31":"shipping-taxable","32":"purchasable","33":"product-type-simple"},"jetpack_sharing_enabled":true,"_links":{"self":[{"href":"https:\/\/www.modelcars24.de\/it\/wp-json\/wp\/v2\/product\/44368","targetHints":{"allow":["GET"]}}],"collection":[{"href":"https:\/\/www.modelcars24.de\/it\/wp-json\/wp\/v2\/product"}],"about":[{"href":"https:\/\/www.modelcars24.de\/it\/wp-json\/wp\/v2\/types\/product"}],"replies":[{"embeddable":true,"href":"https:\/\/www.modelcars24.de\/it\/wp-json\/wp\/v2\/comments?post=44368"}],"version-history":[{"count":0,"href":"https:\/\/www.modelcars24.de\/it\/wp-json\/wp\/v2\/product\/44368\/revisions"}],"wp:featuredmedia":[{"embeddable":true,"href":"https:\/\/www.modelcars24.de\/it\/wp-json\/wp\/v2\/media\/48995"}],"wp:attachment":[{"href":"https:\/\/www.modelcars24.de\/it\/wp-json\/wp\/v2\/media?parent=44368"}],"wp:term":[{"taxonomy":"product_brand","embeddable":true,"href":"https:\/\/www.modelcars24.de\/it\/wp-json\/wp\/v2\/product_brand?post=44368"},{"taxonomy":"product_cat","embeddable":true,"href":"https:\/\/www.modelcars24.de\/it\/wp-json\/wp\/v2\/product_cat?post=44368"},{"taxonomy":"product_tag","embeddable":true,"href":"https:\/\/www.modelcars24.de\/it\/wp-json\/wp\/v2\/product_tag?post=44368"}],"curies":[{"name":"wp","href":"https:\/\/api.w.org\/{rel}","templated":true}]}}