{"id":45094,"date":"2021-08-19T11:54:30","date_gmt":"2021-08-19T09:54:30","guid":{"rendered":"https:\/\/www.modelcars24.de\/?post_type=product&#038;p=45094"},"modified":"2026-01-23T15:28:55","modified_gmt":"2026-01-23T14:28:55","slug":"cmc-mercedes-benz-slr-mclaren-4","status":"publish","type":"product","link":"https:\/\/www.modelcars24.de\/it\/cmc-mercedes-benz-slr-mclaren-4\/","title":{"rendered":"CMC Mercedes-Benz SLR McLaren \u2013 1\/12"},"content":{"rendered":"<p>CMC Mercedes-Benz SLR McLaren, modello da collezione in metallo altamente dettagliato, parti aggiuntive cromate in gran parte in metallo, assemblato a mano, materiali fedeli all'originale, sedili in pelle o imbottiti, versione dettagliata dell'originale, molte funzioni e dettagli.<\/p>\n<p>Il capolavoro CMC in scala 1:12 della Mercedes-Benz SLR McLaren ridefinisce i limiti della modellistica di alta gamma. Realizzato con oltre 1.200 singoli componenti, questo modello di grandi dimensioni colpisce per un'incomparabile profondit\u00e0 di dettaglio che far\u00e0 battere pi\u00f9 forte il cuore di ogni collezionista. Le iconiche porte a farfalla rivelano un abitacolo dotato di vera pelle e strumenti precisi. Sotto il cofano ampiamente oscillante si trova il motore V8 meticolosamente riprodotto con cablaggi complessi. La pesante qualit\u00e0 di fusione in metallo incontra qui una meccanica raffinata e una verniciatura impeccabile. Questo modello non \u00e8 una semplice miniatura, ma un imponente omaggio a una leggenda automobilistica.<\/p>\n<p>Numero articolo: C-006D<\/p>\n<p>2 nuovi<\/p>","protected":false},"excerpt":{"rendered":"<p>C-006D &#8211; 2-neuwertig &#8211; 2500,00 \u20ac<\/p>","protected":false},"featured_media":59961,"comment_status":"open","ping_status":"closed","template":"","meta":[],"product_brand":[537],"product_cat":[18,19,34],"product_tag":[],"class_list":{"0":"post-45094","1":"product","2":"type-product","3":"status-publish","4":"has-post-thumbnail","6":"product_brand-cmc","7":"product_cat-cmc","8":"product_cat-mercedes-benz","9":"product_cat-nicht-verfuegbar","10":"pa_automarke-mercedes","11":"pa_decade-1990s","12":"pa_fahrzeugtyp-coupe","13":"pa_massstab-1-18","14":"pa_modelmarke-cmc","15":"pa_modeltyp-alles-zum-oeffnen","16":"pa_modeltyp-fertigmodell","17":"pa_zustand_modell-2-neuwertig","18":"pa_zustand_verpackung-2-neuwertig","20":"first","21":"outofstock","22":"purchasable","23":"product-type-simple"},"jetpack_sharing_enabled":true,"_links":{"self":[{"href":"https:\/\/www.modelcars24.de\/it\/wp-json\/wp\/v2\/product\/45094","targetHints":{"allow":["GET"]}}],"collection":[{"href":"https:\/\/www.modelcars24.de\/it\/wp-json\/wp\/v2\/product"}],"about":[{"href":"https:\/\/www.modelcars24.de\/it\/wp-json\/wp\/v2\/types\/product"}],"replies":[{"embeddable":true,"href":"https:\/\/www.modelcars24.de\/it\/wp-json\/wp\/v2\/comments?post=45094"}],"version-history":[{"count":5,"href":"https:\/\/www.modelcars24.de\/it\/wp-json\/wp\/v2\/product\/45094\/revisions"}],"predecessor-version":[{"id":59963,"href":"https:\/\/www.modelcars24.de\/it\/wp-json\/wp\/v2\/product\/45094\/revisions\/59963"}],"wp:featuredmedia":[{"embeddable":true,"href":"https:\/\/www.modelcars24.de\/it\/wp-json\/wp\/v2\/media\/59961"}],"wp:attachment":[{"href":"https:\/\/www.modelcars24.de\/it\/wp-json\/wp\/v2\/media?parent=45094"}],"wp:term":[{"taxonomy":"product_brand","embeddable":true,"href":"https:\/\/www.modelcars24.de\/it\/wp-json\/wp\/v2\/product_brand?post=45094"},{"taxonomy":"product_cat","embeddable":true,"href":"https:\/\/www.modelcars24.de\/it\/wp-json\/wp\/v2\/product_cat?post=45094"},{"taxonomy":"product_tag","embeddable":true,"href":"https:\/\/www.modelcars24.de\/it\/wp-json\/wp\/v2\/product_tag?post=45094"}],"curies":[{"name":"wp","href":"https:\/\/api.w.org\/{rel}","templated":true}]}}