{"id":45998,"date":"2025-04-02T10:01:00","date_gmt":"2025-04-02T08:01:00","guid":{"rendered":"https:\/\/www.modelcars24.de\/?post_type=product&#038;p=45998"},"modified":"2025-12-10T13:37:40","modified_gmt":"2025-12-10T12:37:40","slug":"cmc-porsche-904-carrera-gts-pebble-beach","status":"publish","type":"product","link":"https:\/\/www.modelcars24.de\/it\/cmc-porsche-904-carrera-gts-pebble-beach\/","title":{"rendered":"CMC Porsche 904 Carrera GTS Asta di Pebble Beach 2017, #42 M-234 - 1\/18"},"content":{"rendered":"<h2>CMC Porsche 904 Carrera GTS Asta di Pebble Beach 2017, #42. M-234<\/h2>\n<p>Modello da collezione di alta qualit\u00e0 in scala 1:18.<\/p>\n<p>Secondo il certificato di nascita del veicolo con numero di telaio 904-042, \u00e8 stato prodotto nel marzo 1964 in argento metallizzato con tappezzeria in velluto blu. Questo veicolo \u00e8 stato<br \/>\nuno dei 24 esemplari esportati negli Stati Uniti quell'anno. Fu originariamente venduta a Reviere Motors da Knute Qvale a Portland, Oregon. La nuova 904 GTS fu utilizzata per le gare con Mike Eyerly o Gary Wright al volante. Durante la stagione agonistica 1964, i due piloti portarono la 904-042 a diverse vittorie.<br \/>\ne di piazzamenti sul podio. Nel 1964 la coppia ha ottenuto i seguenti successi:<\/p>\n<p>USRRC-GT Kent: 5\u00b0 posto assoluto, 1\u00b0 di classe; Westwood Players\u2019 Pacific: 3\u00b0 posto assoluto, 2\u00b0 di classe; Portland International Raceway GT race: 1\u00b0 posto; Portland International Raceway Rose Cup: 1\u00b0 posto; giugno 1964 SCCA Regional Oregon Production: 1\u00b0 posto; luglio 1964 SCCA Regional Oregon Production: 1\u00b0 posto; SCCA Regional Oregon Modified: 2\u00b0 posto; SCCA Divisional Kent: 2\u00b0 posto; ottobre 1954 SCCA Regional Oregon Production: 3\u00b0 posto.<\/p>\n<p>Dopo il successo della stagione di debutto, la 904-042 fu sottoposta a un kit di aggiornamento per il 1965. Questo pacchetto comprendeva, tra le altre cose, un nuovo motore 587\/3 (numero 99156)<br \/>\ncon un albero a camme speciale, uno scarico a megafono e un sistema di bypass dell'olio motore estremamente veloce e potente, conforme alle specifiche di Le Mans. Mike Eyerly gareggi\u00f2 con successo con la 904-042 fino al luglio 1965, quando l'auto fu venduta al pilota del Pacifico nord-occidentale Wade Carter. Con la 904-042, Carter si classific\u00f2 quinto nel campionato SCCA Pacific Coast del 1965 e vinse entrambi i campionati SCCA Production dell'Oregon e del Nord-Ovest nel 1966. Continu\u00f2 a guidare l'auto anche nel 1967, vincendo due gare nel Kent. Dopo che Wade Carter mise in vendita la 904-042 nel 1967, l'auto pass\u00f2 di mano diverse volte prima che Jeffrey Keiner di Orlando, Florida, la acquistasse intorno al 1983.<\/p>\n<p>Come attivo pilota di auto d'epoca, Keiner era anche un serio collezionista con un'impressionante collezione di Porsche. Dopo un restauro completo e la verniciatura della vettura<br \/>\nNel colore rosso e argento che esiste ancora oggi, Keiner ha partecipato a numerose gare di auto d'epoca e concours negli Stati Uniti con questa 904. Keiner commenta: \u201eLa 904-042 \u00e8 assolutamente autentica nella sua forma attuale. L'auto \u00e8 stata spesso esposta in occasione di concours storici ed \u00e8 molto conosciuta nel circuito delle corse di auto d'epoca. L'auto non solo \u00e8 preparata per le corse, ma \u00e8 in perfette condizioni sotto ogni punto di vista e ha vinto molte mostre e premi, tra cui il Montique Thomas Tieneer's Award per la sua perfetta ingegneria, il Peter Gregg Memorial Trophy, First in Class al Meadow Brook Concours d'Elegance, First in Class per tre volte consecutive al Chicago Historic Races Concours, vincitrice del Chesrown Concours Award al Mid-Ohio Historic Races ed \u00e8 stata anche First in Class in molti eventi di corse d'epoca e storiche.\u201c<br \/>\nIl 904-042 \u00e8 un impressionante veicolo da competizione contemporaneo e gode di un'ottima reputazione tra gli specialisti del marchio.<br \/>\nNumero articolo: M-234<\/p>","protected":false},"excerpt":{"rendered":"<p>M-234 &#8211; 1-brandneu &#8211; anstatt 697,00 \u20ac jetzt 585,00 \u20ac inkl. 19% Vat<\/p>","protected":false},"featured_media":48822,"comment_status":"open","ping_status":"closed","template":"","meta":{"_acf_changed":false},"product_brand":[537],"product_cat":[18,56,21],"product_tag":[78,46,265,263],"class_list":{"0":"post-45998","1":"product","2":"type-product","3":"status-publish","4":"has-post-thumbnail","6":"product_brand-cmc","7":"product_cat-cmc","8":"product_cat-porsche","9":"product_cat-verfuegbar","10":"product_tag-angebot","11":"product_tag-cmc","12":"product_tag-porsche","13":"product_tag-vorbestellbar","14":"pa_automarke-porsche","15":"pa_decade-1960s","16":"pa_fahrzeugtyp-gt-rennen","17":"pa_massstab-1-18","18":"pa_modelmarke-cmc","19":"pa_modeltyp-alles-zum-oeffnen","20":"pa_modeltyp-fertigmodell","21":"pa_verfuegbarkeit-sofort-verfuegbar","22":"pa_zustand_modell-1-brandneu","23":"pa_zustand_verpackung-1-brandneu","25":"first","26":"instock","27":"sale","28":"taxable","29":"shipping-taxable","30":"purchasable","31":"product-type-simple"},"acf":[],"jetpack_sharing_enabled":true,"_links":{"self":[{"href":"https:\/\/www.modelcars24.de\/it\/wp-json\/wp\/v2\/product\/45998","targetHints":{"allow":["GET"]}}],"collection":[{"href":"https:\/\/www.modelcars24.de\/it\/wp-json\/wp\/v2\/product"}],"about":[{"href":"https:\/\/www.modelcars24.de\/it\/wp-json\/wp\/v2\/types\/product"}],"replies":[{"embeddable":true,"href":"https:\/\/www.modelcars24.de\/it\/wp-json\/wp\/v2\/comments?post=45998"}],"version-history":[{"count":6,"href":"https:\/\/www.modelcars24.de\/it\/wp-json\/wp\/v2\/product\/45998\/revisions"}],"predecessor-version":[{"id":58738,"href":"https:\/\/www.modelcars24.de\/it\/wp-json\/wp\/v2\/product\/45998\/revisions\/58738"}],"wp:featuredmedia":[{"embeddable":true,"href":"https:\/\/www.modelcars24.de\/it\/wp-json\/wp\/v2\/media\/48822"}],"wp:attachment":[{"href":"https:\/\/www.modelcars24.de\/it\/wp-json\/wp\/v2\/media?parent=45998"}],"wp:term":[{"taxonomy":"product_brand","embeddable":true,"href":"https:\/\/www.modelcars24.de\/it\/wp-json\/wp\/v2\/product_brand?post=45998"},{"taxonomy":"product_cat","embeddable":true,"href":"https:\/\/www.modelcars24.de\/it\/wp-json\/wp\/v2\/product_cat?post=45998"},{"taxonomy":"product_tag","embeddable":true,"href":"https:\/\/www.modelcars24.de\/it\/wp-json\/wp\/v2\/product_tag?post=45998"}],"curies":[{"name":"wp","href":"https:\/\/api.w.org\/{rel}","templated":true}]}}