{"id":49015,"date":"2025-08-01T10:29:40","date_gmt":"2025-08-01T08:29:40","guid":{"rendered":"https:\/\/www.modelcars24.de\/?post_type=product&#038;p=49015"},"modified":"2026-02-27T10:54:12","modified_gmt":"2026-02-27T09:54:12","slug":"cmc-ferrari-250-lm-telaio-rotabile-techno-classica-2025","status":"publish","type":"product","link":"https:\/\/www.modelcars24.de\/it\/cmc-ferrari-250-lm-rolling-chassis-techno-classica-2025\/","title":{"rendered":"CMC Ferrari 250 LM Rolling Chassis, Techno Classica 2025 + Carrozzeria in vetrina, nero M-289 - 1\/18"},"content":{"rendered":"<p>CMC Ferrari 250 LM Rolling Chassis, Techno Classica 2025 + Carrozzeria in vetrina, nero M-289, limitato a 200 pezzi. CMC lancia ancora una volta un modello speciale Techno Classica. Il 2025 \u00e8 un telaio Ferrari 250 LM con carrozzeria nera in una vetrina di alta qualit\u00e0. Rispetto al modello analogo con carrozzeria rossa, la Techno Classica \u00e8 molto pi\u00f9 dettagliata e presenta, ad esempio, sedili e cruscotto M-289 \u00e8 limitata a soli 200 pezzi.<\/p>\n<p>Numero articolo: M-289<\/p>","protected":false},"excerpt":{"rendered":"<p>1:18 &#8211; M-289 &#8211; 1-brandneu- anstatt 809,00 \u20ac jetzt 785,00 \u20ac inkl 19% Vat<\/p>","protected":false},"featured_media":51856,"comment_status":"open","ping_status":"closed","template":"","meta":[],"product_brand":[537],"product_cat":[18,63,21],"product_tag":[505,46,209,263],"class_list":{"0":"post-49015","1":"product","2":"type-product","3":"status-publish","4":"has-post-thumbnail","6":"product_brand-cmc","7":"product_cat-cmc","8":"product_cat-ferrari","9":"product_cat-verfuegbar","10":"product_tag-1-o","11":"product_tag-cmc","12":"product_tag-ferrari","13":"product_tag-vorbestellbar","14":"pa_automarke-ferrari","15":"pa_decade-1960s","16":"pa_fahrzeugtyp-coupe","17":"pa_massstab-1-18","18":"pa_modelmarke-cmc","19":"pa_modeltyp-alles-zum-oeffnen","20":"pa_modeltyp-fertigmodell","21":"pa_status-beim-hersteller-verfuegbar","22":"pa_verfuegbarkeit-vorbestellbar","23":"pa_zustand_modell-1-brandneu","24":"pa_zustand_verpackung-1-brandneu","26":"first","27":"instock","28":"taxable","29":"shipping-taxable","30":"purchasable","31":"product-type-simple"},"jetpack_sharing_enabled":true,"_links":{"self":[{"href":"https:\/\/www.modelcars24.de\/it\/wp-json\/wp\/v2\/product\/49015","targetHints":{"allow":["GET"]}}],"collection":[{"href":"https:\/\/www.modelcars24.de\/it\/wp-json\/wp\/v2\/product"}],"about":[{"href":"https:\/\/www.modelcars24.de\/it\/wp-json\/wp\/v2\/types\/product"}],"replies":[{"embeddable":true,"href":"https:\/\/www.modelcars24.de\/it\/wp-json\/wp\/v2\/comments?post=49015"}],"version-history":[{"count":11,"href":"https:\/\/www.modelcars24.de\/it\/wp-json\/wp\/v2\/product\/49015\/revisions"}],"predecessor-version":[{"id":58761,"href":"https:\/\/www.modelcars24.de\/it\/wp-json\/wp\/v2\/product\/49015\/revisions\/58761"}],"wp:featuredmedia":[{"embeddable":true,"href":"https:\/\/www.modelcars24.de\/it\/wp-json\/wp\/v2\/media\/51856"}],"wp:attachment":[{"href":"https:\/\/www.modelcars24.de\/it\/wp-json\/wp\/v2\/media?parent=49015"}],"wp:term":[{"taxonomy":"product_brand","embeddable":true,"href":"https:\/\/www.modelcars24.de\/it\/wp-json\/wp\/v2\/product_brand?post=49015"},{"taxonomy":"product_cat","embeddable":true,"href":"https:\/\/www.modelcars24.de\/it\/wp-json\/wp\/v2\/product_cat?post=49015"},{"taxonomy":"product_tag","embeddable":true,"href":"https:\/\/www.modelcars24.de\/it\/wp-json\/wp\/v2\/product_tag?post=49015"}],"curies":[{"name":"wp","href":"https:\/\/api.w.org\/{rel}","templated":true}]}}