{"id":51686,"date":"2025-06-11T12:23:41","date_gmt":"2025-06-11T10:23:41","guid":{"rendered":"https:\/\/www.modelcars24.de\/?post_type=product&#038;p=51686"},"modified":"2026-04-28T10:05:11","modified_gmt":"2026-04-28T08:05:11","slug":"bbr-alfa-romeo-33-stradale-arancione","status":"publish","type":"product","link":"https:\/\/www.modelcars24.de\/it\/bbr-alfa-romeo-33-stradale-arancione\/","title":{"rendered":"BBR Alfa Romeo 33 Stradale Arancione - 1\/18"},"content":{"rendered":"<p>BBR Alfa Romeo 33 Stradale Arancione. Modello da collezione di alta qualit\u00e0 in scala 1:18, senza cofano in acrilico e con confezione esterna grigia anzich\u00e9 nera.<br \/>\nIspirata all'omonima e leggendaria icona Alfa Romeo del 1967, la 33 Stradale 2023 sta vivendo una rinascita, rivitalizzando una delle auto pi\u00f9 desiderate di tutti i tempi e portandola nel futuro. \u00c8 stata prodotta in soli 33 esemplari e - uno dei suoi punti di forza - offre ai clienti la massima libert\u00e0 di personalizzare la propria vettura in stretta collaborazione con la \u201eBottega\u201c dei talentuosi artigiani Alfa Romeo. In stretta collaborazione con il Centro Stile Alfa Romeo, BBR presenta un'auto - un capolavoro di design e ingegneria che sta finalmente diventando realt\u00e0.<\/p>\n<p>Numero articolo: P18264C<\/p>\n<p>A1-nuovo con cofano in acrilico<\/p>","protected":false},"excerpt":{"rendered":"<p>P18264C &#8211; preorder &#8211; anstatt 467,00 \u20ac jetzt 420,00 \u20ac inkl. 19% Vat<\/p>","protected":false},"featured_media":51668,"comment_status":"closed","ping_status":"closed","template":"","meta":{"_acf_changed":false},"product_brand":[851],"product_cat":[100,169,217,262],"product_tag":[],"class_list":{"0":"post-51686","1":"product","2":"type-product","3":"status-publish","4":"has-post-thumbnail","6":"product_brand-bbr","7":"product_cat-alfa-romeo","8":"product_cat-bbr","9":"product_cat-sofort-verfuegbar","10":"product_cat-vorbestellbar","11":"pa_automarke-alfa-romeo","12":"pa_decade-2020s","13":"pa_fahrzeugtyp-coupe","14":"pa_massstab-1-18","15":"pa_modelmarke-bbr","16":"pa_modeltyp-fertigmodell","17":"pa_modeltyp-geschlossen","18":"pa_zustand_modell-1-brandneu","19":"pa_zustand_verpackung-1-brandneu","21":"first","22":"instock","23":"sale","24":"taxable","25":"shipping-taxable","26":"purchasable","27":"product-type-simple"},"acf":[],"jetpack_sharing_enabled":true,"_links":{"self":[{"href":"https:\/\/www.modelcars24.de\/it\/wp-json\/wp\/v2\/product\/51686","targetHints":{"allow":["GET"]}}],"collection":[{"href":"https:\/\/www.modelcars24.de\/it\/wp-json\/wp\/v2\/product"}],"about":[{"href":"https:\/\/www.modelcars24.de\/it\/wp-json\/wp\/v2\/types\/product"}],"replies":[{"embeddable":true,"href":"https:\/\/www.modelcars24.de\/it\/wp-json\/wp\/v2\/comments?post=51686"}],"version-history":[{"count":4,"href":"https:\/\/www.modelcars24.de\/it\/wp-json\/wp\/v2\/product\/51686\/revisions"}],"predecessor-version":[{"id":58811,"href":"https:\/\/www.modelcars24.de\/it\/wp-json\/wp\/v2\/product\/51686\/revisions\/58811"}],"wp:featuredmedia":[{"embeddable":true,"href":"https:\/\/www.modelcars24.de\/it\/wp-json\/wp\/v2\/media\/51668"}],"wp:attachment":[{"href":"https:\/\/www.modelcars24.de\/it\/wp-json\/wp\/v2\/media?parent=51686"}],"wp:term":[{"taxonomy":"product_brand","embeddable":true,"href":"https:\/\/www.modelcars24.de\/it\/wp-json\/wp\/v2\/product_brand?post=51686"},{"taxonomy":"product_cat","embeddable":true,"href":"https:\/\/www.modelcars24.de\/it\/wp-json\/wp\/v2\/product_cat?post=51686"},{"taxonomy":"product_tag","embeddable":true,"href":"https:\/\/www.modelcars24.de\/it\/wp-json\/wp\/v2\/product_tag?post=51686"}],"curies":[{"name":"wp","href":"https:\/\/api.w.org\/{rel}","templated":true}]}}