{"id":52488,"date":"2026-05-12T11:18:40","date_gmt":"2026-05-12T09:18:40","guid":{"rendered":"https:\/\/www.modelcars24.de\/?post_type=product&#038;p=52488"},"modified":"2026-05-13T12:58:39","modified_gmt":"2026-05-13T10:58:39","slug":"gt-spirit-koenigsegg-jesko-white-2019","status":"publish","type":"product","link":"https:\/\/www.modelcars24.de\/it\/gt-spirit-koenigsegg-jesko-white-2019\/","title":{"rendered":"GT Spirit KOENIGSEGG JESKO BIANCO 2019 1:8 - 1\/8"},"content":{"rendered":"<h3>GT Spirit KOENIGSEGG JESKO WHITE 2019 1:8<\/h3>\n<p>Erleben Sie die Faszination des GT Spirit KOENIGSEGG JESKO WHITE 2019 1:8 im beeindruckenden Ma\u00dfstab 1:8! Dieses exklusive Modellauto bringt die legend\u00e4re Sportwagen-Ikone in beeindruckender Detailtreue direkt zu Ihnen nach Hause. Mit seiner lebensechten Farbgebung in strahlendem Gr\u00fcn und feinster Verarbeitung ist es ein echtes Highlight f\u00fcr Sammler und Autoliebhaber.<\/p>\n<p>Il grande ritorno dei modelli in scala 1:8 e 1:12 apre nuove dimensioni di presentazione: miniature pi\u00f9 grandi, pi\u00f9 dettagliate e ancora pi\u00f9 impressionanti che portano la passione per i capolavori automobilistici a un nuovo livello. Immergetevi nel mondo delle icone automobilistiche e mettete le mani su questo straordinario modellino!<\/p>\n<p>Numero articolo: GTS801601<\/p>","protected":false},"excerpt":{"rendered":"<p>GTS801301 &#8211; preorder &#8211; anstatt 1190,00 \u20ac jetzt 999,00 \u20ac inkl. 19% Vat<\/p>","protected":false},"featured_media":52493,"comment_status":"open","ping_status":"closed","template":"","meta":[],"product_brand":[861],"product_cat":[279,436,463,21],"product_tag":[172,173,269,175,270,181,182],"class_list":{"0":"post-52488","1":"product","2":"type-product","3":"status-publish","4":"has-post-thumbnail","6":"product_brand-hc","7":"product_cat-1-m","8":"product_cat-gt-spirit","9":"product_cat-koenigsegg","10":"product_cat-verfuegbar","11":"product_tag-atelier","12":"product_tag-bbr","13":"product_tag-bbr-ferrari-250-lusso-red","14":"product_tag-competizione","15":"product_tag-ferrari-250-lusso-1963-118","16":"product_tag-mrcollection","17":"product_tag-perfectly-embodies-ferraris","18":"product_shipping_class-sperrgut","19":"pa_automarke-porsche","20":"pa_decade-2020s","21":"pa_fahrzeugtyp-coupe","22":"pa_farbe-rot","23":"pa_limitiert-ja","24":"pa_massstab-1-8","25":"pa_modeltyp-fertigmodell","26":"pa_modeltyp-geschlossen","27":"pa_status-beim-hersteller-verfuegbar","28":"pa_verfuegbarkeit-vorbestellbar","29":"pa_zustand_modell-1-brandneu","30":"pa_zustand_verpackung-1-brandneu","32":"first","33":"instock","34":"sale","35":"taxable","36":"shipping-taxable","37":"purchasable","38":"product-type-simple"},"jetpack_sharing_enabled":true,"_links":{"self":[{"href":"https:\/\/www.modelcars24.de\/it\/wp-json\/wp\/v2\/product\/52488","targetHints":{"allow":["GET"]}}],"collection":[{"href":"https:\/\/www.modelcars24.de\/it\/wp-json\/wp\/v2\/product"}],"about":[{"href":"https:\/\/www.modelcars24.de\/it\/wp-json\/wp\/v2\/types\/product"}],"replies":[{"embeddable":true,"href":"https:\/\/www.modelcars24.de\/it\/wp-json\/wp\/v2\/comments?post=52488"}],"version-history":[{"count":4,"href":"https:\/\/www.modelcars24.de\/it\/wp-json\/wp\/v2\/product\/52488\/revisions"}],"predecessor-version":[{"id":64222,"href":"https:\/\/www.modelcars24.de\/it\/wp-json\/wp\/v2\/product\/52488\/revisions\/64222"}],"wp:featuredmedia":[{"embeddable":true,"href":"https:\/\/www.modelcars24.de\/it\/wp-json\/wp\/v2\/media\/52493"}],"wp:attachment":[{"href":"https:\/\/www.modelcars24.de\/it\/wp-json\/wp\/v2\/media?parent=52488"}],"wp:term":[{"taxonomy":"product_brand","embeddable":true,"href":"https:\/\/www.modelcars24.de\/it\/wp-json\/wp\/v2\/product_brand?post=52488"},{"taxonomy":"product_cat","embeddable":true,"href":"https:\/\/www.modelcars24.de\/it\/wp-json\/wp\/v2\/product_cat?post=52488"},{"taxonomy":"product_tag","embeddable":true,"href":"https:\/\/www.modelcars24.de\/it\/wp-json\/wp\/v2\/product_tag?post=52488"}],"curies":[{"name":"wp","href":"https:\/\/api.w.org\/{rel}","templated":true}]}}