{"id":53146,"date":"2025-07-30T15:35:28","date_gmt":"2025-07-30T13:35:28","guid":{"rendered":"https:\/\/www.modelcars24.de\/?post_type=product&#038;p=53146"},"modified":"2026-01-16T18:04:16","modified_gmt":"2026-01-16T17:04:16","slug":"exoto-clean-mercedes-c9-no-61","status":"publish","type":"product","link":"https:\/\/www.modelcars24.de\/it\/exoto-sauber-mercedes-c9-nr-61\/","title":{"rendered":"Exoto Sauber Mercedes C9 N. 61 - 1\/18"},"content":{"rendered":"<h3>Exoto Sauber Mercedes C9 N. 61<\/h3>\n<p>Das Exoto Mercedes-Sauber C9 Modell mit der Artikelnummer 18195 ist ein hochdetailliertes Sammlermodell im Ma\u00dfstab 1:18. Es geh\u00f6rt zur &#8222;Racing Legends&#8220;-Serie von Exoto, die f\u00fcr ihre au\u00dfergew\u00f6hnliche Detailtreue und Qualit\u00e4t bekannt ist.<\/p>\n<p>Details zum Modell<br \/>\nFahrzeug: Das Vorbild ist der legend\u00e4re Sauber-Mercedes C9 Gruppe-C-Rennwagen, der Ende der 1980er Jahre sehr erfolgreich war und unter anderem die 24 Stunden von Le Mans 1989 gewann.<\/p>\n<p>Version: Die Exoto-Version 18195 bildet in der Regel den Wagen mit der Startnummer 61 ab, der bei den 24 Stunden von Le Mans 1989 den zweiten Platz belegte. Die Fahrer dieses Teams waren Mauro Baldi, Kenneth Acheson und Gianfranco Brancatelli.<\/p>\n<p>Material und Detaillierung: Das Modell wird aus Die-Cast-Metall gefertigt und verf\u00fcgt \u00fcber eine beeindruckende Anzahl an Details. Dazu geh\u00f6ren oft:<\/p>\n<p>\u00d6ffnende T\u00fcren, Motorhaube und abnehmbare Karosserieteile, die den Blick auf den detailreichen Motor, das Chassis und das Cockpit freigeben.<\/p>\n<p>Pr\u00e4zise Nachbildung des 5-Liter-V8-Twin-Turbo-Motors.<\/p>\n<p>Stoff-Sicherheitsgurte mit Foto\u00e4tzteilen f\u00fcr die Schnallen.<\/p>\n<p>Hohe Detailtreue bei Bremsanlagen, Fahrwerk und Cockpit.<\/p>\n<p>Status: Exoto-Modelle des C9 gelten als sehr gesucht und sind oft limitierte Auflagen, was sie zu begehrten Sammlerst\u00fccken macht, die auf dem Zweitmarkt hohe Preise erzielen k\u00f6nnen.<\/p>\n<p>Das Modell 18195 f\u00e4ngt die Faszination des ber\u00fchmten Le-Mans-Rennwagens detailgetreu ein und ist ein Highlight in jeder Modellautosammlung.<\/p>\n<p>Artikelnummer: 18195<\/p>\n<p>2-nuovo con le due antenne<\/p>","protected":false},"excerpt":{"rendered":"<p>1:18 &#8211; 18195 &#8211; 2-neuwertig &#8211; 485,00 \u20ac<\/p>","protected":false},"featured_media":56957,"comment_status":"open","ping_status":"closed","template":"","meta":{"_acf_changed":false},"product_brand":[852],"product_cat":[953,214,272,45,136,21],"product_tag":[78,215],"class_list":{"0":"post-53146","1":"product","2":"type-product","3":"status-publish","4":"has-post-thumbnail","6":"product_brand-exoto","7":"product_cat-1-archiv","8":"product_cat-exoto","9":"product_cat-mercedes","10":"product_cat-neuzugang","11":"product_cat-raritaet","12":"product_cat-verfuegbar","13":"product_tag-angebot","14":"product_tag-exoto-ferrari-dino-156-120-sharknose","15":"pa_automarke-ferrari","16":"pa_decade-1960s","17":"pa_fahrzeugtyp-formel-1","18":"pa_farbe-rot","19":"pa_limitiert-nein","20":"pa_massstab-1-18","21":"pa_modelmarke-exoto","22":"pa_modeltyp-alles-zum-oeffnen","23":"pa_modeltyp-fertigmodell","24":"pa_status-beim-hersteller-verfuegbar","25":"pa_verfuegbarkeit-sofort-verfuegbar","26":"pa_zustand_modell-1-brandneu","27":"pa_zustand_verpackung-1-brandneu","29":"first","30":"outofstock","31":"purchasable","32":"product-type-simple"},"acf":[],"jetpack_sharing_enabled":true,"_links":{"self":[{"href":"https:\/\/www.modelcars24.de\/it\/wp-json\/wp\/v2\/product\/53146","targetHints":{"allow":["GET"]}}],"collection":[{"href":"https:\/\/www.modelcars24.de\/it\/wp-json\/wp\/v2\/product"}],"about":[{"href":"https:\/\/www.modelcars24.de\/it\/wp-json\/wp\/v2\/types\/product"}],"replies":[{"embeddable":true,"href":"https:\/\/www.modelcars24.de\/it\/wp-json\/wp\/v2\/comments?post=53146"}],"version-history":[{"count":6,"href":"https:\/\/www.modelcars24.de\/it\/wp-json\/wp\/v2\/product\/53146\/revisions"}],"predecessor-version":[{"id":58843,"href":"https:\/\/www.modelcars24.de\/it\/wp-json\/wp\/v2\/product\/53146\/revisions\/58843"}],"wp:featuredmedia":[{"embeddable":true,"href":"https:\/\/www.modelcars24.de\/it\/wp-json\/wp\/v2\/media\/56957"}],"wp:attachment":[{"href":"https:\/\/www.modelcars24.de\/it\/wp-json\/wp\/v2\/media?parent=53146"}],"wp:term":[{"taxonomy":"product_brand","embeddable":true,"href":"https:\/\/www.modelcars24.de\/it\/wp-json\/wp\/v2\/product_brand?post=53146"},{"taxonomy":"product_cat","embeddable":true,"href":"https:\/\/www.modelcars24.de\/it\/wp-json\/wp\/v2\/product_cat?post=53146"},{"taxonomy":"product_tag","embeddable":true,"href":"https:\/\/www.modelcars24.de\/it\/wp-json\/wp\/v2\/product_tag?post=53146"}],"curies":[{"name":"wp","href":"https:\/\/api.w.org\/{rel}","templated":true}]}}