{"id":53577,"date":"2025-08-15T12:52:58","date_gmt":"2025-08-15T10:52:58","guid":{"rendered":"https:\/\/www.modelcars24.de\/?post_type=product&#038;p=53577"},"modified":"2026-04-22T09:11:35","modified_gmt":"2026-04-22T07:11:35","slug":"autoart-porsche-911-930-turbo-wangan-midnight-blackbird","status":"publish","type":"product","link":"https:\/\/www.modelcars24.de\/it\/autoart-porsche-911-930-turbo-wangan-midnight-blackbird\/","title":{"rendered":"AUTOart Porsche 911 (930) Turbo Wangan Midnight \u201cBlackbird\u201d - 1\/18"},"content":{"rendered":"<p>AUTOart Porsche 911 (930) Turbo Wangan Midnight \u201cBlackbird\u201d.  Modello da collezione di alta qualit\u00e0 in scala 1:18.<\/p>\n<p>La Porsche 911 (930) Turbo Wangan Midnight \u201cBlackbird\u201d combina la leggendaria potenza del turbo con l'estetica cruda della scena Wangan Midnight. Sotto il cofano, il motore a sei cilindri raffreddato ad aria fornisce un'accelerazione impressionante e il suono tipico del marchio, mentre il caratteristico design della 930 con passaruota pi\u00f9 larghi, spoiler anteriore profondo e asse largo sottolinea la silhouette aggressiva. L'adattamento \u201eBlackbird\u201c \u00e8 caratterizzato da colori esterni scuri, accenti sottili e dettagli spesso vetrati che conferiscono al veicolo una bandiera da corsa, furtiva e legale per la strada. Tra le caratteristiche tipiche vi sono i cerchi sportivi, i freni potenziati, gli interni orientati alle prestazioni con sedili Recaro o sedili sportivi simili e spesso un sistema di scarico su misura che enfatizza il caratteristico bip e i bassi profondi del motore turbo. La 930 Turbo \u00e8 nota per la sua potenza quotidiana, per il suo design iconico e per la leggenda che si \u00e8 creata intorno alla cultura del wangan o del drift, dove \u00e8 un simbolo di velocit\u00e0, precisione e prestazioni Porsche senza tempo.<\/p>\n<p>Numero articolo: 78158<\/p>","protected":false},"excerpt":{"rendered":"<p>78158 &#8211; 1-brandneu &#8211; 279,00 \u20ac inkl. 19% Vat<\/p>","protected":false},"featured_media":53579,"comment_status":"open","ping_status":"closed","template":"","meta":{"_acf_changed":false},"product_brand":[846],"product_cat":[185,56,21],"product_tag":[187,265,202],"class_list":{"0":"post-53577","1":"product","2":"type-product","3":"status-publish","4":"has-post-thumbnail","6":"product_brand-autoart","7":"product_cat-autoart","8":"product_cat-porsche","9":"product_cat-verfuegbar","10":"product_tag-autoart","11":"product_tag-porsche","12":"product_tag-verfuegbar","13":"pa_automarke-porsche","14":"pa_decade-2010s","15":"pa_fahrzeugtyp-coupe","16":"pa_limitiert-nein","17":"pa_massstab-1-18","18":"pa_modelmarke-autoart","19":"pa_modeltyp-alles-zum-oeffnen","20":"pa_modeltyp-fertigmodell","21":"pa_status-beim-hersteller-verfuegbar","22":"pa_verfuegbarkeit-5-tage-lieferzeit","23":"pa_zustand_modell-1-brandneu","24":"pa_zustand_verpackung-1-brandneu","26":"first","27":"instock","28":"taxable","29":"shipping-taxable","30":"purchasable","31":"product-type-simple"},"acf":[],"jetpack_sharing_enabled":true,"_links":{"self":[{"href":"https:\/\/www.modelcars24.de\/it\/wp-json\/wp\/v2\/product\/53577","targetHints":{"allow":["GET"]}}],"collection":[{"href":"https:\/\/www.modelcars24.de\/it\/wp-json\/wp\/v2\/product"}],"about":[{"href":"https:\/\/www.modelcars24.de\/it\/wp-json\/wp\/v2\/types\/product"}],"replies":[{"embeddable":true,"href":"https:\/\/www.modelcars24.de\/it\/wp-json\/wp\/v2\/comments?post=53577"}],"version-history":[{"count":4,"href":"https:\/\/www.modelcars24.de\/it\/wp-json\/wp\/v2\/product\/53577\/revisions"}],"predecessor-version":[{"id":63399,"href":"https:\/\/www.modelcars24.de\/it\/wp-json\/wp\/v2\/product\/53577\/revisions\/63399"}],"wp:featuredmedia":[{"embeddable":true,"href":"https:\/\/www.modelcars24.de\/it\/wp-json\/wp\/v2\/media\/53579"}],"wp:attachment":[{"href":"https:\/\/www.modelcars24.de\/it\/wp-json\/wp\/v2\/media?parent=53577"}],"wp:term":[{"taxonomy":"product_brand","embeddable":true,"href":"https:\/\/www.modelcars24.de\/it\/wp-json\/wp\/v2\/product_brand?post=53577"},{"taxonomy":"product_cat","embeddable":true,"href":"https:\/\/www.modelcars24.de\/it\/wp-json\/wp\/v2\/product_cat?post=53577"},{"taxonomy":"product_tag","embeddable":true,"href":"https:\/\/www.modelcars24.de\/it\/wp-json\/wp\/v2\/product_tag?post=53577"}],"curies":[{"name":"wp","href":"https:\/\/api.w.org\/{rel}","templated":true}]}}