{"id":56046,"date":"2025-11-05T11:19:37","date_gmt":"2025-11-05T10:19:37","guid":{"rendered":"https:\/\/www.modelcars24.de\/?post_type=product&#038;p=56046"},"modified":"2026-01-07T11:25:33","modified_gmt":"2026-01-07T10:25:33","slug":"agora-ferrari-250-gto-blu-genziana","status":"publish","type":"product","link":"https:\/\/www.modelcars24.de\/it\/agora-ferrari-250-gto-blu-genziana\/","title":{"rendered":"Agor\u00e0 Ferrari 250 GTO Blu Genziana Edizione limitata in scala 1:8 modello finito uno di 150 - 1\/8"},"content":{"rendered":"<h2>Agor\u00e0 Ferrari 250 GTO Blu Genziana Edizione limitata 1:8, uno dei 150 esemplari<\/h2>\n<p>Questo modello \u00e8 stato lanciato da Agora come kit nel colore speciale Blu Genziana in un'edizione limitata di soli 150 esemplari. Il modello \u00e8 esaurito presso Agora. Il nostro esemplare \u00e8 gi\u00e0 perfettamente assemblato. Alcune parti sono state ulteriormente restaurate per creare un modello impeccabile. La GTO blu \u00e8 in offerta. Le immagini di quella rossa sono solo a scopo illustrativo.<\/p>\n<p>La Ferrari 250 GTO \u00e8 descritta dagli appassionati come \u201el'auto d'epoca pi\u00f9 ammirata e di maggior valore al mondo\u201c e come una \u201eFerrari di altissimo livello: un'auto omologata di razza con una gloriosa storia di corse\u201c. Nessuna collezione di automodelli sarebbe completa senza la 250 GTO.<\/p>\n<p>Questa vettura in scala 1:8 \u00e8 una replica fedele di un modello della Serie 1 con numero di telaio 3987GT, prodotto originariamente nel 1962 per la Luigi Chinetti N.A.R.T. (North American Racing Team) di New York (USA). Oggi l'auto appartiene a Ralph Lauren ed \u00e8 esposta come parte de L'art de l'automobile, la collezione Ralph Lauren al Mus\u00e9e des Arts D\u00e9coratifs di Parigi.<\/p>\n<p>Ogni dettaglio \u00e8 stato catturato tramite scansione laser 3D del modello originale, dal motore V12 della Ferrari Tipo 168\/62 Colombo alle prese d'aria di raffreddamento a forma di D, che sono tenute chiuse da chiusure a un quarto di giro sulla parte superiore del muso.<\/p>\n<p>Le parti metalliche rivettate all'interno delle portiere e i dettagli del cruscotto e degli interruttori dimostrano che si tratta di un'auto da corsa di razza ridotta all'essenziale.<\/p>\n<p>La carrozzeria in metallo pressofuso di alta qualit\u00e0 presenta un'autentica verniciatura Ferrari Rosso Cina e la grande scala permette di progettare l'illuminazione interna, i fari, le luci dei freni e gli indicatori di direzione in modo che funzionino davvero.<\/p>\n<p>Dati tecnici<\/p>\n<ul>\n<li>Scala: Scala 1:8<\/li>\n<li>Lunghezza: 53 cm<\/li>\n<li>Larghezza: 20 cm<\/li>\n<li>Altezza: 15 cm<\/li>\n<li>Corpo: metallo pressofuso<\/li>\n<li>Dettagli: plastica ABS<\/li>\n<li>Numero di pezzi: circa 500<\/li>\n<\/ul>\n<p>Caratteristiche<\/p>\n<ul>\n<li>Dipinto nel caratteristico colore Blu Genziana<\/li>\n<li>Si accendono i fari e le luci dei freni<\/li>\n<li>Riproduzione fedele del motore originale Ferrari Tipo 168\/62 Colombo V12<\/li>\n<li>Motore e clacson suonano premendo un pulsante<\/li>\n<li>Porte, bagagliaio e cofano motore apribili<\/li>\n<li>Volante funzionante<\/li>\n<li>Illuminazione a LED nel pozzetto<\/li>\n<\/ul>\n<p>Numero articolo: AG-1<\/p>","protected":false},"excerpt":{"rendered":"<p>1:8 &#8211; AG-1 &#8211; 2-neuwertig &#8211; 4750,00 \u20ac<\/p>","protected":false},"featured_media":56060,"comment_status":"open","ping_status":"closed","template":"","meta":{"_acf_changed":false},"product_brand":[839],"product_cat":[948,63,272,21],"product_tag":[460,316,263],"class_list":{"0":"post-56046","1":"product","2":"type-product","3":"status-publish","4":"has-post-thumbnail","6":"product_brand-ixo","7":"product_cat-agora","8":"product_cat-ferrari","9":"product_cat-mercedes","10":"product_cat-verfuegbar","11":"product_tag-ixo","12":"product_tag-mercedes","13":"product_tag-vorbestellbar","14":"product_shipping_class-sperrgut","15":"pa_automarke-ferrari","16":"pa_decade-1960s","17":"pa_fahrzeugtyp-coupe","18":"pa_limitiert-nein","19":"pa_massstab-1-8","20":"pa_modelmarke-agora","21":"pa_modeltyp-alles-zum-oeffnen","22":"pa_modeltyp-bausatz","23":"pa_status-beim-hersteller-verfuegbar","24":"pa_verfuegbarkeit-sofort-verfuegbar","25":"pa_zustand_modell-2-neuwertig","26":"pa_zustand_verpackung-2-neuwertig","28":"first","29":"instock","30":"purchasable","31":"product-type-simple"},"acf":[],"jetpack_sharing_enabled":true,"_links":{"self":[{"href":"https:\/\/www.modelcars24.de\/it\/wp-json\/wp\/v2\/product\/56046","targetHints":{"allow":["GET"]}}],"collection":[{"href":"https:\/\/www.modelcars24.de\/it\/wp-json\/wp\/v2\/product"}],"about":[{"href":"https:\/\/www.modelcars24.de\/it\/wp-json\/wp\/v2\/types\/product"}],"replies":[{"embeddable":true,"href":"https:\/\/www.modelcars24.de\/it\/wp-json\/wp\/v2\/comments?post=56046"}],"version-history":[{"count":4,"href":"https:\/\/www.modelcars24.de\/it\/wp-json\/wp\/v2\/product\/56046\/revisions"}],"predecessor-version":[{"id":58905,"href":"https:\/\/www.modelcars24.de\/it\/wp-json\/wp\/v2\/product\/56046\/revisions\/58905"}],"wp:featuredmedia":[{"embeddable":true,"href":"https:\/\/www.modelcars24.de\/it\/wp-json\/wp\/v2\/media\/56060"}],"wp:attachment":[{"href":"https:\/\/www.modelcars24.de\/it\/wp-json\/wp\/v2\/media?parent=56046"}],"wp:term":[{"taxonomy":"product_brand","embeddable":true,"href":"https:\/\/www.modelcars24.de\/it\/wp-json\/wp\/v2\/product_brand?post=56046"},{"taxonomy":"product_cat","embeddable":true,"href":"https:\/\/www.modelcars24.de\/it\/wp-json\/wp\/v2\/product_cat?post=56046"},{"taxonomy":"product_tag","embeddable":true,"href":"https:\/\/www.modelcars24.de\/it\/wp-json\/wp\/v2\/product_tag?post=56046"}],"curies":[{"name":"wp","href":"https:\/\/api.w.org\/{rel}","templated":true}]}}