{"id":56547,"date":"2025-11-21T15:51:48","date_gmt":"2025-11-21T14:51:48","guid":{"rendered":"https:\/\/www.modelcars24.de\/?post_type=product&#038;p=56547"},"modified":"2026-01-01T01:09:06","modified_gmt":"2026-01-01T00:09:06","slug":"amalgama-bugatti-tipo-57sc-atlantic-la-voiture-n","status":"publish","type":"product","link":"https:\/\/www.modelcars24.de\/it\/amalgam-bugatti-type-57sc-atlantic-la-voiture-n\/","title":{"rendered":"Amalgam BUGATTI Tipo 57SC Atlantic - \u201eLa Voiture Noire\u201c (1936) | Edizione limitata 1:8 - 1\/8"},"content":{"rendered":"<p>Amalgam BUGATTI Tipo 57SC Atlantic - \u201eLa Voiture Noire\u201c (1936) | Edizione limitata in grande scala 1:8.<\/p>\n<p>La Tipo 57SC Atlantic, una delle auto pi\u00f9 leggendarie della prima era Bugatti, si caratterizzava per le sue linee fluide da coup\u00e9 e per la vistosa cucitura del tetto che andava dalla parte anteriore a quella posteriore. La concept A\u00e9rolithe progettata nel 1935, su cui si basava la 57SC, utilizzava un materiale composito elettronico per le parti della carrozzeria. Poich\u00e9 la lega era robusta e leggera, ma estremamente infiammabile alle alte temperature, gli ingegneri dovettero rivettare le parti dall'esterno. I modelli di serie della 57SC Atlantic avevano la carrozzeria in alluminio semplice, anche se la cucitura del tetto era stata mantenuta per motivi stilistici.<\/p>\n<p>Il nome Atlantic fu scelto in onore dell'amico pilota di Jean Bugatti Jean Mermoz, che non fece ritorno da una traversata atlantica. La \u201eS\u201c stava per \u201eSurbaiss\u00e9\u201c (\u201eabbassata\u201c), un'impresa di per s\u00e9 enorme, e la \u201eC\u201c per \u201eCompresseur\u201c, un compressore che Bugatti introdusse in risposta alla richiesta di maggiore potenza da parte dei clienti. Sotto l'iconico cofano lungo si nascondeva un motore otto cilindri in linea da 3,3 litri da 197 CV, che consentiva alla coup\u00e9 di raggiungere una velocit\u00e0 massima di oltre 200 km\/h.<\/p>\n<p>Furono prodotti solo quattro esemplari del Tipo 57SC, tre dei quali furono venduti a clienti. Il primo and\u00f2 al banchiere britannico Victor Rothschild, il terzo all'uomo d'affari parigino Jacques Holzschuh e il quarto al britannico R. B. Pope. Tragicamente, l'Atlantic di Holzschuh fu coinvolto in un grave incidente e fu completamente distrutto. Decenni dopo, l'auto fu ampiamente restaurata, anche se il motore non pot\u00e9 pi\u00f9 essere salvato.<\/p>\n<p>Questo modello \u00e8 una replica dettagliata in scala 1:8 della seconda auto, la leggendaria \u201eLa Voiture Noire\u201c (L'auto nera). Bugatti fu talmente colpito dall'eleganza e dalla raffinatezza della sua creazione che fece costruire la seconda Atlantic per uso personale. Allo scoppio della Seconda Guerra Mondiale, La Voiture Noire fu portata al sicuro quando le truppe tedesche invasero l'Alsazia e and\u00f2 perduta per sempre. L'ultima menzione si trova in un elenco di veicoli che dovevano essere consegnati a Rue Alfred Daney a Bordeaux nel febbraio 1941. La sua scomparsa, avvenuta oltre 80 anni fa, rimane il pi\u00f9 grande mistero della leggendaria storia di Bugatti. Oggi, \u201eLa Voiture Noire\u201c vive come un mito.<\/p>\n<p>Per la realizzazione de \u201eLa Voiture Noire\u201c abbiamo utilizzato la nostra scansione digitale ad alta precisione del modello RB-Pope, che l'attuale proprietario Ralph Lauren ci ha gentilmente concesso di utilizzare. In collaborazione con lo storico dell'automobile Bugatti Julius Kruta, abbiamo sviluppato questa replica in scala incredibilmente dettagliata e precisa. Basata su immagini d'archivio e dati 3D di uno dei due soli esemplari superstiti accertati della 57SC Atlantic, \u00e8 senza dubbio il miglior riferimento esistente per il numero di telaio 57453. Questo modello di pregio \u00e8 stato realizzato e rifinito a mano nei nostri laboratori, lavorando a stretto contatto con il costruttore su verniciatura, materiali, immagini d'archivio e disegni originali. Inoltre, il modello prototipo \u00e8 stato sottoposto a un attento esame da parte dei team di progettazione e ingegneria del costruttore, per garantire una rappresentazione assolutamente accurata.<\/p>\n<p>La Bugatti 57SC Atlantic \u201aLa Voiture Noire\u2018 \u00e8 limitata a soli 99 esemplari.<\/p>\n<p>Numero articolo: M5260<\/p>\n<p>2 nuovi<\/p>","protected":false},"excerpt":{"rendered":"<p>M5260 &#8211; 1 &#8211; brandneu &#8211; anstatt 24995,00 jetzt 9730,00 \u20ac inkl. 19% Vat solange Vorrat reicht bis 31.12.2025<\/p>","protected":false},"featured_media":56570,"comment_status":"open","ping_status":"closed","template":"","meta":{"_acf_changed":false},"product_brand":[864],"product_cat":[286,63,45,21],"product_tag":[288,209,202],"class_list":{"0":"post-56547","1":"product","2":"type-product","3":"status-publish","4":"has-post-thumbnail","6":"product_brand-amalgam","7":"product_cat-amalgam","8":"product_cat-ferrari","9":"product_cat-neuzugang","10":"product_cat-verfuegbar","11":"product_tag-amalgam","12":"product_tag-ferrari","13":"product_tag-verfuegbar","14":"pa_automarke-bugatti","15":"pa_decade-2010s","16":"pa_fahrzeugtyp-coupe","17":"pa_farbe-rot","18":"pa_limitiert-ja","19":"pa_massstab-1-8","20":"pa_modelmarke-amalgam","21":"pa_modeltyp-fertigmodell","22":"pa_modeltyp-geschlossen","23":"pa_status-beim-hersteller-verfuegbar","24":"pa_verfuegbarkeit-5-tage-lieferzeit","25":"pa_zustand_modell-2-neuwertig","26":"pa_zustand_verpackung-2-neuwertig","28":"first","29":"instock","30":"taxable","31":"shipping-taxable","32":"purchasable","33":"product-type-simple"},"acf":[],"jetpack_sharing_enabled":true,"_links":{"self":[{"href":"https:\/\/www.modelcars24.de\/it\/wp-json\/wp\/v2\/product\/56547","targetHints":{"allow":["GET"]}}],"collection":[{"href":"https:\/\/www.modelcars24.de\/it\/wp-json\/wp\/v2\/product"}],"about":[{"href":"https:\/\/www.modelcars24.de\/it\/wp-json\/wp\/v2\/types\/product"}],"replies":[{"embeddable":true,"href":"https:\/\/www.modelcars24.de\/it\/wp-json\/wp\/v2\/comments?post=56547"}],"version-history":[{"count":4,"href":"https:\/\/www.modelcars24.de\/it\/wp-json\/wp\/v2\/product\/56547\/revisions"}],"predecessor-version":[{"id":58926,"href":"https:\/\/www.modelcars24.de\/it\/wp-json\/wp\/v2\/product\/56547\/revisions\/58926"}],"wp:featuredmedia":[{"embeddable":true,"href":"https:\/\/www.modelcars24.de\/it\/wp-json\/wp\/v2\/media\/56570"}],"wp:attachment":[{"href":"https:\/\/www.modelcars24.de\/it\/wp-json\/wp\/v2\/media?parent=56547"}],"wp:term":[{"taxonomy":"product_brand","embeddable":true,"href":"https:\/\/www.modelcars24.de\/it\/wp-json\/wp\/v2\/product_brand?post=56547"},{"taxonomy":"product_cat","embeddable":true,"href":"https:\/\/www.modelcars24.de\/it\/wp-json\/wp\/v2\/product_cat?post=56547"},{"taxonomy":"product_tag","embeddable":true,"href":"https:\/\/www.modelcars24.de\/it\/wp-json\/wp\/v2\/product_tag?post=56547"}],"curies":[{"name":"wp","href":"https:\/\/api.w.org\/{rel}","templated":true}]}}