{"id":56770,"date":"2025-11-28T13:45:40","date_gmt":"2025-11-28T12:45:40","guid":{"rendered":"https:\/\/www.modelcars24.de\/?post_type=product&#038;p=56770"},"modified":"2026-04-17T09:45:20","modified_gmt":"2026-04-17T07:45:20","slug":"amalgama-ferrari-250tr-1958-vincitore-da-sebring18","status":"publish","type":"product","link":"https:\/\/www.modelcars24.de\/it\/amalgam-ferrari-250tr-1958-sieger-von-sebring18\/","title":{"rendered":"Amalgama Ferrari 250TR (1958) Vincitore di Sebring \u2013 1\/8"},"content":{"rendered":"<p>Amalgam Ferrari 250TR (1958) Vincitore di Sebring 1:8 Edizione limitata di 199 pezzi<\/p>\n<ul>\n<li>Basata sulla vettura n. 14 che Phil Hill e Peter Collins guidarono alla vittoria nella 12 Ore di Sebring il 22 marzo 1958.<\/li>\n<li>Modello in scala 1:8, lungo oltre 49 cm<\/li>\n<li>Ogni modello \u00e8 stato realizzato e assemblato a mano da un piccolo team di artigiani.<\/li>\n<li>Realizzato con materiali di altissima qualit\u00e0<\/li>\n<li>Completo di bagagliaio apribile e coperchio motore rimovibile<\/li>\n<li>Oltre 4.000 ore di sviluppo del modello<\/li>\n<li>Oltre 400 ore per costruire ogni modello<\/li>\n<\/ul>\n<p>Migliaia di pezzi progettati con precisione: Fusioni, fotoincisioni e componenti metallici lavorati CNC<br \/>\nCostruito utilizzando dati digitali straordinariamente accurati ottenuti dalla scansione di un'auto originale, il telaio 0734.<br \/>\nI codici delle vernici, le specifiche dei materiali e le immagini d'archivio sono state fornite dagli storici dell'Automotive Club de L'Quest e di Ferrari Classiche.<br \/>\nLicenza ufficiale della 24 Ore di Le Mans<br \/>\nQuesta \u00e8 la vettura numero 14 con cui Phil Hill e Peter Collins vinsero la 12 Ore di Sebring nel 1958. Sei di queste Testa Rosa parteciparono all'edizione del 1958 di questa gara, tra cui tre vetture ufficiali e tre private. Sapendo che Sebring \u00e8 noto (ancora oggi) per essere un circuito ad alta usura, Hill e Collins decisero prima della gara di non correre a dieci decimi nelle prime fasi per preservare i freni e il cambio della vettura. Nella prima ora erano al quarto posto, poi sono scesi al quinto e sono rimasti l\u00ec per le tre ore successive. Nella quinta ora, entrambe le Aston hanno avuto un problema al cambio e, prima di met\u00e0 gara, la vettura numero 14 ha preso il comando. Con 200 giri, 1.677 chilometri e una velocit\u00e0 media di 149 km\/h, questa vettura ha consacrato la nuovissima Ferrari 250 Testa Rossa come principale pretendente al campionato di auto sportive dell'anno con la sua seconda vittoria consecutiva nella serie.<\/p>\n<p>Questo bellissimo modello in scala 1:8 della Ferrari 250 TR \u00e8 stato realizzato e rifinito a mano nei nostri laboratori in collaborazione e con il supporto degli storici dell'Automotive Club de L'Quest e di Ferrari Classiche in termini di finiture, materiali, immagini d'archivio e disegni originali. Utilizzando scansioni digitali estremamente accurate della vettura originale, siamo riusciti a replicare perfettamente ogni dettaglio in scala. Inoltre, \u00e8 stata sottoposta a un controllo dettagliato da parte dei team di progettazione e ingegneria della Ferrari per garantire la completa accuratezza della rappresentazione.<\/p>\n<p>Numero articolo: 5248-SEB<\/p>","protected":false},"excerpt":{"rendered":"<p>1:8 &#8211; 5248-SEB &#8211; 1-brandneu &#8211; anstatt 21995 \u20ac jetzt 13250,00 \u20ac inkl. 19% Vat<\/p>","protected":false},"featured_media":56786,"comment_status":"open","ping_status":"closed","template":"","meta":{"_acf_changed":false},"product_brand":[864],"product_cat":[286,63,21],"product_tag":[288,209,202],"class_list":{"0":"post-56770","1":"product","2":"type-product","3":"status-publish","4":"has-post-thumbnail","6":"product_brand-amalgam","7":"product_cat-amalgam","8":"product_cat-ferrari","9":"product_cat-verfuegbar","10":"product_tag-amalgam","11":"product_tag-ferrari","12":"product_tag-verfuegbar","13":"pa_automarke-ferrari","14":"pa_decade-2020s","15":"pa_fahrzeugtyp-coupe","16":"pa_massstab-1-8","17":"pa_modelmarke-amalgam","18":"pa_modeltyp-alles-zum-oeffnen","19":"pa_modeltyp-fertigmodell","20":"pa_status-beim-hersteller-verfuegbar","21":"pa_verfuegbarkeit-5-tage-lieferzeit","22":"pa_zustand_modell-1-brandneu","23":"pa_zustand_verpackung-1-brandneu","25":"first","26":"instock","27":"taxable","28":"shipping-taxable","29":"purchasable","30":"product-type-simple"},"acf":[],"jetpack_sharing_enabled":true,"_links":{"self":[{"href":"https:\/\/www.modelcars24.de\/it\/wp-json\/wp\/v2\/product\/56770","targetHints":{"allow":["GET"]}}],"collection":[{"href":"https:\/\/www.modelcars24.de\/it\/wp-json\/wp\/v2\/product"}],"about":[{"href":"https:\/\/www.modelcars24.de\/it\/wp-json\/wp\/v2\/types\/product"}],"replies":[{"embeddable":true,"href":"https:\/\/www.modelcars24.de\/it\/wp-json\/wp\/v2\/comments?post=56770"}],"version-history":[{"count":5,"href":"https:\/\/www.modelcars24.de\/it\/wp-json\/wp\/v2\/product\/56770\/revisions"}],"predecessor-version":[{"id":59103,"href":"https:\/\/www.modelcars24.de\/it\/wp-json\/wp\/v2\/product\/56770\/revisions\/59103"}],"wp:featuredmedia":[{"embeddable":true,"href":"https:\/\/www.modelcars24.de\/it\/wp-json\/wp\/v2\/media\/56786"}],"wp:attachment":[{"href":"https:\/\/www.modelcars24.de\/it\/wp-json\/wp\/v2\/media?parent=56770"}],"wp:term":[{"taxonomy":"product_brand","embeddable":true,"href":"https:\/\/www.modelcars24.de\/it\/wp-json\/wp\/v2\/product_brand?post=56770"},{"taxonomy":"product_cat","embeddable":true,"href":"https:\/\/www.modelcars24.de\/it\/wp-json\/wp\/v2\/product_cat?post=56770"},{"taxonomy":"product_tag","embeddable":true,"href":"https:\/\/www.modelcars24.de\/it\/wp-json\/wp\/v2\/product_tag?post=56770"}],"curies":[{"name":"wp","href":"https:\/\/api.w.org\/{rel}","templated":true}]}}