{"id":57387,"date":"2025-12-10T12:51:27","date_gmt":"2025-12-10T11:51:27","guid":{"rendered":"https:\/\/www.modelcars24.de\/?post_type=product&#038;p=57387"},"modified":"2025-12-12T11:51:26","modified_gmt":"2025-12-12T10:51:26","slug":"schuco-mercedes-l322-one-of-one-weathered-by-klaus-exner","status":"publish","type":"product","link":"https:\/\/www.modelcars24.de\/it\/schuco-mercedes-l322-one-of-one-weathered-by-klaus-exner\/","title":{"rendered":"Schuco Mercedes L322, uno dei due esemplari con meteo di Klaus Exner - 1\/18"},"content":{"rendered":"<h3>Schuco Mercedes L322, un esemplare di un esemplare con tempo atmosferico di Klaus Exner<\/h3>\n<p>Un esemplare unico con carattere: Schuco Mercedes L322 - Modificato da Klaus Exner<br \/>\nQuesto modello rappresenta un'affascinante combinazione tra modellismo di alta qualit\u00e0 e la raffinatezza unica di Klaus Exner. \u00c8 basato sul robusto e dettagliato autocarro Schuco Mercedes-Benz L322, un classico tra i veicoli commerciali, spesso prodotto in scala 1:18 o 1:43.<\/p>\n<ul>\n<li>La firma del maestro: Uno di Uno<br \/>\nKlaus Exner, noto per la sua magistrale tecnica di \u201einvecchiamento\u201c, ha trasformato questo esemplare speciale in un'opera d'arte \u201eOne of One\u201c. Invece di un modello impeccabile da collezione, Exner presenta l'autocarro in uno stato di duro utilizzo per molti anni.<\/li>\n<li>Patina realistica: il modello non \u00e8 solo sporco, ma presenta una patina autentica. \u00c8 possibile vedere la ruggine sui passaruota, la vernice sbiadita o usurata e le tracce di gasolio o olio intorno al motore e al telaio.<\/li>\n<li>La storia su ruote: L'L322 racconta la storia di un camion che ha percorso innumerevoli chilometri su strada e ha trasportato in modo affidabile le sue merci. Ogni graffio e ogni segno sono stati posizionati in modo deliberato e preciso.<\/li>\n<\/ul>\n<p>Condizione unica: la designazione \u201eOne of One\u201c sottolinea che questo esemplare in questa specifica versione esposta alle intemperie \u00e8 davvero unico e ha quindi un valore collezionistico particolarmente elevato.<\/p>\n<p>Questo modello invecchiato \u00e8 molto pi\u00f9 di un semplice modello di stand; \u00e8 un'istantanea tridimensionale del mondo del lavoro degli anni '50 e '60, catturata dal talento di Klaus Exner. Si rivolge ai collezionisti che non cercano la perfezione incontaminata, ma apprezzano il fascino e il carattere del modello usato.<\/p>\n<p>Numero articolo: M-322<\/p>","protected":false},"excerpt":{"rendered":"<p>1:18 &#8211; M-332-EX &#8211; 2-neuwertig &#8211; 745,00 \u20ac<\/p>","protected":false},"featured_media":57245,"comment_status":"open","ping_status":"closed","template":"","meta":{"_acf_changed":false},"product_brand":[537],"product_cat":[18,45,56,20,21],"product_tag":[731],"class_list":{"0":"post-57387","1":"product","2":"type-product","3":"status-publish","4":"has-post-thumbnail","6":"product_brand-cmc","7":"product_cat-cmc","8":"product_cat-neuzugang","9":"product_cat-porsche","10":"product_cat-titel","11":"product_cat-verfuegbar","12":"product_tag-ferrari-275-gtb-c","13":"pa_automarke-ferrari","14":"pa_decade-1960s","15":"pa_fahrzeugtyp-coupe","16":"pa_farbe-silber","17":"pa_limitiert-ja","18":"pa_massstab-1-18","19":"pa_modelmarke-cmc","20":"pa_modeltyp-alles-zum-oeffnen","21":"pa_modeltyp-fertigmodell","22":"pa_status-beim-hersteller-ausverkauft","23":"pa_verfuegbarkeit-sofort-verfuegbar","24":"pa_zustand_modell-1-brandneu","25":"pa_zustand_verpackung-1-brandneu","27":"first","28":"instock","29":"purchasable","30":"product-type-simple"},"acf":[],"jetpack_sharing_enabled":true,"_links":{"self":[{"href":"https:\/\/www.modelcars24.de\/it\/wp-json\/wp\/v2\/product\/57387","targetHints":{"allow":["GET"]}}],"collection":[{"href":"https:\/\/www.modelcars24.de\/it\/wp-json\/wp\/v2\/product"}],"about":[{"href":"https:\/\/www.modelcars24.de\/it\/wp-json\/wp\/v2\/types\/product"}],"replies":[{"embeddable":true,"href":"https:\/\/www.modelcars24.de\/it\/wp-json\/wp\/v2\/comments?post=57387"}],"version-history":[{"count":3,"href":"https:\/\/www.modelcars24.de\/it\/wp-json\/wp\/v2\/product\/57387\/revisions"}],"predecessor-version":[{"id":58944,"href":"https:\/\/www.modelcars24.de\/it\/wp-json\/wp\/v2\/product\/57387\/revisions\/58944"}],"wp:featuredmedia":[{"embeddable":true,"href":"https:\/\/www.modelcars24.de\/it\/wp-json\/wp\/v2\/media\/57245"}],"wp:attachment":[{"href":"https:\/\/www.modelcars24.de\/it\/wp-json\/wp\/v2\/media?parent=57387"}],"wp:term":[{"taxonomy":"product_brand","embeddable":true,"href":"https:\/\/www.modelcars24.de\/it\/wp-json\/wp\/v2\/product_brand?post=57387"},{"taxonomy":"product_cat","embeddable":true,"href":"https:\/\/www.modelcars24.de\/it\/wp-json\/wp\/v2\/product_cat?post=57387"},{"taxonomy":"product_tag","embeddable":true,"href":"https:\/\/www.modelcars24.de\/it\/wp-json\/wp\/v2\/product_tag?post=57387"}],"curies":[{"name":"wp","href":"https:\/\/api.w.org\/{rel}","templated":true}]}}