{"id":58997,"date":"2025-12-10T13:54:11","date_gmt":"2025-12-10T12:54:11","guid":{"rendered":"https:\/\/www.modelcars24.de\/?post_type=product&#038;p=58997"},"modified":"2026-02-11T14:16:42","modified_gmt":"2026-02-11T13:16:42","slug":"lotus-72d-1972-british-gp-emerson-fittipaldi","status":"publish","type":"product","link":"https:\/\/www.modelcars24.de\/it\/lotus-72d-1972-british-gp-emerson-fittipaldi\/","title":{"rendered":"Lotus 72D - GP di Gran Bretagna 1972 - Emerson Fittipaldi - Modello in scala 1\/8"},"content":{"rendered":"<h1>Lotus 72D - GP di Gran Bretagna 1972 - Emerson Fittipaldi - Modello finito in scala 1:8<\/h1>\n<p>Leggenda in grande: Lotus 72D - Emerson Fittipaldi (GP di Gran Bretagna 1972) in scala 1:8<br \/>\nVi presentiamo uno straordinario oggetto da collezione che celebra l'epoca d'oro della Formula 1 in dimensioni impressionanti: la Lotus 72D in un'impressionante scala 1:8. Questo modello pronto a correre incarna l'auto con cui Emerson Fittipaldi gareggi\u00f2 nel Gran Premio di Gran Bretagna del 1972, una gara che gli spian\u00f2 la strada verso il titolo mondiale di quell'anno.<\/p>\n<p>La perfezione dell'assemblaggio e della finitura<br \/>\nQuesto modello non \u00e8 un semplice kit, ma un capolavoro completamente assemblato che colpisce per l'eccezionale qualit\u00e0 della lavorazione e l'ampia rifinitura dei dettagli. L'assemblaggio \u00e8 stato eseguito secondo gli standard pi\u00f9 elevati, che si riflettono in ogni dettaglio:<\/p>\n<ul>\n<li>Set di dettagli di alta qualit\u00e0: sono stati installati speciali set di dettagli per portare il realismo all'estremo. Questo include l'aggiunta di cavi, tubi e condutture che danno vita al vano motore e all'abitacolo.<\/li>\n<li>Componenti metallici di altissimo livello: Il modello \u00e8 dotato di cerchi in alluminio (interni ed esterni) e di imbuti in alluminio realisticamente realizzati (prese d'aria), che conferiscono all'auto una finitura incomparabile. Anche i carburatori sono stati accuratamente rifiniti.<\/li>\n<li>Aspetto impeccabile: l'iconica verniciatura nei colori del John Player Special (JPS) \u00e8 lucida e le decalcomanie sono perfettamente applicate.<\/li>\n<li>Accessori: il modello \u00e8 corredato da viti di montaggio e distanziali speciali per la presentazione e la conservazione. Una targa aggiuntiva con informazioni sul modello e sulla gara completa l'offerta esclusiva.<\/li>\n<\/ul>\n<p>Emerson Fittipaldi e il 72D<br \/>\nLa Lotus 72 \u00e8 considerata una delle auto di Formula 1 pi\u00f9 rivoluzionarie e di successo di tutti i tempi. Fittipaldi utilizz\u00f2 la versione D migliorata per vincere il campionato del mondo nel 1972. La scala 1:8 consente di apprezzare le eleganti linee cuneiformi della 72D e le innovazioni tecniche con una profondit\u00e0 senza pari.<\/p>\n<p>Questo modello finito e dettagliato \u00e8 un pezzo fondamentale per ogni serio collezionista di sport motoristici che apprezza non solo la storia ma anche la pi\u00f9 alta forma di modellismo.<\/p>\n<p>Numero articolo: HK114-VR<\/p>","protected":false},"excerpt":{"rendered":"<p>1:8 &#8211; 1-brandneu &#8211; 4960.00 \u20ac inkl. 19% Vat<\/p>","protected":false},"featured_media":59001,"comment_status":"open","ping_status":"closed","template":"","meta":[],"product_brand":[895],"product_cat":[291,451,21],"product_tag":[78,393,265,394],"class_list":{"0":"post-58997","1":"product","2":"type-product","3":"status-publish","4":"has-post-thumbnail","6":"product_brand-pocher","7":"product_cat-lotus","8":"product_cat-pocher","9":"product_cat-verfuegbar","10":"product_tag-angebot","11":"product_tag-gt-spirit","12":"product_tag-porsche","13":"product_tag-sofort-verfuegbar","14":"pa_automarke-porsche","15":"pa_decade-1960s","16":"pa_fahrzeugtyp-gt-rennen","17":"pa_limitiert-ja","18":"pa_massstab-1-8","19":"pa_modelmarke-pocher","20":"pa_modeltyp-alles-zum-oeffnen","21":"pa_modeltyp-bausatz","22":"pa_status-beim-hersteller-verfuegbar","23":"pa_verfuegbarkeit-sofort-verfuegbar","24":"pa_zustand_modell-1-brandneu","25":"pa_zustand_verpackung-1-brandneu","27":"first","28":"instock","29":"taxable","30":"shipping-taxable","31":"purchasable","32":"product-type-simple"},"jetpack_sharing_enabled":true,"_links":{"self":[{"href":"https:\/\/www.modelcars24.de\/it\/wp-json\/wp\/v2\/product\/58997","targetHints":{"allow":["GET"]}}],"collection":[{"href":"https:\/\/www.modelcars24.de\/it\/wp-json\/wp\/v2\/product"}],"about":[{"href":"https:\/\/www.modelcars24.de\/it\/wp-json\/wp\/v2\/types\/product"}],"replies":[{"embeddable":true,"href":"https:\/\/www.modelcars24.de\/it\/wp-json\/wp\/v2\/comments?post=58997"}],"version-history":[{"count":2,"href":"https:\/\/www.modelcars24.de\/it\/wp-json\/wp\/v2\/product\/58997\/revisions"}],"predecessor-version":[{"id":59000,"href":"https:\/\/www.modelcars24.de\/it\/wp-json\/wp\/v2\/product\/58997\/revisions\/59000"}],"wp:featuredmedia":[{"embeddable":true,"href":"https:\/\/www.modelcars24.de\/it\/wp-json\/wp\/v2\/media\/59001"}],"wp:attachment":[{"href":"https:\/\/www.modelcars24.de\/it\/wp-json\/wp\/v2\/media?parent=58997"}],"wp:term":[{"taxonomy":"product_brand","embeddable":true,"href":"https:\/\/www.modelcars24.de\/it\/wp-json\/wp\/v2\/product_brand?post=58997"},{"taxonomy":"product_cat","embeddable":true,"href":"https:\/\/www.modelcars24.de\/it\/wp-json\/wp\/v2\/product_cat?post=58997"},{"taxonomy":"product_tag","embeddable":true,"href":"https:\/\/www.modelcars24.de\/it\/wp-json\/wp\/v2\/product_tag?post=58997"}],"curies":[{"name":"wp","href":"https:\/\/api.w.org\/{rel}","templated":true}]}}