{"id":60307,"date":"2026-02-02T00:00:00","date_gmt":"2026-02-01T23:00:00","guid":{"rendered":"https:\/\/www.modelcars24.de\/?post_type=product&#038;p=60307"},"modified":"2026-02-05T21:28:41","modified_gmt":"2026-02-05T20:28:41","slug":"cmc-ferrari-375-mm-spider-bianco-con-strisce-blu-varie-gare-masten-gregory-edizione-limitata-1500-pezzi","status":"publish","type":"product","link":"https:\/\/www.modelcars24.de\/it\/cmc-ferrari-375-mm-spider-white-with-blue-stripes-various-races-masten-gregory-limited-edition-1500-stueck\/","title":{"rendered":"CMC Ferrari 375 MM Spider, bianco con strisce blu Varie gare, Masten Gregory Edizione limitata 1500 pezzi"},"content":{"rendered":"<p>CMC Ferrari 375 MM Spider, bianco con strisce blu Varie gare, Masten Gregory Edizione limitata 1500 pezziModello da collezione di alta qualit\u00e0 in scala 1:18, M-304<\/p>\n<p>La Ferrari 375 MM Spider \u00e8 una leggenda V12 degli anni Cinquanta. Costruita per la Mille Miglia con 340 CV e carrozzeria Pinin-Farina, oggi \u00e8 uno dei classici pi\u00f9 esclusivi. La sua potenza ed eleganza la rendono il sogno di ogni collezionista.<\/p>\n<p>La vettura fu consegnata alla Scuderia Ferrari nel 1953, e nella sua prima gara Farina \/<br \/>\nMagnioli ha conquistato il primo posto nella 1000 km di Buenos Aires. Solo due mesi<br \/>\nIn seguito, l'auto \u00e8 passata a Masten Gregory, che l'ha prontamente distrutta in allenamento. Il<br \/>\n\u00c8 stato ricostruito in fabbrica e da quel momento in poi ha funzionato molto meglio in termini di gare.<br \/>\nNel gennaio del '55, A.V. Dayton acquist\u00f2 l'auto per regalarla a Dale Duncan, genero di Gregory.<br \/>\nper renderli disponibili. Segu\u00ec un intenso periodo di corse fino al gennaio 57, caratterizzato anche da numerose<br \/>\nA.D. Logan acquist\u00f2 la vettura e la vendette a Dean Knight dopo due gare.<br \/>\nper venderla. L'auto \u00e8 rimasta in funzione fino al marzo 61 e poi \u00e8 stata messa in vendita.<br \/>\nNei dodici anni successivi, l'auto pass\u00f2 attraverso non meno di otto cambi di propriet\u00e0 e di<br \/>\nnon aveva pi\u00f9 il motore, cos\u00ec Gavin Bain, proprietario dal luglio 73, acquist\u00f2 un motore di terzi da<br \/>\nin una Ferrari 330 GT 2+2.<br \/>\nTramite un altro proprietario, il telaio 370 giunse infine a Peter Gl\u00e4sel in Germania, dove<br \/>\n\u00c8 stato eseguito un restauro completo, compresa la sostituzione del motore di terze parti con quello del<br \/>\nunit\u00e0 originale, che ha richiesto due anni. Ma poi \u00e8 arrivato il momento<br \/>\nIl telaio 370 ha ancora una volta entusiasmato gli spettatori in numerosi eventi fino al 2005, quando il<br \/>\nl'auto a G. Trust negli Stati Uniti e sette anni dopo a Steve Wyatt in Australia. Uno<br \/>\nL'ulteriore restauro e la certificazione da parte di Ferrari Classiche hanno fornito la base per una<br \/>\nun'altra apparizione alla Mille Miglia 2014<\/p>\n<p>Numero articolo: M-304<\/p>","protected":false},"excerpt":{"rendered":"<p>M-304 &#8211; preorder -anstatt 685 \u20ac jetzt 615 \u20ac inkl. 19% Vat<\/p>","protected":false},"featured_media":60257,"comment_status":"open","ping_status":"closed","template":"","meta":[],"product_brand":[537],"product_cat":[18,63,262],"product_tag":[955,46,209,263],"class_list":{"0":"post-60307","1":"product","2":"type-product","3":"status-publish","4":"has-post-thumbnail","6":"product_brand-cmc","7":"product_cat-cmc","8":"product_cat-ferrari","9":"product_cat-vorbestellbar","10":"product_tag-1-m","11":"product_tag-cmc","12":"product_tag-ferrari","13":"product_tag-vorbestellbar","14":"pa_automarke-mercedes","15":"pa_decade-1950s","16":"pa_fahrzeugtyp-gt-rennen","17":"pa_massstab-1-18","18":"pa_modelmarke-cmc","19":"pa_modeltyp-alles-zum-oeffnen","20":"pa_modeltyp-fertigmodell","21":"pa_status-beim-hersteller-verfuegbar","22":"pa_verfuegbarkeit-vorbestellbar","23":"pa_zustand_modell-1-brandneu","24":"pa_zustand_verpackung-1-brandneu","26":"first","27":"instock","28":"sale","29":"taxable","30":"shipping-taxable","31":"purchasable","32":"product-type-simple"},"jetpack_sharing_enabled":true,"_links":{"self":[{"href":"https:\/\/www.modelcars24.de\/it\/wp-json\/wp\/v2\/product\/60307","targetHints":{"allow":["GET"]}}],"collection":[{"href":"https:\/\/www.modelcars24.de\/it\/wp-json\/wp\/v2\/product"}],"about":[{"href":"https:\/\/www.modelcars24.de\/it\/wp-json\/wp\/v2\/types\/product"}],"replies":[{"embeddable":true,"href":"https:\/\/www.modelcars24.de\/it\/wp-json\/wp\/v2\/comments?post=60307"}],"version-history":[{"count":3,"href":"https:\/\/www.modelcars24.de\/it\/wp-json\/wp\/v2\/product\/60307\/revisions"}],"predecessor-version":[{"id":60339,"href":"https:\/\/www.modelcars24.de\/it\/wp-json\/wp\/v2\/product\/60307\/revisions\/60339"}],"wp:featuredmedia":[{"embeddable":true,"href":"https:\/\/www.modelcars24.de\/it\/wp-json\/wp\/v2\/media\/60257"}],"wp:attachment":[{"href":"https:\/\/www.modelcars24.de\/it\/wp-json\/wp\/v2\/media?parent=60307"}],"wp:term":[{"taxonomy":"product_brand","embeddable":true,"href":"https:\/\/www.modelcars24.de\/it\/wp-json\/wp\/v2\/product_brand?post=60307"},{"taxonomy":"product_cat","embeddable":true,"href":"https:\/\/www.modelcars24.de\/it\/wp-json\/wp\/v2\/product_cat?post=60307"},{"taxonomy":"product_tag","embeddable":true,"href":"https:\/\/www.modelcars24.de\/it\/wp-json\/wp\/v2\/product_tag?post=60307"}],"curies":[{"name":"wp","href":"https:\/\/api.w.org\/{rel}","templated":true}]}}