{"id":61389,"date":"2026-02-24T10:53:56","date_gmt":"2026-02-24T09:53:56","guid":{"rendered":"https:\/\/www.modelcars24.de\/?post_type=product&#038;p=61389"},"modified":"2026-02-27T10:53:27","modified_gmt":"2026-02-27T09:53:27","slug":"bbr-ferrari-488-pista-spider-rosso-corsa-con-striscia-italiana-uno-dei-48-esemplari-1-18-copia","status":"publish","type":"product","link":"https:\/\/www.modelcars24.de\/it\/bbr-ferrari-488-pista-spider-rosso-corsa-with-italian-stripe-one-of-48-1-18-kopie\/","title":{"rendered":"BBR Ferrari 458 Speciale A spider Verde Germoglio una delle 48 - 1\/18"},"content":{"rendered":"<h2>BBR Ferrari 458 Speciale A spider Verde Germoglio una delle 48 - 1\/18<\/h2>\n<p>La Ferrari 488 Pista continua la tradizione delle famose edizioni speciali V8 della Ferrari, che trasformano il modello standard in una versione estrema, leggera e pronta per la pista. La 488 Pista si ispira alle corse, in particolare ai programmi Ferrari Challenge e GTE. Il suo design \u00e8 costantemente incentrato sulle prestazioni: La vistosa presa d'aria (S-Duct) sul cofano indirizza l'aria e aumenta cos\u00ec la deportanza. Nella parte posteriore, il parabrezza posteriore in Lexan pi\u00f9 leggero e lo spoiler fisso generano deportanza aerodinamica. Il risultato \u00e8 la massima aderenza e stabilit\u00e0 anche a velocit\u00e0 molto elevate.<\/p>\n<p>con tappo in acrilico, limitato a 48 pezzi.<\/p>\n<p>P18102E<\/p>","protected":false},"excerpt":{"rendered":"<p>P18102E &#8211; preorder &#8211; 445 \u20ac inkl. 19% Vat<\/p>","protected":false},"featured_media":61392,"comment_status":"open","ping_status":"closed","template":"","meta":{"_acf_changed":false},"product_brand":[851],"product_cat":[169,63,262],"product_tag":[173,209,202],"class_list":{"0":"post-61389","1":"product","2":"type-product","3":"status-publish","4":"has-post-thumbnail","6":"product_brand-bbr","7":"product_cat-bbr","8":"product_cat-ferrari","9":"product_cat-vorbestellbar","10":"product_tag-bbr","11":"product_tag-ferrari","12":"product_tag-verfuegbar","13":"pa_automarke-ferrari","14":"pa_decade-2020s","15":"pa_fahrzeugtyp-gt-rennen","16":"pa_farbe-rot","17":"pa_limitiert-ja","18":"pa_massstab-1-18","19":"pa_modelmarke-bbr","20":"pa_modeltyp-fertigmodell","21":"pa_modeltyp-geschlossen","22":"pa_status-beim-hersteller-ausverkauft","23":"pa_verfuegbarkeit-5-tage-lieferzeit","24":"pa_zustand_modell-1-brandneu","25":"pa_zustand_verpackung-1-brandneu","27":"first","28":"instock","29":"taxable","30":"shipping-taxable","31":"purchasable","32":"product-type-simple"},"acf":[],"jetpack_sharing_enabled":true,"_links":{"self":[{"href":"https:\/\/www.modelcars24.de\/it\/wp-json\/wp\/v2\/product\/61389","targetHints":{"allow":["GET"]}}],"collection":[{"href":"https:\/\/www.modelcars24.de\/it\/wp-json\/wp\/v2\/product"}],"about":[{"href":"https:\/\/www.modelcars24.de\/it\/wp-json\/wp\/v2\/types\/product"}],"replies":[{"embeddable":true,"href":"https:\/\/www.modelcars24.de\/it\/wp-json\/wp\/v2\/comments?post=61389"}],"version-history":[{"count":3,"href":"https:\/\/www.modelcars24.de\/it\/wp-json\/wp\/v2\/product\/61389\/revisions"}],"predecessor-version":[{"id":61397,"href":"https:\/\/www.modelcars24.de\/it\/wp-json\/wp\/v2\/product\/61389\/revisions\/61397"}],"wp:featuredmedia":[{"embeddable":true,"href":"https:\/\/www.modelcars24.de\/it\/wp-json\/wp\/v2\/media\/61392"}],"wp:attachment":[{"href":"https:\/\/www.modelcars24.de\/it\/wp-json\/wp\/v2\/media?parent=61389"}],"wp:term":[{"taxonomy":"product_brand","embeddable":true,"href":"https:\/\/www.modelcars24.de\/it\/wp-json\/wp\/v2\/product_brand?post=61389"},{"taxonomy":"product_cat","embeddable":true,"href":"https:\/\/www.modelcars24.de\/it\/wp-json\/wp\/v2\/product_cat?post=61389"},{"taxonomy":"product_tag","embeddable":true,"href":"https:\/\/www.modelcars24.de\/it\/wp-json\/wp\/v2\/product_tag?post=61389"}],"curies":[{"name":"wp","href":"https:\/\/api.w.org\/{rel}","templated":true}]}}