{"id":61402,"date":"2026-02-24T11:27:39","date_gmt":"2026-02-24T10:27:39","guid":{"rendered":"https:\/\/www.modelcars24.de\/?post_type=product&#038;p=61402"},"modified":"2026-02-25T12:25:48","modified_gmt":"2026-02-25T11:25:48","slug":"bbr-ferrari-enzo-open-diecast-nero-ds-nero-e-rosso-ruote-lusso-pack-1-18","status":"publish","type":"product","link":"https:\/\/www.modelcars24.de\/it\/bbr-ferrari-enzo-open-diecast-nero-ds-black-and-red-wheels-luxury-pack-1-18\/","title":{"rendered":"BBR Ferrari Enzo open diecast Nero DS - Cerchi neri e rossi - Pacchetto lusso - 1\/18"},"content":{"rendered":"<p>BBR Ferrari Enzo open diecast Nero DS - Cerchi neri e rossi - Pacchetto lusso - 1\/18<\/p>\n<p>BBR presenta un nuovo modello. Grazie alla moderna tecnologia, le porte sono state ridisegnate e ora possono essere aperte in modo pi\u00f9 realistico. Oltre ai risparmi sui costi derivanti dai nuovi stampi, gli interni sono stati aggiornati con sedili soft-touch e cinture di sicurezza in tessuto. Il telaio \u00e8 completamente funzionale e presenta uno spoiler posteriore mobile. Le porte, il cofano e il tappo del serbatoio possono essere aperti.<\/p>\n<p>Il modello colpisce per i dettagli realistici, come le valigie che possono essere riposte nel bagagliaio e la possibilit\u00e0 di rimuovere le ruote con una speciale chiave in scala reale. \u00c8 composto da 570 pezzi.<\/p>\n<p>L'omaggio del Cavallino Rampante al suo fondatore. La Ferrari Enzo fu presentata nel 2002, anno che segn\u00f2 una tappa importante nella trionfale carriera di Michael Schumacher in Formula 1. Dopo soli undici Gran Premi, il tedesco vinse il campionato del mondo piloti: Dopo soli undici Gran Premi, il tedesco vinse il campionato mondiale piloti. La Enzo, di cui furono costruiti 399 esemplari, fu il risultato di un trasferimento di tecnologia dalle auto da corsa alle auto da strada. La carrozzeria, realizzata da Pininfarina, coniuga stile e funzionalit\u00e0 ed \u00e8 caratterizzata da linee potenti con un frontale ispirato alla F2002, che Schumacher guid\u00f2 in Formula 1.<\/p>\n<p>Base e vetrina incluse<\/p>\n<p>Numero articolo: HE182509BDIE<\/p>","protected":false},"excerpt":{"rendered":"<p>HE182509BDIE &#8211;\u00a0 preorder &#8211; 399,00 \u20ac inkl. 19% vat<\/p>","protected":false},"featured_media":61403,"comment_status":"open","ping_status":"closed","template":"","meta":[],"product_brand":[851],"product_cat":[169,63,262],"product_tag":[173,209,202],"class_list":{"0":"post-61402","1":"product","2":"type-product","3":"status-publish","4":"has-post-thumbnail","6":"product_brand-bbr","7":"product_cat-bbr","8":"product_cat-ferrari","9":"product_cat-vorbestellbar","10":"product_tag-bbr","11":"product_tag-ferrari","12":"product_tag-verfuegbar","13":"pa_automarke-ferrari","14":"pa_decade-2020s","15":"pa_fahrzeugtyp-gt-rennen","16":"pa_farbe-rot","17":"pa_limitiert-ja","18":"pa_massstab-1-18","19":"pa_modelmarke-bbr","20":"pa_modeltyp-fertigmodell","21":"pa_modeltyp-geschlossen","22":"pa_status-beim-hersteller-verfuegbar","23":"pa_verfuegbarkeit-vorbestellbar","24":"pa_zustand_modell-1-brandneu","25":"pa_zustand_verpackung-1-brandneu","27":"first","28":"instock","29":"taxable","30":"shipping-taxable","31":"purchasable","32":"product-type-simple"},"jetpack_sharing_enabled":true,"_links":{"self":[{"href":"https:\/\/www.modelcars24.de\/it\/wp-json\/wp\/v2\/product\/61402","targetHints":{"allow":["GET"]}}],"collection":[{"href":"https:\/\/www.modelcars24.de\/it\/wp-json\/wp\/v2\/product"}],"about":[{"href":"https:\/\/www.modelcars24.de\/it\/wp-json\/wp\/v2\/types\/product"}],"replies":[{"embeddable":true,"href":"https:\/\/www.modelcars24.de\/it\/wp-json\/wp\/v2\/comments?post=61402"}],"version-history":[{"count":1,"href":"https:\/\/www.modelcars24.de\/it\/wp-json\/wp\/v2\/product\/61402\/revisions"}],"predecessor-version":[{"id":61405,"href":"https:\/\/www.modelcars24.de\/it\/wp-json\/wp\/v2\/product\/61402\/revisions\/61405"}],"wp:featuredmedia":[{"embeddable":true,"href":"https:\/\/www.modelcars24.de\/it\/wp-json\/wp\/v2\/media\/61403"}],"wp:attachment":[{"href":"https:\/\/www.modelcars24.de\/it\/wp-json\/wp\/v2\/media?parent=61402"}],"wp:term":[{"taxonomy":"product_brand","embeddable":true,"href":"https:\/\/www.modelcars24.de\/it\/wp-json\/wp\/v2\/product_brand?post=61402"},{"taxonomy":"product_cat","embeddable":true,"href":"https:\/\/www.modelcars24.de\/it\/wp-json\/wp\/v2\/product_cat?post=61402"},{"taxonomy":"product_tag","embeddable":true,"href":"https:\/\/www.modelcars24.de\/it\/wp-json\/wp\/v2\/product_tag?post=61402"}],"curies":[{"name":"wp","href":"https:\/\/api.w.org\/{rel}","templated":true}]}}