{"id":61907,"date":"2026-03-10T13:51:39","date_gmt":"2026-03-10T12:51:39","guid":{"rendered":"https:\/\/www.modelcars24.de\/?post_type=product&#038;p=61907"},"modified":"2026-04-29T15:05:06","modified_gmt":"2026-04-29T13:05:06","slug":"gt-spirit-porsche-911-930-turbo-3-3-indian-red-1989-1-8","status":"publish","type":"product","link":"https:\/\/www.modelcars24.de\/it\/gt-spirit-porsche-911-930-turbo-3-3-indisch-rot-1989-1-8\/","title":{"rendered":"GT Spirit Porsche  911 [930] Turbo 3.3 indisch rot 1989 &#8211; 1\/8"},"content":{"rendered":"<h3>GT Spirit Porsche 911 [930] Turbo 3.3 indisch rot 1989 &#8211; 1\/8<\/h3>\n<p>Der GT Spirit Porsche 911 (930) Turbo 3.3 im imposanten Ma\u00dfstab 1:8 ist ein monumentales Denkmal f\u00fcr die Sportwagen-Ikone von 1989. In klassischem Indischrot lackiert, f\u00e4ngt das Resine-Modell die bullige Pr\u00e4senz des \u201eWitwenmachers\u201c perfekt ein \u2013 vom legend\u00e4ren Walfischflossen-Spoiler bis zu den markanten Kotfl\u00fcgelverbreiterungen.<\/p>\n<p>Produktdetails im \u00dcberblick<\/p>\n<ul>\n<li>Ma\u00dfstab: 1:8 (ca. 50 cm L\u00e4nge)<\/li>\n<li>Farbe: Indischrot (Guards Red)<\/li>\n<li>Material: Hochwertiges Resine (Limited Edition)<\/li>\n<li>Details: Hochpr\u00e4zise Nachbildung des Interieurs und der Fuchs-Felgen<\/li>\n<\/ul>\n<p>Trotz fehlender zu \u00f6ffnender Teile \u00fcberzeugt das Modell durch eine Detailtiefe, die bei kleineren Ma\u00dfst\u00e4ben kaum m\u00f6glich ist. Es ist kein blo\u00dfes Spielzeug, sondern ein massives Statement f\u00fcr Sammler, die das finale Baujahr der 930-\u00c4ra in ihrer ganzen Pracht w\u00fcrdigen wollen.<\/p>\n<p>Artikelnummer: GTS802301<\/p>\n","protected":false},"excerpt":{"rendered":"<p>GTS802301 &#8211; 1-brandneu- anstatt 1190,00 \u20ac jetzt 995,00 \u20ac inkl. 19% Vat<\/p>","protected":false},"featured_media":61908,"comment_status":"open","ping_status":"closed","template":"","meta":[],"product_brand":[861],"product_cat":[436,242,56,262],"product_tag":[172,173,269,175,270,181,182],"class_list":{"0":"post-61907","1":"product","2":"type-product","3":"status-publish","4":"has-post-thumbnail","6":"product_brand-hc","7":"product_cat-gt-spirit","8":"product_cat-mclaren","9":"product_cat-porsche","10":"product_cat-vorbestellbar","11":"product_tag-atelier","12":"product_tag-bbr","13":"product_tag-bbr-ferrari-250-lusso-red","14":"product_tag-competizione","15":"product_tag-ferrari-250-lusso-1963-118","16":"product_tag-mrcollection","17":"product_tag-perfectly-embodies-ferraris","18":"product_shipping_class-sperrgut","19":"pa_automarke-porsche","20":"pa_decade-2020s","21":"pa_fahrzeugtyp-coupe","22":"pa_farbe-rot","23":"pa_limitiert-ja","24":"pa_massstab-1-8","25":"pa_modeltyp-fertigmodell","26":"pa_modeltyp-geschlossen","27":"pa_status-beim-hersteller-verfuegbar","28":"pa_verfuegbarkeit-vorbestellbar","29":"pa_zustand_modell-1-brandneu","30":"pa_zustand_verpackung-1-brandneu","32":"first","33":"instock","34":"sale","35":"taxable","36":"shipping-taxable","37":"purchasable","38":"product-type-simple"},"jetpack_sharing_enabled":true,"_links":{"self":[{"href":"https:\/\/www.modelcars24.de\/it\/wp-json\/wp\/v2\/product\/61907","targetHints":{"allow":["GET"]}}],"collection":[{"href":"https:\/\/www.modelcars24.de\/it\/wp-json\/wp\/v2\/product"}],"about":[{"href":"https:\/\/www.modelcars24.de\/it\/wp-json\/wp\/v2\/types\/product"}],"replies":[{"embeddable":true,"href":"https:\/\/www.modelcars24.de\/it\/wp-json\/wp\/v2\/comments?post=61907"}],"version-history":[{"count":2,"href":"https:\/\/www.modelcars24.de\/it\/wp-json\/wp\/v2\/product\/61907\/revisions"}],"predecessor-version":[{"id":61915,"href":"https:\/\/www.modelcars24.de\/it\/wp-json\/wp\/v2\/product\/61907\/revisions\/61915"}],"wp:featuredmedia":[{"embeddable":true,"href":"https:\/\/www.modelcars24.de\/it\/wp-json\/wp\/v2\/media\/61908"}],"wp:attachment":[{"href":"https:\/\/www.modelcars24.de\/it\/wp-json\/wp\/v2\/media?parent=61907"}],"wp:term":[{"taxonomy":"product_brand","embeddable":true,"href":"https:\/\/www.modelcars24.de\/it\/wp-json\/wp\/v2\/product_brand?post=61907"},{"taxonomy":"product_cat","embeddable":true,"href":"https:\/\/www.modelcars24.de\/it\/wp-json\/wp\/v2\/product_cat?post=61907"},{"taxonomy":"product_tag","embeddable":true,"href":"https:\/\/www.modelcars24.de\/it\/wp-json\/wp\/v2\/product_tag?post=61907"}],"curies":[{"name":"wp","href":"https:\/\/api.w.org\/{rel}","templated":true}]}}