{"id":62225,"date":"2026-03-18T13:18:37","date_gmt":"2026-03-18T12:18:37","guid":{"rendered":"https:\/\/www.modelcars24.de\/?post_type=product&#038;p=62225"},"modified":"2026-03-20T11:05:02","modified_gmt":"2026-03-20T10:05:02","slug":"amalgama-porsche-917k-vincitrice-di-daytona-1970","status":"publish","type":"product","link":"https:\/\/www.modelcars24.de\/it\/amalgam-porsche-917k-sieger-von-1970-daytona\/","title":{"rendered":"Amalgam Porsche 917K - Vincitore della Daytona del 1970 - Vernice Gulf - Gara intemperie - 1\/8"},"content":{"rendered":"<p>Amalgam Porsche 917K - Vincitore della Daytona del 1970 - Vernice Gulf - Gara intemperie - 1\/8<\/p>\n<p data-path-to-node=\"1\">Un capolavoro unico<\/p>\n<p data-path-to-node=\"2\">Questa Porsche 917K Amalgam one-off in scala 1:8 \u00e8 molto pi\u00f9 di un semplice oggetto da collezione: \u00e8 un momento congelato nella storia del motorsport. Mentre le normali edizioni Weathered appaiono spesso in piccole serie, questo pezzo unico \u00e8 stato rifinito con una precisione che interpreta individualmente ogni graffio e particella di fuliggine della 24 Ore di Daytona del 1970.<\/p>\n<p data-path-to-node=\"3\">La finitura artigianale riflette lo stress spietato a cui Rodr\u00edguez e Kinnunen sono stati sottoposti. La combinazione tra la leggendaria verniciatura Gulf e la patina \u201eRace Weathered\u201c estremamente dettagliata ne fa un pezzo d'arte da museo. Non esiste nessun altro esemplare in questa forma in tutto il mondo, il che lo rende il gioiello della corona di qualsiasi collezione di alto livello.<\/p>\n<p>2 nuovi<\/p>","protected":false},"excerpt":{"rendered":"<p>M5756 &#8211; 2-neuwertig &#8211; 17500,00 \u20ac<\/p>","protected":false},"featured_media":62226,"comment_status":"open","ping_status":"closed","template":"","meta":[],"product_brand":[864],"product_cat":[286,45,56,21],"product_tag":[288,209,202],"class_list":{"0":"post-62225","1":"product","2":"type-product","3":"status-publish","4":"has-post-thumbnail","6":"product_brand-amalgam","7":"product_cat-amalgam","8":"product_cat-neuzugang","9":"product_cat-porsche","10":"product_cat-verfuegbar","11":"product_tag-amalgam","12":"product_tag-ferrari","13":"product_tag-verfuegbar","14":"pa_automarke-porsche","15":"pa_decade-1930s","16":"pa_fahrzeugtyp-cabrio","17":"pa_farbe-rot","18":"pa_limitiert-ja","19":"pa_massstab-1-8","20":"pa_modelmarke-amalgam","21":"pa_modeltyp-alles-zum-oeffnen","22":"pa_modeltyp-fertigmodell","23":"pa_status-beim-hersteller-verfuegbar","24":"pa_verfuegbarkeit-5-tage-lieferzeit","25":"pa_zustand_modell-2-neuwertig","26":"pa_zustand_verpackung-2-neuwertig","28":"first","29":"instock","30":"purchasable","31":"product-type-simple"},"jetpack_sharing_enabled":true,"_links":{"self":[{"href":"https:\/\/www.modelcars24.de\/it\/wp-json\/wp\/v2\/product\/62225","targetHints":{"allow":["GET"]}}],"collection":[{"href":"https:\/\/www.modelcars24.de\/it\/wp-json\/wp\/v2\/product"}],"about":[{"href":"https:\/\/www.modelcars24.de\/it\/wp-json\/wp\/v2\/types\/product"}],"replies":[{"embeddable":true,"href":"https:\/\/www.modelcars24.de\/it\/wp-json\/wp\/v2\/comments?post=62225"}],"version-history":[{"count":1,"href":"https:\/\/www.modelcars24.de\/it\/wp-json\/wp\/v2\/product\/62225\/revisions"}],"predecessor-version":[{"id":62256,"href":"https:\/\/www.modelcars24.de\/it\/wp-json\/wp\/v2\/product\/62225\/revisions\/62256"}],"wp:featuredmedia":[{"embeddable":true,"href":"https:\/\/www.modelcars24.de\/it\/wp-json\/wp\/v2\/media\/62226"}],"wp:attachment":[{"href":"https:\/\/www.modelcars24.de\/it\/wp-json\/wp\/v2\/media?parent=62225"}],"wp:term":[{"taxonomy":"product_brand","embeddable":true,"href":"https:\/\/www.modelcars24.de\/it\/wp-json\/wp\/v2\/product_brand?post=62225"},{"taxonomy":"product_cat","embeddable":true,"href":"https:\/\/www.modelcars24.de\/it\/wp-json\/wp\/v2\/product_cat?post=62225"},{"taxonomy":"product_tag","embeddable":true,"href":"https:\/\/www.modelcars24.de\/it\/wp-json\/wp\/v2\/product_tag?post=62225"}],"curies":[{"name":"wp","href":"https:\/\/api.w.org\/{rel}","templated":true}]}}