{"id":63634,"date":"2026-04-22T13:50:46","date_gmt":"2026-04-22T11:50:46","guid":{"rendered":"https:\/\/www.modelcars24.de\/?post_type=product&#038;p=63634"},"modified":"2026-04-22T19:11:04","modified_gmt":"2026-04-22T17:11:04","slug":"ixo-bmw-m3-e30-macao-blau-modelcars24","status":"publish","type":"product","link":"https:\/\/www.modelcars24.de\/it\/ixo-bmw-m3-e30-macao-blau-modelcars24\/","title":{"rendered":"IXO BMW M3 E30 Macao Blau modelcars24 exklusive Bausatz one of 300 &#8211; 1\/8"},"content":{"rendered":"<p>IXO BMW M3 E30 Bausatz Macao Blau &#8211; 1\/8. Hochwertiger Bausatz im Ma\u00dfstab 1:8. Komplettlieferung<\/p>\n<p>Il kit IXO BMW M3 E30 in scala 1:8 \u00e8 un sogno che diventa realt\u00e0 per gli appassionati della leggenda delle auto da turismo. Realizzato in metallo pressofuso di alta qualit\u00e0, il modello colpisce per il suo peso impressionante e l'alto livello di dettaglio. La particolarit\u00e0 di questo kit completo \u00e8 che si assembla solo con viti - non \u00e8 necessaria la colla, il che rende l'assemblaggio pulito e privo di frustrazioni.<\/p>\n<p>In klassischem Macao Blau lackiert, \u00fcberzeugt der M3 durch funktionale Details wie eine bewegliche Lenkung, zu \u00f6ffnende T\u00fcren und Hauben sowie eine originalgetreue Nachbildung des S14-Motors. Sogar die Scheinwerfer und Bremslichter sind meist verkabelt und voll funktionsf\u00e4hig. Ein monumentales Sammlerst\u00fcck, das die \u00c4ra der DTM direkt ins Wohnzimmer holt.<\/p>\n<p>Dieses Modell produziert IXO exklusiv f\u00fcr uns und ist auf nur 300 St\u00fcck limitiert.<\/p>\n<p>Funzioni speciali:<\/p>\n<ul>\n<li>Replica fedele della BMW M3 e30<\/li>\n<li>Scala 1:8 per dimensioni impressionanti e dettagli precisi<\/li>\n<li>Oltre 602 parti, molte delle quali in metallo, per una costruzione robusta e realistica<\/li>\n<li>Le porte, il cofano e il bagagliaio possono essere aperti per esplorare gli interni dettagliati.<\/li>\n<li>Fari funzionanti che si illuminano tramite il cruscotto<\/li>\n<li>Luci di arresto che si attivano quando si preme il pedale del freno<\/li>\n<li>Sterzo funzionale per un'esperienza interattiva<\/li>\n<li>Istruzioni di montaggio dettagliate per un assemblaggio semplice e preciso<\/li>\n<li>Un regalo indimenticabile<\/li>\n<\/ul>\n<p>Artikelnummer: IXC.BMW.R.BL<\/p>","protected":false},"excerpt":{"rendered":"<p>IXC.BMW.R.BL \u00a0&#8211; preorder 995,00 \u20ac inkl. 19% Vat<\/p>","protected":false},"featured_media":63702,"comment_status":"open","ping_status":"closed","template":"","meta":{"_acf_changed":false},"product_brand":[839],"product_cat":[279,969,193,417,262],"product_tag":[460,316,263],"class_list":{"0":"post-63634","1":"product","2":"type-product","3":"status-publish","4":"has-post-thumbnail","6":"product_brand-ixo","7":"product_cat-1-m","8":"product_cat-anzahlung3","9":"product_cat-bmw","10":"product_cat-ixo","11":"product_cat-vorbestellbar","12":"product_tag-ixo","13":"product_tag-mercedes","14":"product_tag-vorbestellbar","15":"product_shipping_class-sperrgut","16":"pa_automarke-bmw","17":"pa_decade-1980s","18":"pa_fahrzeugtyp-limousine","19":"pa_limitiert-nein","20":"pa_massstab-1-8","21":"pa_modelmarke-ixo","22":"pa_modeltyp-alles-zum-oeffnen","23":"pa_modeltyp-bausatz","24":"pa_status-beim-hersteller-verfuegbar","25":"pa_verfuegbarkeit-vorbestellbar","26":"pa_zustand_modell-1-brandneu","27":"pa_zustand_verpackung-1-brandneu","29":"first","30":"instock","31":"taxable","32":"shipping-taxable","33":"purchasable","34":"product-type-simple"},"acf":[],"jetpack_sharing_enabled":true,"_links":{"self":[{"href":"https:\/\/www.modelcars24.de\/it\/wp-json\/wp\/v2\/product\/63634","targetHints":{"allow":["GET"]}}],"collection":[{"href":"https:\/\/www.modelcars24.de\/it\/wp-json\/wp\/v2\/product"}],"about":[{"href":"https:\/\/www.modelcars24.de\/it\/wp-json\/wp\/v2\/types\/product"}],"replies":[{"embeddable":true,"href":"https:\/\/www.modelcars24.de\/it\/wp-json\/wp\/v2\/comments?post=63634"}],"version-history":[{"count":1,"href":"https:\/\/www.modelcars24.de\/it\/wp-json\/wp\/v2\/product\/63634\/revisions"}],"predecessor-version":[{"id":63637,"href":"https:\/\/www.modelcars24.de\/it\/wp-json\/wp\/v2\/product\/63634\/revisions\/63637"}],"wp:featuredmedia":[{"embeddable":true,"href":"https:\/\/www.modelcars24.de\/it\/wp-json\/wp\/v2\/media\/63702"}],"wp:attachment":[{"href":"https:\/\/www.modelcars24.de\/it\/wp-json\/wp\/v2\/media?parent=63634"}],"wp:term":[{"taxonomy":"product_brand","embeddable":true,"href":"https:\/\/www.modelcars24.de\/it\/wp-json\/wp\/v2\/product_brand?post=63634"},{"taxonomy":"product_cat","embeddable":true,"href":"https:\/\/www.modelcars24.de\/it\/wp-json\/wp\/v2\/product_cat?post=63634"},{"taxonomy":"product_tag","embeddable":true,"href":"https:\/\/www.modelcars24.de\/it\/wp-json\/wp\/v2\/product_tag?post=63634"}],"curies":[{"name":"wp","href":"https:\/\/api.w.org\/{rel}","templated":true}]}}