{"id":63880,"date":"2026-05-01T12:08:24","date_gmt":"2026-05-01T10:08:24","guid":{"rendered":"https:\/\/www.modelcars24.de\/?post_type=product&#038;p=63880"},"modified":"2026-05-01T12:17:04","modified_gmt":"2026-05-01T10:17:04","slug":"gt-spirit-porsche-carrera-gt-silber-2003","status":"publish","type":"product","link":"https:\/\/www.modelcars24.de\/it\/gt-spirit-porsche-carrera-gt-silber-2003\/","title":{"rendered":"GT Spirit Porsche Carrera GT silber 2003 &#8211; 1\/8"},"content":{"rendered":"<h3>GT Spirit Porsche Carrera GT silber 2003 &#8211; 1\/8<\/h3>\n<p data-path-to-node=\"0\">Il <b data-path-to-node=\"0\" data-index-in-node=\"4\">GT Spirit Porsche Carrera GT<\/b> im Ma\u00dfstab <b data-path-to-node=\"0\" data-index-in-node=\"44\">1:8<\/b> ist weit mehr als nur ein Modellauto \u2013 er ist ein imposantes Statement f\u00fcr jede Sammlung. Mit einer L\u00e4nge von rund 58 cm f\u00e4ngt dieses Gro\u00dfmodell die aggressive und zugleich flie\u00dfende Formsprache des legend\u00e4ren V10-Supersportwagens perfekt ein. Gefertigt aus hochwertigem Resine, besticht der Carrera GT durch eine makellose Lackierung und feinste Details, von den markanten Scheinwerfern bis hin zu den filigranen Felgen mit Zentralverschluss.<\/p>\n<p data-path-to-node=\"1\">Ein besonderes Highlight ist der Lieferumfang: Das Modell wird mit einer <b data-path-to-node=\"1\" data-index-in-node=\"73\">hochwertigen Vitrine<\/b> geliefert. Diese sch\u00fctzt das Meisterwerk nicht nur vor Staub, sondern setzt es auf einem edlen Sockel professionell in Szene. Dank der transparenten Haube bleibt der Blick auf das detaillierte Interieur und die charakteristische Motorabdeckung jederzeit frei. F\u00fcr Porsche-Enthusiasten ist dieses Set die ultimative Art, einen der puristischsten Sportwagen der Geschichte zu w\u00fcrdigen. Exklusivit\u00e4t und Pr\u00e4senz sind hier garantiert.<\/p>\n<p>GTS803101<\/p>","protected":false},"excerpt":{"rendered":"<p>GTS803101 &#8211; preorder &#8211; anstatt 1190,00 \u20ac jetzt 995,00 \u20ac inkl. 19% Vat<\/p>","protected":false},"featured_media":63881,"comment_status":"open","ping_status":"closed","template":"","meta":{"_acf_changed":false},"product_brand":[861],"product_cat":[279,436,56,262],"product_tag":[172,173,269,175,270,181,182],"class_list":{"0":"post-63880","1":"product","2":"type-product","3":"status-publish","4":"has-post-thumbnail","6":"product_brand-hc","7":"product_cat-1-m","8":"product_cat-gt-spirit","9":"product_cat-porsche","10":"product_cat-vorbestellbar","11":"product_tag-atelier","12":"product_tag-bbr","13":"product_tag-bbr-ferrari-250-lusso-red","14":"product_tag-competizione","15":"product_tag-ferrari-250-lusso-1963-118","16":"product_tag-mrcollection","17":"product_tag-perfectly-embodies-ferraris","18":"product_shipping_class-sperrgut","19":"pa_automarke-porsche","20":"pa_decade-2020s","21":"pa_fahrzeugtyp-coupe","22":"pa_farbe-rot","23":"pa_limitiert-ja","24":"pa_massstab-1-8","25":"pa_modelmarke-gt-spirit","26":"pa_modeltyp-fertigmodell","27":"pa_modeltyp-geschlossen","28":"pa_status-beim-hersteller-verfuegbar","29":"pa_verfuegbarkeit-vorbestellbar","30":"pa_zustand_modell-1-brandneu","31":"pa_zustand_verpackung-1-brandneu","33":"first","34":"instock","35":"sale","36":"taxable","37":"shipping-taxable","38":"purchasable","39":"product-type-simple"},"acf":[],"jetpack_sharing_enabled":true,"_links":{"self":[{"href":"https:\/\/www.modelcars24.de\/it\/wp-json\/wp\/v2\/product\/63880","targetHints":{"allow":["GET"]}}],"collection":[{"href":"https:\/\/www.modelcars24.de\/it\/wp-json\/wp\/v2\/product"}],"about":[{"href":"https:\/\/www.modelcars24.de\/it\/wp-json\/wp\/v2\/types\/product"}],"replies":[{"embeddable":true,"href":"https:\/\/www.modelcars24.de\/it\/wp-json\/wp\/v2\/comments?post=63880"}],"version-history":[{"count":2,"href":"https:\/\/www.modelcars24.de\/it\/wp-json\/wp\/v2\/product\/63880\/revisions"}],"predecessor-version":[{"id":63888,"href":"https:\/\/www.modelcars24.de\/it\/wp-json\/wp\/v2\/product\/63880\/revisions\/63888"}],"wp:featuredmedia":[{"embeddable":true,"href":"https:\/\/www.modelcars24.de\/it\/wp-json\/wp\/v2\/media\/63881"}],"wp:attachment":[{"href":"https:\/\/www.modelcars24.de\/it\/wp-json\/wp\/v2\/media?parent=63880"}],"wp:term":[{"taxonomy":"product_brand","embeddable":true,"href":"https:\/\/www.modelcars24.de\/it\/wp-json\/wp\/v2\/product_brand?post=63880"},{"taxonomy":"product_cat","embeddable":true,"href":"https:\/\/www.modelcars24.de\/it\/wp-json\/wp\/v2\/product_cat?post=63880"},{"taxonomy":"product_tag","embeddable":true,"href":"https:\/\/www.modelcars24.de\/it\/wp-json\/wp\/v2\/product_tag?post=63880"}],"curies":[{"name":"wp","href":"https:\/\/api.w.org\/{rel}","templated":true}]}}