{"id":64310,"date":"2026-05-15T13:26:09","date_gmt":"2026-05-15T11:26:09","guid":{"rendered":"https:\/\/www.modelcars24.de\/?post_type=product&#038;p=64310"},"modified":"2026-05-15T13:30:45","modified_gmt":"2026-05-15T11:30:45","slug":"bbr-ferrari-f80-rosso-corsa-aluminium-gloss-1-18","status":"publish","type":"product","link":"https:\/\/www.modelcars24.de\/it\/bbr-ferrari-f80-rosso-corsa-aluminium-gloss-1-18\/","title":{"rendered":"BBR Ferrari F80 Rosso Corsa &#8211; Aluminium gloss &#8211; 1\/18"},"content":{"rendered":"<p>BBR Ferrari F80 Rosso Corsa &#8211; Aluminium gloss &#8211; 1\/18 one of 30<\/p>\n<p>La F80 rappresenta una rivoluzione per l'auto sportiva Ferrari, grazie al primo motore elettrico sviluppato, testato e prodotto interamente a Maranello. Il motore elettrico MGU-K si basa direttamente sull'esperienza Ferrari nel mondo delle corse. Diversi componenti provengono dal gruppo propulsore della 499P, vincitrice delle 24 Ore di Le Mans del 2023 e del 2024.<br \/>\nL'impianto frenante CCM-R Plus, sviluppato in collaborazione con Brembo e novit\u00e0 assoluta per un veicolo stradale, \u00e8 costituito da lunghe fibre di carbonio ed \u00e8 rivestito di carburo di silicio per migliorarne la resistenza.<br \/>\nIl generoso canale a S che caratterizza la parte centrale del cofano della F80 nasconde un'ala in tre parti (triplano) che dirige il flusso d'aria anteriore verso l'ala posteriore per generare il massimo carico aerodinamico.<br \/>\nIl design esterno della F80 ha una forte influenza futuristica e un chiaro riferimento all'industria aerospaziale.<br \/>\nL'abitacolo \u00e8 ispirato a una monoposto di Formula 1 e offre una soluzione inedita che rende il pilota protagonista assoluto e trasforma la F80 in una \u201e1+\u201c. La F80 \u00e8 dotata di un nuovo volante, leggermente pi\u00f9 piccolo rispetto al modello precedente e con un'impugnatura raffinata per migliorare la presa delle mani sul volante. \u00c8 dotato di pulsanti fisici per facilitarne l'utilizzo e il riconoscimento al tatto.<\/p>\n<p>Artikelnummer: P18253E<\/p>","protected":false},"excerpt":{"rendered":"<p>&nbsp;<\/p>\n<p>P18253E &#8211; 1-brandneu &#8211; 445,00 \u20ac inkl. 19% vat<\/p>","protected":false},"featured_media":64313,"comment_status":"open","ping_status":"closed","template":"","meta":[],"product_brand":[851],"product_cat":[169,63,21],"product_tag":[173,209,202],"class_list":{"0":"post-64310","1":"product","2":"type-product","3":"status-publish","4":"has-post-thumbnail","6":"product_brand-bbr","7":"product_cat-bbr","8":"product_cat-ferrari","9":"product_cat-verfuegbar","10":"product_tag-bbr","11":"product_tag-ferrari","12":"product_tag-verfuegbar","13":"pa_automarke-ferrari","14":"pa_decade-2020s","15":"pa_fahrzeugtyp-gt-rennen","16":"pa_farbe-rot","17":"pa_limitiert-ja","18":"pa_massstab-1-18","19":"pa_modelmarke-bbr","20":"pa_modeltyp-fertigmodell","21":"pa_modeltyp-geschlossen","22":"pa_status-beim-hersteller-verfuegbar","23":"pa_zustand_modell-1-brandneu","24":"pa_zustand_verpackung-1-brandneu","26":"first","27":"instock","28":"taxable","29":"shipping-taxable","30":"purchasable","31":"product-type-simple"},"jetpack_sharing_enabled":true,"_links":{"self":[{"href":"https:\/\/www.modelcars24.de\/it\/wp-json\/wp\/v2\/product\/64310","targetHints":{"allow":["GET"]}}],"collection":[{"href":"https:\/\/www.modelcars24.de\/it\/wp-json\/wp\/v2\/product"}],"about":[{"href":"https:\/\/www.modelcars24.de\/it\/wp-json\/wp\/v2\/types\/product"}],"replies":[{"embeddable":true,"href":"https:\/\/www.modelcars24.de\/it\/wp-json\/wp\/v2\/comments?post=64310"}],"version-history":[{"count":0,"href":"https:\/\/www.modelcars24.de\/it\/wp-json\/wp\/v2\/product\/64310\/revisions"}],"wp:featuredmedia":[{"embeddable":true,"href":"https:\/\/www.modelcars24.de\/it\/wp-json\/wp\/v2\/media\/64313"}],"wp:attachment":[{"href":"https:\/\/www.modelcars24.de\/it\/wp-json\/wp\/v2\/media?parent=64310"}],"wp:term":[{"taxonomy":"product_brand","embeddable":true,"href":"https:\/\/www.modelcars24.de\/it\/wp-json\/wp\/v2\/product_brand?post=64310"},{"taxonomy":"product_cat","embeddable":true,"href":"https:\/\/www.modelcars24.de\/it\/wp-json\/wp\/v2\/product_cat?post=64310"},{"taxonomy":"product_tag","embeddable":true,"href":"https:\/\/www.modelcars24.de\/it\/wp-json\/wp\/v2\/product_tag?post=64310"}],"curies":[{"name":"wp","href":"https:\/\/api.w.org\/{rel}","templated":true}]}}