{"id":39199,"date":"2025-03-08T11:26:38","date_gmt":"2025-03-08T10:26:38","guid":{"rendered":"http:\/\/www.mondo-legno.com\/agb\/"},"modified":"2025-03-08T12:12:03","modified_gmt":"2025-03-08T11:12:03","slug":"%e3%82%a2%e3%82%b0%e3%83%96","status":"publish","type":"page","link":"https:\/\/www.modelcars24.de\/ja\/agb\/","title":{"rendered":"GTC"},"content":{"rendered":"\t\t<div data-elementor-type=\"wp-page\" data-elementor-id=\"39199\" class=\"elementor elementor-39199\" data-elementor-post-type=\"page\">\n\t\t\t\t<div class=\"elementor-element elementor-element-3dc6ddd e-flex e-con-boxed e-con e-parent\" data-id=\"3dc6ddd\" data-element_type=\"container\" data-e-type=\"container\">\n\t\t\t\t\t<div class=\"e-con-inner\">\n\t\t\t\t<div class=\"elementor-element elementor-element-70a8461 elementor-widget elementor-widget-text-editor\" data-id=\"70a8461\" data-element_type=\"widget\" data-e-type=\"widget\" data-widget_type=\"text-editor.default\">\n\t\t\t\t<div class=\"elementor-widget-container\">\n\t\t\t\t\t\t\t\t\t<p>Allgemeine Gesch\u00e4ftsbedingungen mit Kundeninformationen<\/p>\n<p>1. Geltungsbereich<br>2. Angebote und Leistungsbeschreibungen<br>3. Bestellvorgang und Vertragsabschluss<br>4. Preise und Versandkosten<br>5. Lieferung, Warenverf\u00fcgbarkeit<br>6. Zahlungsmodalit\u00e4ten<br>7. Eigentumsvorbehalt<br>8. Sachm\u00e4ngelgew\u00e4hrleistung und Garantie<br>9. Haftung<br>10. Speicherung des Vertragstextes<br>11. Schlussbestimmungen<\/p>\n<p>1. Geltungsbereich<br>1.1. F\u00fcr die Gesch\u00e4ftsbeziehung zwischen modelcars24, Inhaber: Dr. Klaus Jeschke, Ant Flintenkamp 8, 26632 Ihlow (nachfolgend \u201eVerk\u00e4ufer\u201c) und dem Kunden (nachfolgend \u201eKunde\u201c) gelten ausschlie\u00dflich die nachfolgenden Allgemeinen Gesch\u00e4ftsbedingungen in ihrer zum Zeitpunkt der Bestellung g\u00fcltigen Fassung.<\/p>\n<p>1.2. Verbraucher im Sinne dieser AGB ist jede nat\u00fcrliche Person, die ein Rechtsgesch\u00e4ft zu einem Zwecke abschlie\u00dft, der \u00fcberwiegend weder ihrer gewerblichen noch ihrer selbstst\u00e4ndigen beruflichen T\u00e4tigkeit zugerechnet werden kann. Unternehmer ist eine nat\u00fcrliche oder juristische Person oder eine rechtsf\u00e4hige Personengesellschaft, die bei Abschluss eines Rechtsgesch\u00e4fts in Aus\u00fcbung ihrer gewerblichen oder selbst\u00e4ndigen beruflichen T\u00e4tigkeit handelt.<\/p>\n<p>1.3. Abweichende Bedingungen des Kunden werden nicht anerkannt, es sei denn, der Verk\u00e4ufer stimmt ihrer Geltung ausdr\u00fccklich zu.<\/p>\n<p>2. Angebote und Leistungsbeschreibungen<br>2.1 Die Darstellung der Produkte im Online-Shop stellt kein rechtlich bindendes Angebot, sondern eine Aufforderung zur Abgabe einer Bestellung dar. Leistungsbeschreibungen in Katalogen sowie auf den Websites des Verk\u00e4ufers haben nicht den Charakter einer Zusicherung oder Garantie.<\/p>\n<p>2.2 Alle Angebote gelten \u201esolange der Vorrat reicht\u201c, wenn nicht bei den Produkten etwas anderes vermerkt ist. Im \u00dcbrigen bleiben Irrt\u00fcmer vorbehalten.<\/p>\n<p>3. Bestellvorgang und Vertragsabschluss<br>3.1. Der Kunde kann aus dem Sortiment des Verk\u00e4ufers Produkte unverbindlich ausw\u00e4hlen und diese \u00fcber die Schaltfl\u00e4che [in den Warenkorb] in einem so genannten Warenkorb sammeln. Innerhalb des Warenkorbes kann die Produktauswahl ver\u00e4ndert, z.B. gel\u00f6scht werden. Anschlie\u00dfend kann der Kunde innerhalb des Warenkorbs \u00fcber die Schaltfl\u00e4che [Weiter zur Kasse] zum Abschluss des Bestellvorgangs schreiten.<\/p>\n<p>3.2. \u00dcber die Schaltfl\u00e4che [zahlungspflichtig bestellen] gibt der Kunde einen verbindlichen Antrag zum Kauf der im Warenkorb befindlichen Waren ab. Vor Abschicken der Bestellung kann der Kunde die Daten jederzeit \u00e4ndern und einsehen sowie mithilfe der Browserfunktion &#8222;zur\u00fcck&#8220; zum Warenkorb zur\u00fcckgehen oder den Bestellvorgang insgesamt abbrechen. Notwendige Angaben sind mit einem Sternchen (*) gekennzeichnet.<\/p>\n<p>3.3. Der Verk\u00e4ufer schickt daraufhin dem Kunden eine automatische Empfangsbest\u00e4tigung per E-Mail zu, in welcher die Bestellung des Kunden nochmals aufgef\u00fchrt wird und die der Kunde \u00fcber die Funktion \u201eDrucken\u201c ausdrucken kann (Bestellbest\u00e4tigung). Die automatische Empfangsbest\u00e4tigung dokumentiert lediglich, dass die Bestellung des Kunden beim Verk\u00e4ufer eingegangen ist und stellt keine Annahme des Antrags dar. Der Kaufvertrag kommt erst dann zustande, wenn der Verk\u00e4ufer das bestellte Produkt innerhalb von 2 Tagen an den Kunden versendet, \u00fcbergeben oder den Versand an den Kunden innerhalb von 2 Tagen mit einer zweiten E-Mail, ausdr\u00fccklicher Auftragsbest\u00e4tigung oder Zusendung der Rechnung best\u00e4tigt hat. Die Annahme kann ferner durch eine seitens des Verk\u00e4ufers an den Kunden gerichtete Zahlungsaufforderung und sp\u00e4testens durch den Abschluss des Zahlungsvorgangs. Im Fall mehrerer Annahmevorg\u00e4nge ist der fr\u00fcheste Annahmezeitpunkt ma\u00dfgeblich. Nimmt der Verk\u00e4ufer das Angebot des Kunden innerhalb der Annahmefrist nicht an, kommt kein Vertrag zustande und der Kunde wird nicht mehr an sein Angebot gebunden.<\/p>\n<p>3.4 Im Fall von Kunden die Unternehmen sind, betr\u00e4gt die vorgenannte Frist zur Versendung, \u00dcbergabe oder Bestellbest\u00e4tigung sieben statt zwei Tage.<\/p>\n<p>3.5. Sollte der Verk\u00e4ufer eine Vorkassezahlung erm\u00f6glichen, kommt der Vertrag mit der Bereitstellung der Bankdaten und Zahlungsaufforderung zustande. Wenn die Zahlung trotz F\u00e4lligkeit auch nach erneuter Aufforderung nicht bis zu einem Zeitpunkt von 10 Kalendertagen nach Absendung der Bestellbest\u00e4tigung beim Verk\u00e4ufer eingegangen ist, tritt der Verk\u00e4ufer vom Vertrag zur\u00fcck mit der Folge, dass die Bestellung hinf\u00e4llig ist und den Verk\u00e4ufer keine Lieferpflicht trifft. Die Bestellung ist dann f\u00fcr den K\u00e4ufer und Verk\u00e4ufer ohne weitere Folgen erledigt. Eine Reservierung des Artikels bei Vorkassezahlungen erfolgt daher l\u00e4ngstens f\u00fcr 10 Kalendertage.<\/p>\n<p>4. Preise und Versandkosten<br>4.1. Alle Preise, die auf der Website des Verk\u00e4ufers angegeben sind, verstehen sich einschlie\u00dflich der jeweils g\u00fcltigen gesetzlichen Umsatzsteuer.<\/p>\n<p>4.2. Zus\u00e4tzlich zu den angegebenen Preisen berechnet der Verk\u00e4ufer f\u00fcr die Lieferung Versandkosten. Die Versandkosten werden dem K\u00e4ufer auf einer gesonderten Informationsseite und im Rahmen des Bestellvorgangs deutlich mitgeteilt.<\/p>\n<p>5. Lieferung, Warenverf\u00fcgbarkeit<br>5.1. Soweit Vorkasse vereinbart ist, erfolgt die Lieferung nach Eingang des Rechnungsbetrages.<\/p>\n<p>5.2. Sollte die Zustellung der Ware durch Verschulden des K\u00e4ufers trotz dreimaligem Auslieferversuchs scheitern, kann der Verk\u00e4ufer vom Vertrag zur\u00fccktreten. Ggf. geleistete Zahlungen werden dem Kunden unverz\u00fcglich erstattet.<\/p>\n<p>5.3. Wenn das bestellte Produkt nicht verf\u00fcgbar ist, weil der Verk\u00e4ufer mit diesem Produkt von seinem Lieferanten ohne eigenes Verschulden nicht beliefert wird, kann der Verk\u00e4ufer vom Vertrag zur\u00fccktreten. In diesem Fall wird der Verk\u00e4ufer den Kunden unverz\u00fcglich informieren und ihm ggf. die Lieferung eines vergleichbaren Produktes vorschlagen. Wenn kein vergleichbares Produkt verf\u00fcgbar ist oder der Kunde keine Lieferung eines vergleichbaren Produktes w\u00fcnscht, wird der Verk\u00e4ufer dem Kunden ggf. bereits erbrachte Gegenleistungen unverz\u00fcglich erstatten.<\/p>\n<p>5.4. Kunden werden \u00fcber Lieferzeiten und Lieferbeschr\u00e4nkungen (z.B. Beschr\u00e4nkung der Lieferungen auf bestimmten L\u00e4nder) auf einer gesonderten Informationsseite oder innerhalb der jeweiligen Produktbeschreibung unterrichtet.<\/p>\n<p>5.5 Im Fall von Kunden die Unternehmen sind, gilt, dass die Gefahr des zuf\u00e4lligen Untergangs und der zuf\u00e4lligen Verschlechterung der Ware auf die K\u00e4ufer \u00fcbergeht, sobald der Verk\u00e4ufer die Sache dem Spediteur, dem Frachtf\u00fchrer oder der sonst zur Ausf\u00fchrung der Versendung bestimmten Person oder Anstalt ausgeliefert hat; die angegebenen Lieferdaten und Fristen vorbehaltlich anderweitiger Zusagen und Vereinbarungen, keine Fixtermine sind.<\/p>\n<p>5.6 Liefer- und Leistungsverz\u00f6gerungen aufgrund h\u00f6herer Gewalt und aufgrund von unvorhersehbaren Ereignissen, die dem Verk\u00e4ufer die Lieferung wesentlich erschweren oder unm\u00f6glich machen, hat der Verk\u00e4ufer gegen\u00fcber Kunden, die Unternehmer sind, auch bei verbindlich vereinbarten Fristen und Terminen nicht zu vertreten. In diesem Fall ist der Verk\u00e4ufer berechtigt, die Lieferung bzw. Leistung um die Dauer der Behinderung zuz\u00fcglich einer angemessenen Anlauffrist hinauszuschieben. Das Recht zur Hinausschiebung der Frist gilt gegen\u00fcber Kunden, die Unternehmer sind auch in F\u00e4llen unvorhersehbarer Ereignisse, die auf den Betrieb eines Vorlieferanten einwirken und weder von ihm noch von dem Verk\u00e4ufer zu vertreten sind. W\u00e4hrend der Dauer dieser Behinderung ist der Kunde ebenfalls von seinen vertraglichen Verpflichtungen entbunden, insbesondere der Zahlung. Ist die Verz\u00f6gerung dem Kunden nicht zuzumuten, kann dieser nach einer von ihm zu setzenden angemessenen Frist oder einvernehmlicher R\u00fccksprache mit dem Verk\u00e4ufer durch schriftliche Erkl\u00e4rung vom Vertrag zur\u00fccktreten.<\/p>\n<p>6. Zahlungsmodalit\u00e4ten<br>6.1. Der Kunde kann im Rahmen und vor Abschluss des Bestellvorgangs aus den zur Verf\u00fcgung stehenden Zahlungsarten w\u00e4hlen. Kunden werden \u00fcber die zur Verf\u00fcgung stehenden Zahlungsmittel auf einer gesonderten Informationsseite unterrichtet.<\/p>\n<p>6.2. Ist die Bezahlung per Rechnung m\u00f6glich, hat die Zahlung innerhalb von 30 Tagen nach Erhalt der Ware und der Rechnung zu erfolgen. Bei allen anderen Zahlweisen hat die Zahlung im Voraus ohne Abzug zu erfolgen.<\/p>\n<p>6.3. Werden Drittanbieter mit der Zahlungsabwicklung beauftragt, z.B. Paypal. gelten deren Allgemeine Gesch\u00e4ftsbedingungen.<\/p>\n<p>6.4. Ist die F\u00e4lligkeit der Zahlung nach dem Kalender bestimmt, so kommt der Kunde bereits durch Vers\u00e4umung des Termins in Verzug. In diesem Fall hat der Kunde die gesetzlichen Verzugszinsen zu zahlen.<\/p>\n<p>6.5. Die Verpflichtung des Kunden zur Zahlung von Verzugszinsen schlie\u00dft die Geltendmachung weiterer Verzugssch\u00e4den durch den Verk\u00e4ufer nicht aus.<\/p>\n<p>6.6. Ein Recht zur Aufrechnung steht dem Kunden nur zu, wenn seine Gegenanspr\u00fcche rechtskr\u00e4ftig festgestellt oder von dem Verk\u00e4ufer anerkannt sind. Der Kunde kann ein Zur\u00fcckbehaltungsrecht nur aus\u00fcben, soweit die Anspr\u00fcche aus dem gleichen Vertragsverh\u00e4ltnis resultieren.<\/p>\n<p>7. Eigentumsvorbehalt<br>Bis zur vollst\u00e4ndigen Bezahlung verbleiben die gelieferten Waren im Eigentum des Verk\u00e4ufers.<br>F\u00fcr Kunden die Unternehmer sind, gilt erg\u00e4nzend: Der Verk\u00e4ufer beh\u00e4lt sich das Eigentum an der Ware bis zur vollst\u00e4ndigen Begleichung aller Forderungen aus einer laufenden Gesch\u00e4ftsbeziehung vor; Der K\u00e4ufer ist verpflichtet, solange das Eigentum noch nicht auf ihn \u00fcbergegangen ist, die Kaufsache pfleglich zu behandeln. Insbesondere ist er verpflichtet, diese, sofern angemessen oder branchen\u00fcblich, auf eigene Kosten gegen Diebstahl-, Feuer- und Wassersch\u00e4den ausreichend zum Neuwert zu versichern. M\u00fcssen Wartungs- und Inspektionsarbeiten durchgef\u00fchrt werden, hat der K\u00e4ufer diese auf eigene Kosten rechtzeitig auszuf\u00fchren. Die Verarbeitung oder Umbildung der Vorbehaltsware durch den Kunden wird stets f\u00fcr den Verk\u00e4ufer vorgenommen. Wird die Vorbehaltsware mit anderen, dem Verk\u00e4ufer nicht geh\u00f6renden Gegenst\u00e4nden verarbeitet, so erwirbt der Verk\u00e4ufer das Miteigentum an der neuen Sache im Verh\u00e4ltnis des Wertes der Vorbehaltsware zu den anderen verarbeiteten Gegenst\u00e4nden zur Zeit der Verarbeitung. F\u00fcr die durch Verarbeitung entstehende Sache gilt im \u00dcbrigen das gleiche wie f\u00fcr die Vorbehaltsware. Der Kunde tritt auch die Forderung zur Sicherung der Forderungen gegen ihn ab, die durch die Verbindung der Vorbehaltsware mit einem Grundst\u00fcck gegen einen Dritten erwachsen. Zugriffe Dritter auf die im Eigentum oder Miteigentum des Verk\u00e4ufers stehenden G\u00fcter sind vom Kunden unverz\u00fcglich anzuzeigen. Durch solche Eingriffe entstehenden Kosten f\u00fcr eine Drittwiderspruchsklage oder Kosten f\u00fcr eine au\u00dferprozessuale Freigabe tr\u00e4gt der Kunde. Der Kunde ist berechtigt, die Vorbehaltsware im ordentlichen Gesch\u00e4ftsgang weiter zu verkaufen. Die aus Weiterverkauf oder sonstigem Rechtsgrund bez\u00fcglich der Vorbehaltsware entstehenden Forderungen (einschlie\u00dflich s\u00e4mtlicher Saldoforderungen aus Kontokorrent) tritt der Kunde bereits sicherungshalber in vollem Umfang an den Verk\u00e4ufer ab. Der Verk\u00e4ufer erm\u00e4chtigt den Kunden widerruflich, die an den Verk\u00e4ufer abgetretenen Forderungen f\u00fcr seine Rechnung und in seinem eigenen Namen einzuziehen. Diese Einzugserm\u00e4chtigung kann widerrufen werden, wenn der Kunde seinen Zahlungsverpflichtungen nicht ordnungsgem\u00e4\u00df nachkommt. Der Verk\u00e4ufer verpflichtet sich, die dem Verk\u00e4ufer zustehenden Sicherheiten auf Verlangen des Kunden freizugeben, als ihr Gesamtverkaufswert die Summe aller noch offenen Forderungen des Verk\u00e4ufers aus der Gesch\u00e4ftsverbindung um mehr als 10% (bei Vorliegen eines Verwertungsrisikos um mehr als 50%) \u00fcbersteigt. Die Auswahl der freizugebenden Sicherheiten obliegt dem Verk\u00e4ufer.. Mit Tilgung aller Forderungen des Verk\u00e4ufers aus Liefergesch\u00e4ften gehen das Eigentum an der Vorbehaltsware und die abgetretenen Forderungen an den K\u00e4ufer \u00fcber. Die Auswahl der freizugebenden Sicherheiten obliegt dem Verk\u00e4ufer.<\/p>\n<p>8. Sachm\u00e4ngelgew\u00e4hrleistung und Garantie<br>8.1. Die Gew\u00e4hrleistung (M\u00e4ngelhaftung) bestimmt sich vorbehaltlich folgender Regelungen nach gesetzlichen Vorschriften.<\/p>\n<p>8.2. Eine Garantie besteht bei den vom Verk\u00e4ufer gelieferten Waren nur, wenn diese ausdr\u00fccklich abgegeben wurde. Kunden werden \u00fcber die Garantiebedingungen vor der Einleitung des Bestellvorgangs informiert.<\/p>\n<p>8.3 Ist der Kunde Unternehmer, so hat er die Ware unbeschadet gesetzlicher R\u00fcgeobliegenheiten unverz\u00fcglich zu untersuchen und erkennbare Sachm\u00e4ngel gegen\u00fcber dem Lieferanten unverz\u00fcglich, sp\u00e4testens innerhalb von zwei Wochen nach Ablieferung, schriftlich und nicht erkennbare Sachm\u00e4ngel unverz\u00fcglich, sp\u00e4testens innerhalb von zwei Wochen nach Feststellung, anzuzeigen. Handels\u00fcbliche, gem\u00e4\u00df G\u00fctenormen zul\u00e4ssige oder geringe Abweichungen in Qualit\u00e4t, Gewicht, Gr\u00f6\u00dfe, Dicke, Breite, Ausr\u00fcstung, Musterung und Farbe sind keine M\u00e4ngel.<\/p>\n<p>8.4 Ist der Kunde Unternehmer, erfolgt die Wahl zwischen Nachbesserung oder Nachlieferung mangelhafter Ware durch den Verk\u00e4ufer.<\/p>\n<p>8.5 Sachm\u00e4ngel verj\u00e4hren unbeschadet der Haftungsregelungen dieser AGB bei Kunden die Unternehmer sind, grunds\u00e4tzlich ein Jahr nach Gefahren\u00fcbergang, soweit nicht kraft Gesetzes, insbesondere bei Sonderbestimmungen f\u00fcr den R\u00fcckgriff des Unternehmers, zwingend l\u00e4ngere Fristen vorgeschrieben sind. Bei gebrauchten Waren ist die Gew\u00e4hrleistung von Kunden die Unternehmer sind, ausgeschlossen.<\/p>\n<p>8.6 Hat der Kunde, der Unternehmer ist, die mangelhafte Sache im Sinne des \u00a7 439 Abs. 3 BGB gem\u00e4\u00df ihrer Art und ihrem Verwendungszweck in eine andere Sache eingebaut oder an eine andere Sache angebracht, ist der Verk\u00e4ufer, vorbehaltlich einer ausdr\u00fccklichen Vereinbarung und unbeschadet der \u00fcbrigen Gew\u00e4hrleistungspflichten, im Rahmen der Nacherf\u00fcllung nicht verpflichtet, dem Kunden die erforderlichen Aufwendungen f\u00fcr das Entfernen der mangelhaften und den Einbau oder das Anbringen der nachgebesserten oder gelieferten mangelfreien Sache zu ersetzen. Dementsprechend ist der Verk\u00e4ufer auch nicht zum Ersatz von Aufwendungen f\u00fcr das Entfernen der mangelhaften und den Einbau oder das Anbringen der nachgebesserten oder gelieferten mangelfreien Sache im Rahmen eines R\u00fcckgriffs durch den Kunden im Rahmen der Lieferkette (d.h. zwischen dem Kunden und seinen Kunden) verpflichtet.<\/p>\n<p>9. Haftung<br>9.1. F\u00fcr eine Haftung des Verk\u00e4ufers auf Schadensersatz gelten unbeschadet der sonstigen gesetzlichen Anspruchsvoraussetzungen folgende Haftungsausschl\u00fcsse und -begrenzungen.<\/p>\n<p>9.2. Der Verk\u00e4ufer haftet unbeschr\u00e4nkt, soweit die Schadensursache auf Vorsatz oder grober Fahrl\u00e4ssigkeit beruht.<\/p>\n<p>9.3. Ferner haftet der Verk\u00e4ufer f\u00fcr die leicht fahrl\u00e4ssige Verletzung von wesentlichen Pflichten, deren Verletzung die Erreichung des Vertragszwecks gef\u00e4hrdet, oder f\u00fcr die Verletzung von Pflichten, deren Erf\u00fcllung die ordnungsgem\u00e4\u00dfe Durchf\u00fchrung des Vertrages \u00fcberhaupt erst erm\u00f6glicht und auf deren Einhaltung der Kunde regelm\u00e4\u00dfig vertraut. In diesem Fall haftet der Verk\u00e4ufer jedoch nur f\u00fcr den vorhersehbaren, vertragstypischen Schaden. Der Verk\u00e4ufer haftet nicht f\u00fcr die leicht fahrl\u00e4ssige Verletzung anderer als der in den vorstehenden S\u00e4tzen genannten Pflichten.<\/p>\n<p>9.4. Die vorstehenden Haftungsbeschr\u00e4nkungen gelten nicht bei Verletzung von Leben, K\u00f6rper und Gesundheit, f\u00fcr einen Mangel nach \u00dcbernahme einer Garantie f\u00fcr die Beschaffenheit des Produktes und bei arglistig verschwiegenen M\u00e4ngeln. Die Haftung nach dem Produkthaftungsgesetz bleibt unber\u00fchrt.<\/p>\n<p>9.5. Soweit die Haftung des Verk\u00e4ufers ausgeschlossen oder beschr\u00e4nkt ist, gilt dies auch f\u00fcr die pers\u00f6nliche Haftung von Arbeitnehmern, Vertretern und Erf\u00fcllungsgehilfen.<\/p>\n<p>10. Speicherung des Vertragstextes<br>10.1. Der Kunde kann den Vertragstext vor der Abgabe der Bestellung an den Verk\u00e4ufer ausdrucken, indem er im letzten Schritt der Bestellung die Druckfunktion seines Browsers nutzt.<\/p>\n<p>10.2. Der Verk\u00e4ufer sendet dem Kunden au\u00dferdem eine Bestellbest\u00e4tigung mit allen Bestelldaten an die von Ihm angegebene E-Mail-Adresse zu. Mit der Bestellbest\u00e4tigung, sp\u00e4testens jedoch bei der Lieferung der Ware, erh\u00e4lt der Kunde ferner eine Kopie der AGB nebst Widerrufsbelehrung und den Hinweisen zu Versandkosten sowie Liefer- und Zahlungsbedingungen. Sofern Sie sich in unserem Shop registriert haben sollten, k\u00f6nnen Sie in Ihrem Profilbereich Ihre aufgegebenen Bestellungen einsehen. Dar\u00fcber hinaus speichern wir den Vertragstext, machen ihn jedoch im Internet nicht zug\u00e4nglich.<\/p>\n<p>10.3 Kunden die Unternehmer sind, k\u00f6nnen die Vertragsunterlagen per E-Mail, schriftlich oder Verweis auf eine Onlinequelle erhalten.<\/p>\n<p>11. Schlussbestimmungen<br>11.1. Ist der K\u00e4ufer Unternehmer ist vorbehaltlich anderer Abreden oder zwingender gesetzlicher Vorschriften der Erf\u00fcllungsort der Sitz des Verk\u00e4ufers, w\u00e4hrend der Gerichtstand sich am Sitz des Verk\u00e4ufers befindet, wenn der Kunde Kaufmann, juristische Person des \u00f6ffentlichen Rechts oder \u00f6ffentlich-rechtliches Sonderverm\u00f6gen ist oder der K\u00e4ufer im Sitzland des Verk\u00e4ufers keinen allgemeinen Gerichtsstand hat. Das Recht des Verk\u00e4ufers einen anderen zul\u00e4ssigen Gerichtsstand zu w\u00e4hlen, bleibt vorbehalten.<\/p>\n<p>11.2 Im Fall von Unternehmern gilt das Recht der [Bundesrepublik Deutschland \/ Republik \u00d6sterreich] unter Ausschluss des UN-Kaufrechts, solange dem keine zwingenden gesetzlichen Vorschriften entgegenstehen.<\/p>\n<p>11.3. Vertragssprache ist deutsch.<\/p>\n<p>Hinweis: Bitte beachten Sie nachfolgend, dass der Link http:\/\/ec.europa.eu\/consumers\/odr\/ klickbar sein muss<br>11.4. Plattform der Europ\u00e4ischen Kommission zur Online-Streitbeilegung (OS) f\u00fcr Verbraucher: http:\/\/ec.europa.eu\/consumers\/odr\/. Wir sind nicht bereit und nicht verpflichtet an einem Streitbeilegungsverfahren vor einer Verbraucherschlichtungsstelle teilzunehmen.<\/p><p>Stand 08.03.2025<\/p>\t\t\t\t\t\t\t\t<\/div>\n\t\t\t\t<\/div>\n\t\t\t\t\t<\/div>\n\t\t\t\t<\/div>\n\t\t\t\t<\/div>\n\t\t","protected":false},"excerpt":{"rendered":"<p>Allgemeine Gesch\u00e4ftsbedingungen mit Kundeninformationen 1. Geltungsbereich2. Angebote und Leistungsbeschreibungen3. Bestellvorgang und Vertragsabschluss4. Preise und Versandkosten5. Lieferung, Warenverf\u00fcgbarkeit6. Zahlungsmodalit\u00e4ten7. Eigentumsvorbehalt8. Sachm\u00e4ngelgew\u00e4hrleistung und Garantie9. Haftung10. Speicherung des Vertragstextes11. Schlussbestimmungen 1. Geltungsbereich1.1. F\u00fcr die Gesch\u00e4ftsbeziehung zwischen modelcars24, Inhaber: Dr. Klaus Jeschke, Ant Flintenkamp 8, 26632 Ihlow (nachfolgend \u201eVerk\u00e4ufer\u201c) und dem Kunden (nachfolgend \u201eKunde\u201c) gelten ausschlie\u00dflich die nachfolgenden Allgemeinen Gesch\u00e4ftsbedingungen in ihrer zum Zeitpunkt der Bestellung g\u00fcltigen Fassung. 1.2. Verbraucher im Sinne dieser AGB ist jede nat\u00fcrliche Person, die ein Rechtsgesch\u00e4ft zu einem Zwecke abschlie\u00dft, der \u00fcberwiegend weder ihrer gewerblichen noch ihrer selbstst\u00e4ndigen beruflichen T\u00e4tigkeit zugerechnet werden kann. Unternehmer ist eine nat\u00fcrliche oder juristische Person oder eine rechtsf\u00e4hige Personengesellschaft, die bei Abschluss eines Rechtsgesch\u00e4fts [&hellip;]<\/p>\n","protected":false},"author":1,"featured_media":0,"parent":0,"menu_order":0,"comment_status":"closed","ping_status":"closed","template":"","meta":{"_acf_changed":false,"footnotes":""},"class_list":["post-39199","page","type-page","status-publish","hentry"],"acf":[],"jetpack_sharing_enabled":true,"_links":{"self":[{"href":"https:\/\/www.modelcars24.de\/ja\/wp-json\/wp\/v2\/pages\/39199","targetHints":{"allow":["GET"]}}],"collection":[{"href":"https:\/\/www.modelcars24.de\/ja\/wp-json\/wp\/v2\/pages"}],"about":[{"href":"https:\/\/www.modelcars24.de\/ja\/wp-json\/wp\/v2\/types\/page"}],"author":[{"embeddable":true,"href":"https:\/\/www.modelcars24.de\/ja\/wp-json\/wp\/v2\/users\/1"}],"replies":[{"embeddable":true,"href":"https:\/\/www.modelcars24.de\/ja\/wp-json\/wp\/v2\/comments?post=39199"}],"version-history":[{"count":6,"href":"https:\/\/www.modelcars24.de\/ja\/wp-json\/wp\/v2\/pages\/39199\/revisions"}],"predecessor-version":[{"id":39231,"href":"https:\/\/www.modelcars24.de\/ja\/wp-json\/wp\/v2\/pages\/39199\/revisions\/39231"}],"wp:attachment":[{"href":"https:\/\/www.modelcars24.de\/ja\/wp-json\/wp\/v2\/media?parent=39199"}],"curies":[{"name":"wp","href":"https:\/\/api.w.org\/{rel}","templated":true}]}}