{"id":39200,"date":"2025-03-08T11:26:38","date_gmt":"2025-03-08T10:26:38","guid":{"rendered":"http:\/\/www.mondo-legno.com\/widerrufsbelehrung\/"},"modified":"2025-03-08T12:18:13","modified_gmt":"2025-03-08T11:18:13","slug":"%e3%82%ad%e3%83%a3%e3%83%b3%e3%82%bb%e3%83%ab%e3%83%9d%e3%83%aa%e3%82%b7%e3%83%bc","status":"publish","type":"page","link":"https:\/\/www.modelcars24.de\/ja\/widerrufsbelehrung\/","title":{"rendered":"\u30ad\u30e3\u30f3\u30bb\u30eb\u30dd\u30ea\u30b7\u30fc"},"content":{"rendered":"<div data-elementor-type=\"wp-page\" data-elementor-id=\"39200\" class=\"elementor elementor-39200\" data-elementor-post-type=\"page\">\n\t\t\t\t<div class=\"elementor-element elementor-element-109658b e-flex e-con-boxed e-con e-parent\" data-id=\"109658b\" data-element_type=\"container\" data-e-type=\"container\">\n\t\t\t\t\t<div class=\"e-con-inner\">\n\t\t\t\t<div class=\"elementor-element elementor-element-087ab7b elementor-widget elementor-widget-text-editor\" data-id=\"087ab7b\" data-element_type=\"widget\" data-e-type=\"widget\" data-widget_type=\"text-editor.default\">\n\t\t\t\t<div class=\"elementor-widget-container\">\n\t\t\t\t\t\t\t\t\t<p>\u304a\u5ba2\u69d8\u306f\u300114\u65e5\u4ee5\u5185\u3067\u3042\u308c\u3070\u3001\u7406\u7531\u3092\u8ff0\u3079\u308b\u3053\u3068\u306a\u304f\u672c\u5951\u7d04\u3092\u30ad\u30e3\u30f3\u30bb\u30eb\u3059\u308b\u6a29\u5229\u3092\u6709\u3057\u307e\u3059\u3002\u30ad\u30e3\u30f3\u30bb\u30eb\u671f\u9593\u306f\u3001\u304a\u5ba2\u69d8\u307e\u305f\u306f\u904b\u9001\u696d\u8005\u3067\u306f\u306a\u3044\u304a\u5ba2\u69d8\u304c\u6307\u5b9a\u3057\u305f\u7b2c\u4e09\u8005\u304c\u5546\u54c1\u3092\u5360\u6709\u3057\u305f\u65e5\u304b\u308914\u65e5\u9593\u3067\u3059\u3002\u30ad\u30e3\u30f3\u30bb\u30eb\u306e\u6a29\u5229\u3092\u884c\u4f7f\u3059\u308b\u305f\u3081\u306b\u3001\u3042\u306a\u305f\u306f\u79c1\u305f\u3061\u3001Modelcars24, Dr Klaus Jeschke, Ant Flintenkamp 8, D-26632 Ihlow\u306b\u3001\u3053\u306e\u5951\u7d04\u3092\u30ad\u30e3\u30f3\u30bb\u30eb\u3059\u308b\u3053\u3068\u3092\u6c7a\u5b9a\u3057\u305f\u3053\u3068\u3092\u660e\u78ba\u306a\u6587\u7ae0\uff08\u90f5\u4fbf\u3001\u30d5\u30a1\u30c3\u30af\u30b9\u3001E\u30e1\u30fc\u30eb\u306a\u3069\u3067\u9001\u3089\u308c\u305f\u624b\u7d19\u306a\u3069\uff09\u3067\u901a\u77e5\u3057\u306a\u3051\u308c\u3070\u306a\u308a\u307e\u305b\u3093\u3002\u89e3\u7d04\u671f\u9650\u3092\u9075\u5b88\u3059\u308b\u305f\u3081\u306b\u306f\u3001\u89e3\u7d04\u671f\u9593\u304c\u7d4c\u904e\u3059\u308b\u524d\u306b\u89e3\u7d04\u6a29\u306e\u884c\u4f7f\u3092\u901a\u77e5\u3059\u308c\u3070\u5341\u5206\u3067\u3059\u3002.<\/p><p>\u672c\u5951\u7d04\u306e\u7d50\u679c<\/p><p>\u304a\u5ba2\u69d8\u304c\u672c\u5951\u7d04\u304b\u3089\u96e2\u8131\u3059\u308b\u5834\u5408\u3001\u5f53\u793e\u306f\u3001\u304a\u5ba2\u69d8\u304b\u3089\u53d7\u9818\u3057\u305f\u3059\u3079\u3066\u306e\u4ee3\u91d1\uff08\u914d\u9001\u8cbb\u7528\uff08\u5f53\u793e\u304c\u63d0\u4f9b\u3059\u308b\u6700\u3082\u5b89\u4fa1\u306a\u6a19\u6e96\u914d\u9001\u4ee5\u5916\u306e\u914d\u9001\u65b9\u6cd5\u3092\u304a\u5ba2\u69d8\u304c\u9078\u629e\u3057\u305f\u3053\u3068\u306b\u3088\u308b\u8ffd\u52a0\u8cbb\u7528\u3092\u9664\u304f\uff09\u3092\u542b\u3080\uff09\u3092\u3001\u4e0d\u5f53\u306b\u9045\u5ef6\u3059\u308b\u3053\u3068\u306a\u304f\u3001\u3044\u304b\u306a\u308b\u5834\u5408\u306b\u304a\u3044\u3066\u3082\u3001\u304a\u5ba2\u69d8\u304c\u672c\u5951\u7d04\u304b\u3089\u96e2\u8131\u3059\u308b\u6c7a\u5b9a\u3092\u5f53\u793e\u306b\u901a\u77e5\u3057\u305f\u65e5\u304b\u308914\u65e5\u4ee5\u5185\u306b\u3001\u304a\u5ba2\u69d8\u306b\u6255\u3044\u623b\u3059\u3082\u306e\u3068\u3057\u307e\u3059\u3002\u3053\u306e\u8fd4\u6e08\u306b\u306f\u3001\u304a\u5ba2\u69d8\u3068\u660e\u793a\u7684\u306b\u5225\u6bb5\u306e\u5408\u610f\u304c\u306a\u3044\u9650\u308a\u3001\u304a\u5ba2\u69d8\u304c\u6700\u521d\u306e\u53d6\u5f15\u306b\u4f7f\u7528\u3057\u305f\u306e\u3068\u540c\u3058\u652f\u6255\u624b\u6bb5\u3092\u4f7f\u7528\u3057\u307e\u3059\u3002.\u00a0<\/p><p>\u5f53\u793e\u306f\u3001\u5f53\u793e\u304c\u5546\u54c1\u3092\u53d7\u9818\u3059\u308b\u307e\u3067\u3001\u307e\u305f\u306f\u304a\u5ba2\u69d8\u304c\u5546\u54c1\u3092\u8fd4\u54c1\u3057\u305f\u3053\u3068\u3092\u8a3c\u660e\u3059\u308b\u66f8\u985e\u3092\u63d0\u51fa\u3059\u308b\u307e\u3067\u3001\u3044\u305a\u308c\u304b\u65e9\u3044\u65b9\u307e\u3067\u8fd4\u6e08\u3092\u62d2\u5426\u3059\u308b\u3053\u3068\u304c\u3067\u304d\u307e\u3059\u3002\u304a\u5ba2\u69d8\u306f\u3001\u672c\u5951\u7d04\u306e\u89e3\u7d04\u3092\u5f53\u793e\u306b\u901a\u77e5\u3057\u305f\u65e5\u304b\u308914\u65e5\u4ee5\u5185\u306b\u3001\u3044\u304b\u306a\u308b\u5834\u5408\u3067\u3042\u3063\u3066\u3082\u76f4\u3061\u306b\u5546\u54c1\u3092\u5f53\u793e\u306b\u8fd4\u5374\u307e\u305f\u306f\u5f15\u304d\u6e21\u3055\u306a\u3051\u308c\u3070\u306a\u308a\u307e\u305b\u3093\u300214\u65e5\u9593\u306e\u671f\u9593\u304c\u7d4c\u904e\u3059\u308b\u524d\u306b\u5546\u54c1\u3092\u767a\u9001\u3059\u308c\u3070\u3001\u671f\u9650\u306f\u5b88\u3089\u308c\u307e\u3059\u3002\u5546\u54c1\u306e\u8fd4\u54c1\u306b\u304b\u304b\u308b\u76f4\u63a5\u7684\u306a\u8cbb\u7528\u306f\u304a\u5ba2\u69d8\u306e\u8ca0\u62c5\u3068\u306a\u308a\u307e\u3059\u3002\u5546\u54c1\u306e\u4fa1\u5024\u306e\u640d\u5931\u304c\u3001\u5546\u54c1\u306e\u72b6\u614b\u3001\u7279\u6027\u3001\u304a\u3088\u3073\u6a5f\u80fd\u6027\u3092\u78ba\u8a8d\u3059\u308b\u305f\u3081\u306b\u5fc5\u8981\u3067\u306a\u3044\u5546\u54c1\u306e\u53d6\u308a\u6271\u3044\u306b\u8d77\u56e0\u3059\u308b\u5834\u5408\u306b\u9650\u308a\u3001\u304a\u5ba2\u69d8\u306f\u5546\u54c1\u306e\u4fa1\u5024\u306e\u640d\u5931\u3092\u652f\u6255\u3046\u5fc5\u8981\u304c\u3042\u308a\u307e\u3059\u3002.<\/p><p>\u30b9\u30c6\u30fc\u30bf\u30b9 8.3.2025<\/p><p>\u00a0<\/p>\t\t\t\t\t\t\t\t<\/div>\n\t\t\t\t<\/div>\n\t\t\t\t\t<\/div>\n\t\t\t\t<\/div>\n\t\t\t\t<\/div>","protected":false},"excerpt":{"rendered":"<p>Sie haben das Recht, binnen vierzehn Tagen ohne Angabe von Gr\u00fcnden diesen Vertrag zu widerrufen. Die Widerrufsfrist betr\u00e4gt vierzehn Tage ab dem Tag an dem Sie oder ein von Ihnen benannter Dritter, der nicht der Bef\u00f6rderer ist, die Waren in Besitz genommen haben bzw. hat. Um Ihr Widerrufsrecht auszu\u00fcben, m\u00fcssen Sie uns, Dr. Klaus Jeschke, Modelcars24, Ant Flintenkamp 8, D-26632 Ihlow, mittels einer eindeutigen Erkl\u00e4rung (z. B. ein mit der Post versandter Brief, Telefax oder E-Mail) \u00fcber Ihren Entschluss, diesen Vertrag zu widerrufen, informieren. Zur Wahrung der Widerrufsfrist reicht es aus, dass Sie die Mitteilung \u00fcber die Aus\u00fcbung des Widerrufsrechts vor Ablauf der Widerrufsfrist absenden. Folgen dieses Vertrags Wenn Sie [&hellip;]<\/p>\n","protected":false},"author":1,"featured_media":0,"parent":0,"menu_order":0,"comment_status":"closed","ping_status":"closed","template":"","meta":{"_acf_changed":false,"footnotes":""},"class_list":["post-39200","page","type-page","status-publish","hentry"],"acf":[],"jetpack_sharing_enabled":true,"_links":{"self":[{"href":"https:\/\/www.modelcars24.de\/ja\/wp-json\/wp\/v2\/pages\/39200","targetHints":{"allow":["GET"]}}],"collection":[{"href":"https:\/\/www.modelcars24.de\/ja\/wp-json\/wp\/v2\/pages"}],"about":[{"href":"https:\/\/www.modelcars24.de\/ja\/wp-json\/wp\/v2\/types\/page"}],"author":[{"embeddable":true,"href":"https:\/\/www.modelcars24.de\/ja\/wp-json\/wp\/v2\/users\/1"}],"replies":[{"embeddable":true,"href":"https:\/\/www.modelcars24.de\/ja\/wp-json\/wp\/v2\/comments?post=39200"}],"version-history":[{"count":3,"href":"https:\/\/www.modelcars24.de\/ja\/wp-json\/wp\/v2\/pages\/39200\/revisions"}],"predecessor-version":[{"id":39237,"href":"https:\/\/www.modelcars24.de\/ja\/wp-json\/wp\/v2\/pages\/39200\/revisions\/39237"}],"wp:attachment":[{"href":"https:\/\/www.modelcars24.de\/ja\/wp-json\/wp\/v2\/media?parent=39200"}],"curies":[{"name":"wp","href":"https:\/\/api.w.org\/{rel}","templated":true}]}}