{"id":39201,"date":"2025-03-08T11:26:38","date_gmt":"2025-03-08T10:26:38","guid":{"rendered":"http:\/\/www.mondo-legno.com\/versandarten\/"},"modified":"2025-03-08T12:21:56","modified_gmt":"2025-03-08T11:21:56","slug":"%e7%99%ba%e9%80%81%e6%96%b9%e6%b3%95","status":"publish","type":"page","link":"https:\/\/www.modelcars24.de\/ja\/versandarten\/","title":{"rendered":"\u914d\u9001\u65b9\u6cd5"},"content":{"rendered":"<div data-elementor-type=\"wp-page\" data-elementor-id=\"39201\" class=\"elementor elementor-39201\" data-elementor-post-type=\"page\">\n\t\t\t\t<div class=\"elementor-element elementor-element-3013884 e-flex e-con-boxed e-con e-parent\" data-id=\"3013884\" data-element_type=\"container\" data-e-type=\"container\">\n\t\t\t\t\t<div class=\"e-con-inner\">\n\t\t\t\t<div class=\"elementor-element elementor-element-d65cbc2 elementor-widget elementor-widget-text-editor\" data-id=\"d65cbc2\" data-element_type=\"widget\" data-e-type=\"widget\" data-widget_type=\"text-editor.default\">\n\t\t\t\t<div class=\"elementor-widget-container\">\n\t\t\t\t\t\t\t\t\t<p><strong>\u4fa1\u683c\u3001\u9001\u6599\u3001\u914d\u9001\u306b\u3064\u3044\u3066<\/strong><\/p>\n<p>\u5546\u54c1\u30da\u30fc\u30b8\u306b\u8a18\u8f09\u3055\u308c\u3066\u3044\u308b\u4fa1\u683c\u306b\u306f\u3001\u4ed8\u52a0\u4fa1\u5024\u7a0e\uff08VAT\uff09\u304a\u3088\u3073\u305d\u306e\u4ed6\u306e\u4fa1\u683c\u8981\u7d20\u304c\u542b\u307e\u308c\u3066\u3044\u307e\u3059\u3002.<\/p>\n<p>\u30c7\u30b8\u30bf\u30eb\u30b3\u30f3\u30c6\u30f3\u30c4\uff08\u96fb\u5b50\u66f8\u7c4d\u3001\u30bd\u30d5\u30c8\u30a6\u30a7\u30a2\u306a\u3069\uff09\u306e\u9001\u6599\u306f\u7121\u6599\u3067\u3059\u3002.<\/p>\n<p>\u9001\u6599\u306b\u306f\u6cd5\u5b9a\u4ed8\u52a0\u4fa1\u5024\u7a0e\u304c\u542b\u307e\u308c\u3066\u3044\u307e\u3059\u3002\u9001\u6599\u306b\u304b\u304b\u308bVAT\u306f\u3001\u8cfc\u5165\u3059\u308b\u5546\u54c1\u306b\u3088\u3063\u3066\u8a08\u7b97\u3055\u308c\u308b\u305f\u3081\u3001\u4f4e\u3044VAT\u7a0e\u7387\u3067\u5546\u54c1\u3092\u8cfc\u5165\u3057\u305f\u5834\u5408\uff08\u66f8\u7c4d\u306e\u8cfc\u5165\u306a\u3069\uff09\u3001VAT\u304c\u6e1b\u984d\u3055\u308c\u308b\u3053\u3068\u304c\u3042\u308a\u307e\u3059\u3002\u3053\u306e\u305f\u3081\u3001\u9001\u6599\u306f\u6ce8\u6587\u624b\u7d9a\u304d\u4e2d\u306b\u306e\u307f\u78ba\u5b9a\u3059\u308b\u3053\u3068\u304c\u3067\u304d\u307e\u3059\u3002\u305f\u3060\u3057\u3001\u9001\u6599\u3092\u5897\u984d\u3059\u308b\u3053\u3068\u306f\u3067\u304d\u307e\u305b\u3093\u3002.<\/p>\t\t\t\t\t\t\t\t<\/div>\n\t\t\t\t<\/div>\n\t\t\t\t\t<\/div>\n\t\t\t\t<\/div>\n\t\t\t\t<\/div>","protected":false},"excerpt":{"rendered":"<p>Preise, Versandkosten und Lieferinformationen Die auf den Produktseiten genannten Preise enthalten die gesetzliche Mehrwertsteuer und sonstige Preisbestandteile. F\u00fcr digitale Inhalte (E-Books, Software, etc.) fallen keine Versandkosten an. Die Versandkosten enthalten die gesetzliche Mehrwertsteuer. Da die Mehrwertsteuer auf die Versandkosten abh\u00e4ngig von den erworbenen Waren berechnet wird, kann sie sich mindern, wenn Waren zu niedrigeren Umsatzsteuers\u00e4tzen erworben werden (z.B. bei Erwerb von B\u00fcchern). Das bedeutet, dass die Versandkosten erst im Rahmen des Bestellprozesses endg\u00fcltig berechnet werden kann. Sie k\u00f6nnen dabei jedoch nicht h\u00f6her, sondern nur zu Ihren Gunsten niedriger werden.<\/p>","protected":false},"author":1,"featured_media":0,"parent":0,"menu_order":0,"comment_status":"closed","ping_status":"closed","template":"","meta":{"_acf_changed":false,"footnotes":""},"class_list":["post-39201","page","type-page","status-publish","hentry"],"acf":[],"jetpack_sharing_enabled":true,"_links":{"self":[{"href":"https:\/\/www.modelcars24.de\/ja\/wp-json\/wp\/v2\/pages\/39201","targetHints":{"allow":["GET"]}}],"collection":[{"href":"https:\/\/www.modelcars24.de\/ja\/wp-json\/wp\/v2\/pages"}],"about":[{"href":"https:\/\/www.modelcars24.de\/ja\/wp-json\/wp\/v2\/types\/page"}],"author":[{"embeddable":true,"href":"https:\/\/www.modelcars24.de\/ja\/wp-json\/wp\/v2\/users\/1"}],"replies":[{"embeddable":true,"href":"https:\/\/www.modelcars24.de\/ja\/wp-json\/wp\/v2\/comments?post=39201"}],"version-history":[{"count":6,"href":"https:\/\/www.modelcars24.de\/ja\/wp-json\/wp\/v2\/pages\/39201\/revisions"}],"predecessor-version":[{"id":39243,"href":"https:\/\/www.modelcars24.de\/ja\/wp-json\/wp\/v2\/pages\/39201\/revisions\/39243"}],"wp:attachment":[{"href":"https:\/\/www.modelcars24.de\/ja\/wp-json\/wp\/v2\/media?parent=39201"}],"curies":[{"name":"wp","href":"https:\/\/api.w.org\/{rel}","templated":true}]}}