{"id":61230,"date":"2026-02-23T12:57:58","date_gmt":"2026-02-23T11:57:58","guid":{"rendered":"https:\/\/www.modelcars24.de\/?page_id=61230"},"modified":"2026-02-23T13:04:19","modified_gmt":"2026-02-23T12:04:19","slug":"%e8%bf%94%e9%87%91%e3%81%8a%e3%82%88%e3%81%b3%e8%bf%94%e5%93%81%e3%81%ab%e9%96%a2%e3%81%99%e3%82%8b%e3%82%ac%e3%82%a4%e3%83%89%e3%83%a9%e3%82%a4%e3%83%b3","status":"publish","type":"page","link":"https:\/\/www.modelcars24.de\/ja\/richtlinie-fuer-rueckerstattungen-und-rueckgaben\/","title":{"rendered":"\u8fd4\u91d1\u3068\u8fd4\u54c1\u306b\u95a2\u3059\u308b\u30dd\u30ea\u30b7\u30fc"},"content":{"rendered":"<div data-elementor-type=\"wp-page\" data-elementor-id=\"61230\" class=\"elementor elementor-61230\" data-elementor-post-type=\"page\">\n\t\t\t\t<div class=\"elementor-element elementor-element-3d73903 e-flex e-con-boxed e-con e-parent\" data-id=\"3d73903\" data-element_type=\"container\" data-e-type=\"container\">\n\t\t\t\t\t<div class=\"e-con-inner\">\n\t\t<div class=\"elementor-element elementor-element-691e7eb e-con-full e-flex e-con e-child\" data-id=\"691e7eb\" data-element_type=\"container\" data-e-type=\"container\">\n\t\t\t\t<div class=\"elementor-element elementor-element-f9b7f15 elementor-widget elementor-widget-heading\" data-id=\"f9b7f15\" data-element_type=\"widget\" data-e-type=\"widget\" data-widget_type=\"heading.default\">\n\t\t\t\t<div class=\"elementor-widget-container\">\n\t\t\t\t\t<h2 class=\"elementor-heading-title elementor-size-default\">\u8fd4\u5374\u6761\u4ef6\u306f\uff1f<\/h2>\t\t\t\t<\/div>\n\t\t\t\t<\/div>\n\t\t\t\t<div class=\"elementor-element elementor-element-3bede3a elementor-widget elementor-widget-image\" data-id=\"3bede3a\" data-element_type=\"widget\" data-e-type=\"widget\" data-widget_type=\"image.default\">\n\t\t\t\t<div class=\"elementor-widget-container\">\n\t\t\t\t\t\t\t\t\t\t\t\t\t\t\t<img fetchpriority=\"high\" decoding=\"async\" width=\"800\" height=\"600\" src=\"https:\/\/www.modelcars24.de\/wp-content\/uploads\/2026\/02\/IMG_8117-1024x768.jpeg\" class=\"attachment-large size-large wp-image-61004\" alt=\"\" srcset=\"https:\/\/www.modelcars24.de\/wp-content\/uploads\/2026\/02\/IMG_8117-1024x768.jpeg 1024w, https:\/\/www.modelcars24.de\/wp-content\/uploads\/2026\/02\/IMG_8117-300x225.jpeg 300w, https:\/\/www.modelcars24.de\/wp-content\/uploads\/2026\/02\/IMG_8117-768x576.jpeg 768w, https:\/\/www.modelcars24.de\/wp-content\/uploads\/2026\/02\/IMG_8117-1536x1152.jpeg 1536w, https:\/\/www.modelcars24.de\/wp-content\/uploads\/2026\/02\/IMG_8117-16x12.jpeg 16w, https:\/\/www.modelcars24.de\/wp-content\/uploads\/2026\/02\/IMG_8117-600x450.jpeg 600w, https:\/\/www.modelcars24.de\/wp-content\/uploads\/2026\/02\/IMG_8117.jpeg 2016w\" sizes=\"(max-width: 800px) 100vw, 800px\" \/>\t\t\t\t\t\t\t\t\t\t\t\t\t\t\t<\/div>\n\t\t\t\t<\/div>\n\t\t\t\t<\/div>\n\t\t<div class=\"elementor-element elementor-element-dbd16ea e-con-full e-flex e-con e-child\" data-id=\"dbd16ea\" data-element_type=\"container\" data-e-type=\"container\">\n\t\t\t\t<div class=\"elementor-element elementor-element-e574988 elementor-widget elementor-widget-text-editor\" data-id=\"e574988\" data-element_type=\"widget\" data-e-type=\"widget\" data-widget_type=\"text-editor.default\">\n\t\t\t\t<div class=\"elementor-widget-container\">\n\t\t\t\t\t\t\t\t\t<p>\u3054\u8cfc\u5165\u304b\u308914\u65e5\u4ee5\u5185\u3067\u3042\u308c\u3070\u3001\u7406\u7531\u306a\u304f\u3054\u8fd4\u54c1\u3044\u305f\u3060\u3051\u307e\u3059\u3002\u30b5\u30fc\u30d3\u30b9\u5411\u4e0a\u306e\u305f\u3081\u3001\u30ad\u30e3\u30f3\u30bb\u30eb\u306e\u7406\u7531\u3092\u304a\u805e\u304b\u305b\u304f\u3060\u3055\u3044\u3002\u8fd4\u54c1\u306b\u304b\u304b\u308b\u8cbb\u7528\u306f\u304a\u5ba2\u69d8\u306e\u3054\u8ca0\u62c5\u3068\u306a\u308a\u307e\u3059\u3002\u4fdd\u967a\u4ed8\u304d\u306e\u767a\u9001\u3092\u304a\u52e7\u3081\u3057\u307e\u3059\u3002.<\/p><p>\u30e2\u30c7\u30eb\u3068\u68b1\u5305\u3092\u53d7\u3051\u53d6\u308a\u3001\u767a\u9001\u6642\u3068\u540c\u3058\u72b6\u614b\u3067\u3042\u308c\u3070\u3001\u3059\u3050\u306b\u4ee3\u91d1\u3092\u304a\u9001\u308a\u3057\u307e\u3059\u3002.\u00a0<\/p>\t\t\t\t\t\t\t\t<\/div>\n\t\t\t\t<\/div>\n\t\t\t\t<\/div>\n\t\t\t\t\t<\/div>\n\t\t\t\t<\/div>\n\t\t<div class=\"elementor-element elementor-element-99f8beb e-flex e-con-boxed e-con e-parent\" data-id=\"99f8beb\" data-element_type=\"container\" data-e-type=\"container\">\n\t\t\t\t\t<div class=\"e-con-inner\">\n\t\t<div class=\"elementor-element elementor-element-4413272 e-con-full e-flex e-con e-child\" data-id=\"4413272\" data-element_type=\"container\" data-e-type=\"container\">\n\t\t\t\t<div class=\"elementor-element elementor-element-5fe5ba4 elementor-widget elementor-widget-heading\" data-id=\"5fe5ba4\" data-element_type=\"widget\" data-e-type=\"widget\" data-widget_type=\"heading.default\">\n\t\t\t\t<div class=\"elementor-widget-container\">\n\t\t\t\t\t<h2 class=\"elementor-heading-title elementor-size-default\">\u6255\u3044\u623b\u3057<\/h2>\t\t\t\t<\/div>\n\t\t\t\t<\/div>\n\t\t\t\t<\/div>\n\t\t<div class=\"elementor-element elementor-element-8939d23 e-con-full e-flex e-con e-child\" data-id=\"8939d23\" data-element_type=\"container\" data-e-type=\"container\">\n\t\t\t\t<div class=\"elementor-element elementor-element-b88ec5f elementor-widget elementor-widget-text-editor\" data-id=\"b88ec5f\" data-element_type=\"widget\" data-e-type=\"widget\" data-widget_type=\"text-editor.default\">\n\t\t\t\t<div class=\"elementor-widget-container\">\n\t\t\t\t\t\t\t\t\t<p>\u304a\u5ba2\u69d8\u306f\u300114\u65e5\u4ee5\u5185\u3067\u3042\u308c\u3070\u3001\u7406\u7531\u3092\u8ff0\u3079\u308b\u3053\u3068\u306a\u304f\u672c\u5951\u7d04\u3092\u30ad\u30e3\u30f3\u30bb\u30eb\u3059\u308b\u6a29\u5229\u3092\u6709\u3057\u307e\u3059\u3002\u30ad\u30e3\u30f3\u30bb\u30eb\u671f\u9593\u306f\u3001\u304a\u5ba2\u69d8\u307e\u305f\u306f\u904b\u9001\u696d\u8005\u3067\u306f\u306a\u3044\u304a\u5ba2\u69d8\u304c\u6307\u5b9a\u3057\u305f\u7b2c\u4e09\u8005\u304c\u5546\u54c1\u3092\u5360\u6709\u3057\u305f\u65e5\u304b\u308914\u65e5\u9593\u3067\u3059\u3002.<\/p><p>\u30ad\u30e3\u30f3\u30bb\u30eb\u306e\u6a29\u5229\u3092\u884c\u4f7f\u3059\u308b\u306b\u306f\u3001\u5f53\u793e\u306b\u3054\u9023\u7d61\u3044\u305f\u3060\u304f\u5fc5\u8981\u304c\u3042\u308a\u307e\u3059\u3001,<\/p><p>\u30af\u30e9\u30a6\u30b9\u30fb\u30b8\u30a7\u30b7\u30e5\u30b1\u535a\u58eb\u3001Modelcars24\u3001Ant Flintenkamp 8\u3001D-26632 Ihlow\u3001,<\/p><p>\u672c\u5951\u7d04\u3092\u89e3\u7d04\u3059\u308b\u65e8\u3092\u3001\u660e\u78ba\u306a\u66f8\u9762\uff08\u90f5\u4fbf\u3001\u30d5\u30a1\u30c3\u30af\u30b9\u3001E\u30e1\u30fc\u30eb\u7b49\uff09\u306b\u3088\u308a\u901a\u77e5\u3059\u308b\u3053\u3068\u3002\u89e3\u7d04\u671f\u9650\u3092\u9075\u5b88\u3059\u308b\u305f\u3081\u306b\u306f\u3001\u89e3\u7d04\u671f\u9593\u304c\u7d4c\u904e\u3059\u308b\u524d\u306b\u89e3\u7d04\u6a29\u884c\u4f7f\u306e\u901a\u77e5\u3092\u9001\u4ed8\u3059\u308c\u3070\u5341\u5206\u3067\u3059\u3002.<\/p>\t\t\t\t\t\t\t\t<\/div>\n\t\t\t\t<\/div>\n\t\t\t\t<\/div>\n\t\t\t\t\t<\/div>\n\t\t\t\t<\/div>\n\t\t<div class=\"elementor-element elementor-element-84bc9f0 e-flex e-con-boxed e-con e-parent\" data-id=\"84bc9f0\" data-element_type=\"container\" data-e-type=\"container\">\n\t\t\t\t\t<div class=\"e-con-inner\">\n\t\t<div class=\"elementor-element elementor-element-55ae58e e-con-full e-flex e-con e-child\" data-id=\"55ae58e\" data-element_type=\"container\" data-e-type=\"container\">\n\t\t\t\t<div class=\"elementor-element elementor-element-182b7e6 elementor-widget elementor-widget-heading\" data-id=\"182b7e6\" data-element_type=\"widget\" data-e-type=\"widget\" data-widget_type=\"heading.default\">\n\t\t\t\t<div class=\"elementor-widget-container\">\n\t\t\t\t\t<h2 class=\"elementor-heading-title elementor-size-default\">\u30ad\u30e3\u30f3\u30bb\u30eb\u306e\u7d50\u679c\uff1a<\/h2>\t\t\t\t<\/div>\n\t\t\t\t<\/div>\n\t\t\t\t<\/div>\n\t\t<div class=\"elementor-element elementor-element-5077af0 e-con-full e-flex e-con e-child\" data-id=\"5077af0\" data-element_type=\"container\" data-e-type=\"container\">\n\t\t\t\t<div class=\"elementor-element elementor-element-60c948a elementor-widget elementor-widget-text-editor\" data-id=\"60c948a\" data-element_type=\"widget\" data-e-type=\"widget\" data-widget_type=\"text-editor.default\">\n\t\t\t\t<div class=\"elementor-widget-container\">\n\t\t\t\t\t\t\t\t\t<p>\u304a\u5ba2\u69d8\u304c\u672c\u5951\u7d04\u304b\u3089\u96e2\u8131\u3059\u308b\u5834\u5408\u3001\u5f53\u793e\u306f\u3001\u304a\u5ba2\u69d8\u304b\u3089\u53d7\u9818\u3057\u305f\u3059\u3079\u3066\u306e\u4ee3\u91d1\uff08\u914d\u9001\u306b\u304b\u304b\u308b\u8cbb\u7528\u3092\u542b\u3080\uff09\u3092\u3001\u4e0d\u5f53\u306b\u9045\u5ef6\u3059\u308b\u3053\u3068\u306a\u304f\u3001\u3044\u304b\u306a\u308b\u5834\u5408\u306b\u304a\u3044\u3066\u3082\u3001\u304a\u5ba2\u69d8\u304c\u672c\u5951\u7d04\u304b\u3089\u96e2\u8131\u3059\u308b\u65e8\u306e\u6c7a\u5b9a\u3092\u5f53\u793e\u306b\u901a\u77e5\u3057\u305f\u65e5\u304b\u308914\u65e5\u4ee5\u5185\u306b\u3001\u304a\u5ba2\u69d8\u306b\u6255\u3044\u623b\u3059\u3082\u306e\u3068\u3057\u307e\u3059\uff08\u305f\u3060\u3057\u3001\u304a\u5ba2\u69d8\u304c\u3001\u5f53\u793e\u304c\u63d0\u4f9b\u3059\u308b\u6700\u3082\u5b89\u4fa1\u306a\u30bf\u30a4\u30d7\u306e\u6a19\u6e96\u914d\u9001\u4ee5\u5916\u306e\u914d\u9001\u65b9\u6cd5\u3092\u9078\u629e\u3057\u305f\u3053\u3068\u306b\u3088\u308b\u8ffd\u52a0\u8cbb\u7528\u3092\u9664\u304d\u307e\u3059\uff09\u3002.<\/p><p>\u3053\u306e\u6255\u3044\u623b\u3057\u306b\u306f\u3001\u304a\u5ba2\u69d8\u3068\u660e\u793a\u7684\u306b\u5225\u6bb5\u306e\u5408\u610f\u304c\u306a\u3044\u9650\u308a\u3001\u304a\u5ba2\u69d8\u304c\u6700\u521d\u306e\u53d6\u5f15\u306b\u4f7f\u7528\u3057\u305f\u306e\u3068\u540c\u3058\u652f\u6255\u3044\u624b\u6bb5\u3092\u4f7f\u7528\u3057\u307e\u3059\u3002\u5f53\u793e\u306f\u3001\u5f53\u793e\u304c\u5546\u54c1\u3092\u53d7\u9818\u3059\u308b\u307e\u3067\u3001\u307e\u305f\u306f\u304a\u5ba2\u69d8\u304c\u5546\u54c1\u3092\u8fd4\u9001\u3057\u305f\u8a3c\u62e0\u3092\u63d0\u51fa\u3059\u308b\u307e\u3067\u3001\u3044\u305a\u308c\u304b\u65e9\u3044\u65b9\u307e\u3067\u6255\u3044\u623b\u3057\u3092\u4fdd\u7559\u3059\u308b\u3053\u3068\u304c\u3067\u304d\u307e\u3059\u3002\u304a\u5ba2\u69d8\u306f\u3001\u3044\u304b\u306a\u308b\u5834\u5408\u306b\u304a\u3044\u3066\u3082\u3001\u672c\u5951\u7d04\u306e\u89e3\u7d04\u3092\u5f53\u793e\u306b\u901a\u77e5\u3057\u305f\u65e5\u304b\u308914\u65e5\u4ee5\u5185\u306b\u3001\u76f4\u3061\u306b\u5546\u54c1\u3092\u5f53\u793e\u306b\u8fd4\u5374\u307e\u305f\u306f\u5f15\u304d\u6e21\u3055\u306a\u3051\u308c\u3070\u306a\u308a\u307e\u305b\u3093\u3002.<\/p><p>14\u65e5\u9593\u304c\u7d4c\u904e\u3059\u308b\u524d\u306b\u5546\u54c1\u3092\u767a\u9001\u3057\u305f\u5834\u5408\u3001\u671f\u9650\u306f\u5b88\u3089\u308c\u307e\u3059\u3002\u5546\u54c1\u306e\u8fd4\u54c1\u306b\u304b\u304b\u308b\u76f4\u63a5\u7684\u306a\u8cbb\u7528\u306f\u3001\u304a\u5ba2\u69d8\u306e\u8ca0\u62c5\u3068\u3057\u307e\u3059\u3002\u5546\u54c1\u306e\u4fa1\u5024\u306e\u640d\u5931\u304c\u3001\u5546\u54c1\u306e\u72b6\u614b\u3001\u7279\u6027\u3001\u304a\u3088\u3073\u6a5f\u80fd\u6027\u3092\u78ba\u8a8d\u3059\u308b\u305f\u3081\u306b\u5fc5\u8981\u3067\u306a\u3044\u5546\u54c1\u306e\u53d6\u308a\u6271\u3044\u306b\u8d77\u56e0\u3059\u308b\u5834\u5408\u306b\u9650\u308a\u3001\u304a\u5ba2\u69d8\u306f\u5546\u54c1\u306e\u4fa1\u5024\u306e\u640d\u5931\u3092\u652f\u6255\u3046\u5fc5\u8981\u304c\u3042\u308a\u307e\u3059\u3002.<\/p>\t\t\t\t\t\t\t\t<\/div>\n\t\t\t\t<\/div>\n\t\t\t\t<\/div>\n\t\t\t\t\t<\/div>\n\t\t\t\t<\/div>\n\t\t\t\t<\/div>","protected":false},"excerpt":{"rendered":"<p>Wie sehen die R\u00fcckgabebedingungen aus? Sie k\u00f6nnen Ihr Modell innerhalb von vierzehn Tagen ohne Angabe von Gr\u00fcnden zur\u00fcckgeben. Um unseren Service zu verbessern, bitten wir um Angaben, warum Sie vom Kauf zur\u00fccktreten m\u00f6chten. Die Kosten f\u00fcr die R\u00fccksendung des Modells m\u00fcssen Sie tragen. Wir empfehlen einen versicherten Versand. Sobald das Modell und die Verpackung bei uns eintreffen und der Zustand dem bei Versand entspricht, schicken wir Ihnen umgehend Ihr Geld.\u00a0 R\u00fccknahme und R\u00fcckerstattung Sie haben das Recht, binnen vierzehn Tagen ohne Angabe von Gr\u00fcnden diesen Vertrag zu widerrufen. Die Widerrufsfrist betr\u00e4gt vierzehn Tage ab dem Tag an dem Sie oder ein von Ihnen benannter Dritter, der nicht der Bef\u00f6rderer ist, [&hellip;]<\/p>\n","protected":false},"author":1,"featured_media":61004,"parent":0,"menu_order":0,"comment_status":"closed","ping_status":"closed","template":"","meta":{"_acf_changed":false,"footnotes":""},"class_list":["post-61230","page","type-page","status-publish","has-post-thumbnail","hentry"],"acf":[],"jetpack_sharing_enabled":true,"_links":{"self":[{"href":"https:\/\/www.modelcars24.de\/ja\/wp-json\/wp\/v2\/pages\/61230","targetHints":{"allow":["GET"]}}],"collection":[{"href":"https:\/\/www.modelcars24.de\/ja\/wp-json\/wp\/v2\/pages"}],"about":[{"href":"https:\/\/www.modelcars24.de\/ja\/wp-json\/wp\/v2\/types\/page"}],"author":[{"embeddable":true,"href":"https:\/\/www.modelcars24.de\/ja\/wp-json\/wp\/v2\/users\/1"}],"replies":[{"embeddable":true,"href":"https:\/\/www.modelcars24.de\/ja\/wp-json\/wp\/v2\/comments?post=61230"}],"version-history":[{"count":4,"href":"https:\/\/www.modelcars24.de\/ja\/wp-json\/wp\/v2\/pages\/61230\/revisions"}],"predecessor-version":[{"id":61234,"href":"https:\/\/www.modelcars24.de\/ja\/wp-json\/wp\/v2\/pages\/61230\/revisions\/61234"}],"wp:featuredmedia":[{"embeddable":true,"href":"https:\/\/www.modelcars24.de\/ja\/wp-json\/wp\/v2\/media\/61004"}],"wp:attachment":[{"href":"https:\/\/www.modelcars24.de\/ja\/wp-json\/wp\/v2\/media?parent=61230"}],"curies":[{"name":"wp","href":"https:\/\/api.w.org\/{rel}","templated":true}]}}