{"id":9,"date":"2025-03-07T15:08:24","date_gmt":"2025-03-07T14:08:24","guid":{"rendered":"http:\/\/www.mondo-legno.com\/warenkorb\/"},"modified":"2026-01-19T14:24:35","modified_gmt":"2026-01-19T13:24:35","slug":"%e8%b2%b7%e3%81%84%e7%89%a9%e3%81%8b%e3%81%94","status":"publish","type":"page","link":"https:\/\/www.modelcars24.de\/ja\/warenkorb\/","title":{"rendered":"\u8cb7\u3044\u7269\u304b\u3054"},"content":{"rendered":"<div data-elementor-type=\"wp-page\" data-elementor-id=\"9\" class=\"elementor elementor-9\" data-elementor-post-type=\"page\">\n\t\t\t\t<div class=\"elementor-element elementor-element-c492a9f e-flex e-con-boxed e-con e-parent\" data-id=\"c492a9f\" data-element_type=\"container\" data-e-type=\"container\">\n\t\t\t\t\t<div class=\"e-con-inner\">\n\t\t\t\t\t<\/div>\n\t\t\t\t<\/div>\n\t\t\t\t<\/div>","protected":false},"excerpt":{"rendered":"<p>Artikel entfernen Vorschaubild Produkt Preis Anzahl Zwischensumme &times; Atlantic Mulhouse 1\/18 Scale Display Case with Dark Blue leather base Dark Blue &#8211; 1\/18 55,00&nbsp;&euro; Atlantic Mulhouse 1\/18 Scale Display Case with Dark Blue leather base Dark Blue &#8211; 1\/18 Menge 55,00&nbsp;&euro; Gutschein anwenden Warenkorb Summe Zwischensumme 55,00&nbsp;&euro; Versand Versandkostenpauschale: 11,90&nbsp;&euro; Versand nach 26632 IHLOW. Adresse \u00e4ndern Land\/Region Land\/Region ausw\u00e4hlen\u00a0\u2026\u00c4gypten\u00c4quatorialguinea\u00c4thiopienAfghanistan\u00c5landAlbanienAlgerienAmerikanisch-SamoaAmerikanische JungferninselnAndorraAngolaAnguillaAntarktikaAntigua und BarbudaArgentinienArmenienArubaAserbaidschanAustralienBahamasBahrainBangladeschBarbadosBelarusBelauBelgienBelizeBeninBermudaBhutanBolivienBonaire, Sint Eustatius und SabaBosnien und HerzegowinaBotswanaBouvetinselBrasilienBritische JungferninselnBritisches Territorium im Indischen OzeanBruneiBulgarienBurkina FasoBurundiChileChinaCookinselnCosta RicaCura&Ccedil;aoD\u00e4nemarkDeutschlandDominicaDominikanische RepublikDschibutiEcuadorEl SalvadorElfenbeink\u00fcsteEritreaEstlandEswatiniF\u00e4r\u00f6erFalklandinselnFidschiFinnlandFrankreichFranz\u00f6sisch-GuayanaFranz\u00f6sisch-PolynesienFranz\u00f6sische S\u00fcd- und AntarktisgebieteGabunGambiaGeorgienGhanaGibraltarGrenadaGriechenlandGr\u00f6nlandGuadeloupeGuamGuatemalaGuernseyGuineaGuinea-BissauGuyanaHaitiHeard und McDonaldinselnHondurasHongkongIndienIndonesienIrakIranIrlandIslandIsle of ManIsraelItalienJamaikaJapanJemenJerseyJordanienKaimaninselnKambodschaKamerunKanadaKap VerdeKasachstanKatarKeniaKirgisistanKiribatiKokosinseln (Keelinginseln)KolumbienKomorenKongo-BrazzavilleKongo-KinshasaKosovoKroatienKubaKuwaitLaosLesothoLettlandLibanonLiberiaLibyenLiechtensteinLitauenLuxemburgMacauMadagaskarMalawiMalaysiaMaledivenMaliMaltaMarokkoMarshallinselnMartiniqueMauretanienMauritiusMayotteMexikoMikronesienMoldauMonacoMongoleiMontenegroMontserratMosambikMyanmarNamibiaNauruNepalNeukaledonienNeuseelandNicaraguaNiederlandeNigerNigeriaNiueN\u00f6rdliche MarianenNordkoreaNordmazedonienNorfolkinselNorwegen\u00d6sterreichOmanOsttimorPakistanPal\u00e4stinensische AutonomiegebietePanamaPapua-NeuguineaParaguayPeruPhilippinenPitcairninselnPolenPortugalPuerto RicoR\u00e9unionRuandaRum\u00e4nienRusslandSaint Barth&eacute;lemySaint Martin (Dutch part)Saint-Pierre und MiquelonSalomonenSambiaSamoaSan MarinoS&atilde;o Tom&eacute; and Pr&iacute;ncipeSaudi-ArabienSchwedenSchweizSenegalSerbienSeychellenSierra LeoneSimbabweSingapurSlowakeiSlowenienSomaliaSpanienSpitzbergen und Jan MayenSri LankaSt. HelenaSt. Kitts und NevisSt. LuciaSt. Martin [&hellip;]<\/p>\n","protected":false},"author":1,"featured_media":0,"parent":0,"menu_order":0,"comment_status":"closed","ping_status":"closed","template":"","meta":{"footnotes":""},"class_list":["post-9","page","type-page","status-publish","hentry"],"jetpack_sharing_enabled":true,"_links":{"self":[{"href":"https:\/\/www.modelcars24.de\/ja\/wp-json\/wp\/v2\/pages\/9","targetHints":{"allow":["GET"]}}],"collection":[{"href":"https:\/\/www.modelcars24.de\/ja\/wp-json\/wp\/v2\/pages"}],"about":[{"href":"https:\/\/www.modelcars24.de\/ja\/wp-json\/wp\/v2\/types\/page"}],"author":[{"embeddable":true,"href":"https:\/\/www.modelcars24.de\/ja\/wp-json\/wp\/v2\/users\/1"}],"replies":[{"embeddable":true,"href":"https:\/\/www.modelcars24.de\/ja\/wp-json\/wp\/v2\/comments?post=9"}],"version-history":[{"count":28,"href":"https:\/\/www.modelcars24.de\/ja\/wp-json\/wp\/v2\/pages\/9\/revisions"}],"predecessor-version":[{"id":59796,"href":"https:\/\/www.modelcars24.de\/ja\/wp-json\/wp\/v2\/pages\/9\/revisions\/59796"}],"wp:attachment":[{"href":"https:\/\/www.modelcars24.de\/ja\/wp-json\/wp\/v2\/media?parent=9"}],"curies":[{"name":"wp","href":"https:\/\/api.w.org\/{rel}","templated":true}]}}