{"id":61916,"date":"2026-03-10T14:14:03","date_gmt":"2026-03-10T13:14:03","guid":{"rendered":"https:\/\/www.modelcars24.de\/?post_type=product&#038;p=61916"},"modified":"2026-03-12T11:03:24","modified_gmt":"2026-03-12T10:03:24","slug":"gt%e3%82%b9%e3%83%94%e3%83%aa%e3%83%83%e3%83%88-%e3%83%a1%e3%83%ab%e3%82%bb%e3%83%87%e3%82%b9%e3%83%bb%e3%83%99%e3%83%b3%e3%83%84-190e-%e3%82%a8%e3%83%9c%e3%83%aa%e3%83%a5%e3%83%bc%e3%82%b7%e3%83%a7","status":"publish","type":"product","link":"https:\/\/www.modelcars24.de\/ja\/gt-spirit-mercedes-benz-190-evolution-ii-blau-schwarz-metallic\/","title":{"rendered":"GT\u30b9\u30d4\u30ea\u30c3\u30c8 \u30e1\u30eb\u30bb\u30c7\u30b9\u30fb\u30d9\u30f3\u30c4 190 \u30a8\u30dc\u30ea\u30e5\u30fc\u30b7\u30e7\u30f3II \u30d6\u30eb\u30fc\u30d6\u30e9\u30c3\u30af\u30e1\u30bf\u30ea\u30c3\u30af 1990 - 1\/8"},"content":{"rendered":"<h3>GT\u30b9\u30d4\u30ea\u30c3\u30c8 \u30e1\u30eb\u30bb\u30c7\u30b9\u30fb\u30d9\u30f3\u30c4 190 \u30a8\u30dc\u30ea\u30e5\u30fc\u30b7\u30e7\u30f3II \u30d6\u30eb\u30fc\u30d6\u30e9\u30c3\u30af\u30e1\u30bf\u30ea\u30c3\u30af 1990 - 1\/8<\/h3>\n<p>GT\u30b9\u30d4\u30ea\u30c3\u30c8 1\/8\u30b9\u30b1\u30fc\u30eb \u30e1\u30eb\u30bb\u30c7\u30b9\u30fb\u30d9\u30f3\u30c4 190 E 2.5-16 \u30a8\u30dc\u30ea\u30e5\u30fc\u30b7\u30e7\u30f3II\u306f\u30011990\u5e74\u306eDTM\u4f1d\u8aac\u3078\u306e\u8f1d\u304b\u3057\u3044\u30aa\u30de\u30fc\u30b8\u30e5\u3067\u3059\u3002\u672c\u7269\u306e\u30d6\u30eb\u30fc\u30d6\u30e9\u30c3\u30af\u30e1\u30bf\u30ea\u30c3\u30af\u3067\u4ed5\u4e0a\u3052\u3089\u308c\u305f\u3053\u306e\u30e2\u30c7\u30eb\u306f\u3001\u9ad8\u8cb4\u3055\u3068\u653b\u6483\u6027\u3092\u517c\u306d\u5099\u3048\u3066\u3044\u307e\u3059\u300255cm\u3092\u8d85\u3048\u308b\u305d\u306e\u5727\u5012\u7684\u306a\u30b5\u30a4\u30ba\u306f\u3001\u5de8\u5927\u306a\u30ea\u30a2\u30a6\u30a3\u30f3\u30b0\u304b\u3089\u7279\u5fb4\u7684\u306a\u30db\u30a4\u30fc\u30eb\u30a2\u30fc\u30c1\u30d5\u30ec\u30a2\u307e\u3067\u3001\u8c61\u5fb4\u7684\u306a\u30a8\u30a2\u30ed\u30c0\u30a4\u30ca\u30df\u30af\u30b9\u30d1\u30c3\u30b1\u30fc\u30b8\u306e\u3042\u3089\u3086\u308b\u30c7\u30a3\u30c6\u30fc\u30eb\u3092\u5b8c\u74a7\u306b\u79f0\u8cdb\u3059\u308b\u3053\u3068\u3092\u53ef\u80fd\u306b\u3057\u307e\u3059\u3002.<\/p>\n<p>\u30e2\u30c7\u30eb\u306e\u30cf\u30a4\u30e9\u30a4\u30c8<\/p>\n<ul>\n<li>\u5916\u89b3\uff1a\u6df1\u307f\u306e\u3042\u308b\u5149\u6ca2\u5857\u88c5\u3068\u7cbe\u5bc6\u306b\u518d\u73fe\u3055\u308c\u305fEvo-II\u30db\u30a4\u30fc\u30eb\u3002.<\/li>\n<li>\u30a4\u30f3\u30c6\u30ea\u30a2\uff1a\u30b9\u30dd\u30fc\u30c4\u30b7\u30fc\u30c8\u3068\u8a08\u5668\u985e\u306e\u4e39\u5ff5\u306a\u63cf\u5199\u3002.<\/li>\n<li>\u30d7\u30ec\u30bb\u30f3\u30b9\uff1a\u9ad8\u54c1\u8cea\u30ec\u30b8\u30f3\u88fd\u306e\u3001\u305a\u3063\u3057\u308a\u3068\u3057\u305f\u30b3\u30ec\u30af\u30bf\u30fc\u30ba\u30a2\u30a4\u30c6\u30e0\u3002.<\/li>\n<\/ul>\n<p>Dieses Modell ist die ultimative Verk\u00f6rperung der &#8222;Stuttgarter H\u00e4rte&#8220; und f\u00e4ngt den kompromisslosen Geist der Homologations-Sonderserie perfekt ein. Ein Muss f\u00fcr Mercedes-Fans, die den K\u00f6nig der Baby-Benze im Gro\u00dfformat erleben wollen.<\/p>\n<p>\uff27\uff34\uff33\uff18\uff10\uff12\uff18\uff10\uff11<\/p>","protected":false},"excerpt":{"rendered":"<p>GTS802801- 1-\u65b0\u54c1- 1190,00 \u20ac\u306e\u4ee3\u308f\u308a\u306b 995,00 \u20ac (19% VAT\u8fbc)<\/p>","protected":false},"featured_media":61917,"comment_status":"open","ping_status":"closed","template":"","meta":[],"product_brand":[861],"product_cat":[436,19,56,262],"product_tag":[172,173,269,175,270,181,182],"class_list":{"0":"post-61916","1":"product","2":"type-product","3":"status-publish","4":"has-post-thumbnail","6":"product_brand-hc","7":"product_cat-gt-spirit","8":"product_cat-mercedes-benz","9":"product_cat-porsche","10":"product_cat-vorbestellbar","11":"product_tag-atelier","12":"product_tag-bbr","13":"product_tag-bbr-ferrari-250-lusso-red","14":"product_tag-competizione","15":"product_tag-ferrari-250-lusso-1963-118","16":"product_tag-mrcollection","17":"product_tag-perfectly-embodies-ferraris","18":"product_shipping_class-sperrgut","19":"pa_automarke-mercedes","20":"pa_decade-2020s","21":"pa_fahrzeugtyp-limousine","22":"pa_farbe-rot","23":"pa_limitiert-ja","24":"pa_massstab-1-8","25":"pa_modeltyp-fertigmodell","26":"pa_modeltyp-geschlossen","27":"pa_status-beim-hersteller-verfuegbar","28":"pa_verfuegbarkeit-vorbestellbar","29":"pa_zustand_modell-1-brandneu","30":"pa_zustand_verpackung-1-brandneu","32":"first","33":"instock","34":"sale","35":"taxable","36":"shipping-taxable","37":"purchasable","38":"product-type-simple"},"jetpack_sharing_enabled":true,"_links":{"self":[{"href":"https:\/\/www.modelcars24.de\/ja\/wp-json\/wp\/v2\/product\/61916","targetHints":{"allow":["GET"]}}],"collection":[{"href":"https:\/\/www.modelcars24.de\/ja\/wp-json\/wp\/v2\/product"}],"about":[{"href":"https:\/\/www.modelcars24.de\/ja\/wp-json\/wp\/v2\/types\/product"}],"replies":[{"embeddable":true,"href":"https:\/\/www.modelcars24.de\/ja\/wp-json\/wp\/v2\/comments?post=61916"}],"version-history":[{"count":0,"href":"https:\/\/www.modelcars24.de\/ja\/wp-json\/wp\/v2\/product\/61916\/revisions"}],"wp:featuredmedia":[{"embeddable":true,"href":"https:\/\/www.modelcars24.de\/ja\/wp-json\/wp\/v2\/media\/61917"}],"wp:attachment":[{"href":"https:\/\/www.modelcars24.de\/ja\/wp-json\/wp\/v2\/media?parent=61916"}],"wp:term":[{"taxonomy":"product_brand","embeddable":true,"href":"https:\/\/www.modelcars24.de\/ja\/wp-json\/wp\/v2\/product_brand?post=61916"},{"taxonomy":"product_cat","embeddable":true,"href":"https:\/\/www.modelcars24.de\/ja\/wp-json\/wp\/v2\/product_cat?post=61916"},{"taxonomy":"product_tag","embeddable":true,"href":"https:\/\/www.modelcars24.de\/ja\/wp-json\/wp\/v2\/product_tag?post=61916"}],"curies":[{"name":"wp","href":"https:\/\/api.w.org\/{rel}","templated":true}]}}