{"id":63634,"date":"2026-04-22T13:50:46","date_gmt":"2026-04-22T11:50:46","guid":{"rendered":"https:\/\/www.modelcars24.de\/?post_type=product&#038;p=63634"},"modified":"2026-04-22T19:11:04","modified_gmt":"2026-04-22T17:11:04","slug":"ixo-bmw-m3-e30-macao-blau-modelcars24","status":"publish","type":"product","link":"https:\/\/www.modelcars24.de\/ja\/ixo-bmw-m3-e30-macao-blau-modelcars24\/","title":{"rendered":"IXO BMW M3 E30 Macao Blau modelcars24 exklusive Bausatz one of 300 &#8211; 1\/8"},"content":{"rendered":"<p>IXO BMW M3 E30 Bausatz Macao Blau &#8211; 1\/8. Hochwertiger Bausatz im Ma\u00dfstab 1:8. Komplettlieferung<\/p>\n<p>IXO BMW M3 E30\u30ad\u30c3\u30c8\u306e1:8\u30b9\u30b1\u30fc\u30eb\u306f\u3001\u4f1d\u8aac\u306e\u30c4\u30fc\u30ea\u30f3\u30b0\u30ab\u30fc\u30d5\u30a1\u30f3\u306b\u3068\u3063\u3066\u5922\u306e\u3088\u3046\u306a\u30e2\u30c7\u30eb\u3067\u3059\u3002\u9ad8\u54c1\u8cea\u306e\u30c0\u30a4\u30ad\u30e3\u30b9\u30c8\u30e1\u30bf\u30eb\u88fd\u3067\u3001\u305d\u306e\u5370\u8c61\u7684\u306a\u91cd\u91cf\u611f\u3068\u9ad8\u3044\u30ec\u30d9\u30eb\u306e\u30c7\u30a3\u30c6\u30fc\u30eb\u304c\u5370\u8c61\u7684\u3067\u3059\u3002\u3053\u306e\u30d5\u30eb\u30ad\u30c3\u30c8\u306e\u7279\u5225\u306a\u7279\u5fb4\u306f\u3001\u63a5\u7740\u5264\u3092\u4f7f\u308f\u305a\u30cd\u30b8\u3060\u3051\u3067\u7d44\u307f\u7acb\u3066\u3089\u308c\u308b\u3053\u3068\u3067\u3059\u3002.<\/p>\n<p>In klassischem Macao Blau lackiert, \u00fcberzeugt der M3 durch funktionale Details wie eine bewegliche Lenkung, zu \u00f6ffnende T\u00fcren und Hauben sowie eine originalgetreue Nachbildung des S14-Motors. Sogar die Scheinwerfer und Bremslichter sind meist verkabelt und voll funktionsf\u00e4hig. Ein monumentales Sammlerst\u00fcck, das die \u00c4ra der DTM direkt ins Wohnzimmer holt.<\/p>\n<p>Dieses Modell produziert IXO exklusiv f\u00fcr uns und ist auf nur 300 St\u00fcck limitiert.<\/p>\n<p>\u7279\u5225\u306a\u6a5f\u80fd\uff1a<\/p>\n<ul>\n<li>BMW M3 e30\u306e\u5fe0\u5b9f\u306a\u30ec\u30d7\u30ea\u30ab<\/li>\n<li>\u5370\u8c61\u7684\u306a\u30b5\u30a4\u30ba\u3068\u7cbe\u5bc6\u306a\u30c7\u30a3\u30c6\u30fc\u30eb\u3092\u5b9f\u73fe\u3059\u308b1:8\u30b9\u30b1\u30fc\u30eb<\/li>\n<li>602\u3092\u8d85\u3048\u308b\u30d1\u30fc\u30c4\u306f\u3001\u305d\u306e\u591a\u304f\u304c\u91d1\u5c5e\u88fd\u3067\u3001\u9811\u4e08\u3067\u30ea\u30a2\u30eb\u306a\u69cb\u9020\u3092\u5b9f\u73fe<\/li>\n<li>\u30c9\u30a2\u3001\u30dc\u30f3\u30cd\u30c3\u30c8\u3001\u30c8\u30e9\u30f3\u30af\u3092\u958b\u3051\u308b\u3068\u3001\u7d30\u90e8\u307e\u3067\u4f5c\u308a\u8fbc\u307e\u308c\u305f\u30a4\u30f3\u30c6\u30ea\u30a2\u3092\u582a\u80fd\u3067\u304d\u308b<\/li>\n<li>\u30c0\u30c3\u30b7\u30e5\u30dc\u30fc\u30c9\u304b\u3089\u7167\u5c04\u3055\u308c\u308b\u6a5f\u80fd\u7684\u306a\u30d8\u30c3\u30c9\u30e9\u30a4\u30c8<\/li>\n<li>\u30d6\u30ec\u30fc\u30ad\u30da\u30c0\u30eb\u3092\u8e0f\u3080\u3068\u70b9\u706f\u3059\u308b\u30d6\u30ec\u30fc\u30ad\u30e9\u30a4\u30c8<\/li>\n<li>\u30a4\u30f3\u30bf\u30e9\u30af\u30c6\u30a3\u30d6\u306a\u4f53\u9a13\u306e\u305f\u3081\u306e\u6a5f\u80fd\u7684\u306a\u30b9\u30c6\u30a2\u30ea\u30f3\u30b0<\/li>\n<li>\u7c21\u5358\u3067\u6b63\u78ba\u306a\u7d44\u307f\u7acb\u3066\u306e\u305f\u3081\u306e\u8a73\u7d30\u306a\u7d44\u307f\u7acb\u3066\u8aac\u660e\u66f8<\/li>\n<li>\u5fd8\u308c\u3089\u308c\u306a\u3044\u8d08\u308a\u7269<\/li>\n<\/ul>\n<p>Artikelnummer: IXC.BMW.R.BL<\/p>","protected":false},"excerpt":{"rendered":"<p>IXC.BMW.R.BL \u00a0&#8211; preorder 995,00 \u20ac inkl. 19% Vat<\/p>","protected":false},"featured_media":63702,"comment_status":"open","ping_status":"closed","template":"","meta":{"_acf_changed":false},"product_brand":[839],"product_cat":[279,969,193,417,262],"product_tag":[460,316,263],"class_list":{"0":"post-63634","1":"product","2":"type-product","3":"status-publish","4":"has-post-thumbnail","6":"product_brand-ixo","7":"product_cat-1-m","8":"product_cat-anzahlung3","9":"product_cat-bmw","10":"product_cat-ixo","11":"product_cat-vorbestellbar","12":"product_tag-ixo","13":"product_tag-mercedes","14":"product_tag-vorbestellbar","15":"product_shipping_class-sperrgut","16":"pa_automarke-bmw","17":"pa_decade-1980s","18":"pa_fahrzeugtyp-limousine","19":"pa_limitiert-nein","20":"pa_massstab-1-8","21":"pa_modelmarke-ixo","22":"pa_modeltyp-alles-zum-oeffnen","23":"pa_modeltyp-bausatz","24":"pa_status-beim-hersteller-verfuegbar","25":"pa_verfuegbarkeit-vorbestellbar","26":"pa_zustand_modell-1-brandneu","27":"pa_zustand_verpackung-1-brandneu","29":"first","30":"instock","31":"taxable","32":"shipping-taxable","33":"purchasable","34":"product-type-simple"},"acf":[],"jetpack_sharing_enabled":true,"_links":{"self":[{"href":"https:\/\/www.modelcars24.de\/ja\/wp-json\/wp\/v2\/product\/63634","targetHints":{"allow":["GET"]}}],"collection":[{"href":"https:\/\/www.modelcars24.de\/ja\/wp-json\/wp\/v2\/product"}],"about":[{"href":"https:\/\/www.modelcars24.de\/ja\/wp-json\/wp\/v2\/types\/product"}],"replies":[{"embeddable":true,"href":"https:\/\/www.modelcars24.de\/ja\/wp-json\/wp\/v2\/comments?post=63634"}],"version-history":[{"count":1,"href":"https:\/\/www.modelcars24.de\/ja\/wp-json\/wp\/v2\/product\/63634\/revisions"}],"predecessor-version":[{"id":63637,"href":"https:\/\/www.modelcars24.de\/ja\/wp-json\/wp\/v2\/product\/63634\/revisions\/63637"}],"wp:featuredmedia":[{"embeddable":true,"href":"https:\/\/www.modelcars24.de\/ja\/wp-json\/wp\/v2\/media\/63702"}],"wp:attachment":[{"href":"https:\/\/www.modelcars24.de\/ja\/wp-json\/wp\/v2\/media?parent=63634"}],"wp:term":[{"taxonomy":"product_brand","embeddable":true,"href":"https:\/\/www.modelcars24.de\/ja\/wp-json\/wp\/v2\/product_brand?post=63634"},{"taxonomy":"product_cat","embeddable":true,"href":"https:\/\/www.modelcars24.de\/ja\/wp-json\/wp\/v2\/product_cat?post=63634"},{"taxonomy":"product_tag","embeddable":true,"href":"https:\/\/www.modelcars24.de\/ja\/wp-json\/wp\/v2\/product_tag?post=63634"}],"curies":[{"name":"wp","href":"https:\/\/api.w.org\/{rel}","templated":true}]}}