{"id":64251,"date":"2026-05-15T11:44:13","date_gmt":"2026-05-15T09:44:13","guid":{"rendered":"https:\/\/www.modelcars24.de\/?post_type=product&#038;p=64251"},"modified":"2026-05-15T13:13:35","modified_gmt":"2026-05-15T11:13:35","slug":"pocher-rolls-royce-ambassador-1933-k83","status":"publish","type":"product","link":"https:\/\/www.modelcars24.de\/ja\/pocher-rolls-royce-ambassador-1933-k83\/","title":{"rendered":"Pocher Rolls-Royce Ambassador 1933 K83 Bausatz &#8211; 1\/8"},"content":{"rendered":"<h1>Pocher Rolls-Royce Ambassador 1933 K83 Bausatz &#8211; 1\/8<\/h1>\n<p>Der Pocher Rolls-Royce Torpedo Cabriolet Phantom II 1934 K75 Bausatz im Ma\u00dfstab 1:8 besticht durch au\u00dfergew\u00f6hnliche Detailgenauigkeit, hochwertige Materialien und eine anspruchsvolle Bauanleitung. Ideal f\u00fcr Sammler und erfahrene Modellbauer, die die Eleganz eines ikonischen Luxuswagens in beeindruckender Gr\u00f6\u00dfe realistisch darstellen m\u00f6chten. Geduld, pr\u00e4zises Arbeiten und sorgf\u00e4ltige Verarbeitung f\u00fchren zum besten Ergebnis. Das Pocher Rolls-Royce Torpedo Cabriolet ist eines der sch\u00f6nsten Baus\u00e4tze aus der klassischen Pocher Serie.<\/p>\n<p>Unser Bausatz ist gebraucht, wurde aber nur f\u00fcr die Bilder ge\u00f6ffnet. Mit dem K\u00fchler wurde schon begonnen. Alle anderne Teile sind originalverpackt und die Bauanteilung ist ebenfalls vorhanden.<\/p>\n<p>K83<\/p>\n<p>2\u30cb\u30e5\u30fc<\/p>","protected":false},"excerpt":{"rendered":"<p>K83 \u2013 2-neuwertig \u2013 1070,00 \u20ac<\/p>","protected":false},"featured_media":64259,"comment_status":"open","ping_status":"closed","template":"","meta":[],"product_brand":[895],"product_cat":[279,451,317,21],"product_tag":[78,393,265,394],"class_list":{"0":"post-64251","1":"product","2":"type-product","3":"status-publish","4":"has-post-thumbnail","6":"product_brand-pocher","7":"product_cat-1-m","8":"product_cat-pocher","9":"product_cat-rolls-royce","10":"product_cat-verfuegbar","11":"product_tag-angebot","12":"product_tag-gt-spirit","13":"product_tag-porsche","14":"product_tag-sofort-verfuegbar","15":"pa_automarke-rolls-royce-2","16":"pa_decade-1930s","17":"pa_fahrzeugtyp-cabrio","18":"pa_farbe-weiss","19":"pa_limitiert-ja","20":"pa_massstab-1-8","21":"pa_modelmarke-pocher","22":"pa_modeltyp-alles-zum-oeffnen","23":"pa_modeltyp-bausatz","24":"pa_status-beim-hersteller-ausverkauft","25":"pa_verfuegbarkeit-sofort-verfuegbar","26":"pa_zustand_modell-2-neuwertig","27":"pa_zustand_verpackung-2-neuwertig","29":"first","30":"instock","31":"purchasable","32":"product-type-simple"},"jetpack_sharing_enabled":true,"_links":{"self":[{"href":"https:\/\/www.modelcars24.de\/ja\/wp-json\/wp\/v2\/product\/64251","targetHints":{"allow":["GET"]}}],"collection":[{"href":"https:\/\/www.modelcars24.de\/ja\/wp-json\/wp\/v2\/product"}],"about":[{"href":"https:\/\/www.modelcars24.de\/ja\/wp-json\/wp\/v2\/types\/product"}],"replies":[{"embeddable":true,"href":"https:\/\/www.modelcars24.de\/ja\/wp-json\/wp\/v2\/comments?post=64251"}],"version-history":[{"count":0,"href":"https:\/\/www.modelcars24.de\/ja\/wp-json\/wp\/v2\/product\/64251\/revisions"}],"wp:featuredmedia":[{"embeddable":true,"href":"https:\/\/www.modelcars24.de\/ja\/wp-json\/wp\/v2\/media\/64259"}],"wp:attachment":[{"href":"https:\/\/www.modelcars24.de\/ja\/wp-json\/wp\/v2\/media?parent=64251"}],"wp:term":[{"taxonomy":"product_brand","embeddable":true,"href":"https:\/\/www.modelcars24.de\/ja\/wp-json\/wp\/v2\/product_brand?post=64251"},{"taxonomy":"product_cat","embeddable":true,"href":"https:\/\/www.modelcars24.de\/ja\/wp-json\/wp\/v2\/product_cat?post=64251"},{"taxonomy":"product_tag","embeddable":true,"href":"https:\/\/www.modelcars24.de\/ja\/wp-json\/wp\/v2\/product_tag?post=64251"}],"curies":[{"name":"wp","href":"https:\/\/api.w.org\/{rel}","templated":true}]}}