{"id":64323,"date":"2026-05-15T13:45:30","date_gmt":"2026-05-15T11:45:30","guid":{"rendered":"https:\/\/www.modelcars24.de\/?post_type=product&#038;p=64323"},"modified":"2026-05-15T13:49:56","modified_gmt":"2026-05-15T11:49:56","slug":"bbr-ferrari-sf26-f1-japanese-grand-prix-leclerc-metal-diecast-luxury-pack-1-18","status":"publish","type":"product","link":"https:\/\/www.modelcars24.de\/ja\/bbr-ferrari-sf26-f1-japanese-grand-prix-leclerc-metal-diecast-luxury-pack-1-18\/","title":{"rendered":"BBR Ferrari SF26 F1 Japanese Grand Prix &#8211; Leclerc &#8211; metal diecast LUXURY PACK &#8211; 1\/18"},"content":{"rendered":"<p>BBR Ferrari SF26 F1 Japanese Grand Prix &#8211; Leclerc &#8211; Metal diecast LUXURY PACK &#8211; 1\/18<\/p>\n<p>INKLUSIVE VITRINE UND SOCKEL<\/p>\n<p>Hier ist ein neues Feature f\u00fcr den Ferrari SF-26, das das kommende Modell von BBR zu einem wahren Meisterwerk machen wird. Die Miniatur im Ma\u00dfstab 1:18 \u2013 gefertigt aus Die-Cast-Metall und ausgestattet mit all den hochwertigen Details \u2013 wird \u00fcber eine abnehmbare Nase verf\u00fcgen, die die schnelle Reparatur eines Formel-1-Wagens w\u00e4hrend eines Boxenstopps simuliert.<\/p>\n<p>Charles Leclerc setzte seinen starken Saisonauftakt 2026 mit einer weiteren Podiumsplatzierung fort. Beim Gro\u00dfen Preis von Japan 2026, der am 29. M\u00e4rz auf der legend\u00e4ren Rennstrecke von Suzuka ausgetragen wurde, \u00fcberquerte er die Ziellinie auf dem dritten Platz. Von der zweiten Startreihe aus nutzte Leclerc den vielgelobten \u201eLaunch-Mode\u201c-Vorteil von Ferrari, um die F\u00fchrenden bereits vor der ersten Kurve unter Druck zu setzen. Auch wenn ihm das letzte Tempo fehlte, um den dominierenden Mercedes von Kimi Antonelli ernsthaft herauszufordern, fuhr Leclerc ein kalkuliertes Rennen und ging \u00e4u\u00dferst effektiv mit der Energieabgabe seiner Batterie um.<br \/>\nMit einem Podiumsplatz in Australien und Suzuka sowie einem soliden vierten Platz in China hat Leclerc insgesamt 49 Punkte gesammelt und belegt damit vor\u00fcbergehend den dritten Platz in der Fahrerweltmeisterschaft.<\/p>\n<p>Modell aus Die-Cast-Metall. Die Fahrerfigur wird samt Helm im Cockpit platziert.<br \/>\nDie rote Stoffabdeckung auf dem Modell ist Bestandteil der Render-Darstellung und nicht im Lieferumfang enthalten.<\/p>\n<p>&nbsp;<\/p>\n<p>Artikelnummer: BBR2618B16DIE<\/p>","protected":false},"excerpt":{"rendered":"<p>BBR2618B16DIE &#8211; preorder &#8211; 255,00 \u20ac inkl. 19% Vat<\/p>","protected":false},"featured_media":64324,"comment_status":"open","ping_status":"closed","template":"","meta":[],"product_brand":[851],"product_cat":[279,169,63,21],"product_tag":[173,209,202],"class_list":{"0":"post-64323","1":"product","2":"type-product","3":"status-publish","4":"has-post-thumbnail","6":"product_brand-bbr","7":"product_cat-1-m","8":"product_cat-bbr","9":"product_cat-ferrari","10":"product_cat-verfuegbar","11":"product_tag-bbr","12":"product_tag-ferrari","13":"product_tag-verfuegbar","14":"pa_automarke-ferrari","15":"pa_decade-2020s","16":"pa_fahrzeugtyp-formel-1","17":"pa_farbe-rot","18":"pa_limitiert-nein","19":"pa_massstab-1-18","20":"pa_modelmarke-bbr","21":"pa_modeltyp-fertigmodell","22":"pa_modeltyp-geschlossen","23":"pa_status-beim-hersteller-ausverkauft","24":"pa_verfuegbarkeit-5-tage-lieferzeit","25":"pa_zustand_modell-1-brandneu","26":"pa_zustand_verpackung-1-brandneu","28":"first","29":"instock","30":"taxable","31":"shipping-taxable","32":"purchasable","33":"product-type-simple"},"jetpack_sharing_enabled":true,"_links":{"self":[{"href":"https:\/\/www.modelcars24.de\/ja\/wp-json\/wp\/v2\/product\/64323","targetHints":{"allow":["GET"]}}],"collection":[{"href":"https:\/\/www.modelcars24.de\/ja\/wp-json\/wp\/v2\/product"}],"about":[{"href":"https:\/\/www.modelcars24.de\/ja\/wp-json\/wp\/v2\/types\/product"}],"replies":[{"embeddable":true,"href":"https:\/\/www.modelcars24.de\/ja\/wp-json\/wp\/v2\/comments?post=64323"}],"version-history":[{"count":0,"href":"https:\/\/www.modelcars24.de\/ja\/wp-json\/wp\/v2\/product\/64323\/revisions"}],"wp:featuredmedia":[{"embeddable":true,"href":"https:\/\/www.modelcars24.de\/ja\/wp-json\/wp\/v2\/media\/64324"}],"wp:attachment":[{"href":"https:\/\/www.modelcars24.de\/ja\/wp-json\/wp\/v2\/media?parent=64323"}],"wp:term":[{"taxonomy":"product_brand","embeddable":true,"href":"https:\/\/www.modelcars24.de\/ja\/wp-json\/wp\/v2\/product_brand?post=64323"},{"taxonomy":"product_cat","embeddable":true,"href":"https:\/\/www.modelcars24.de\/ja\/wp-json\/wp\/v2\/product_cat?post=64323"},{"taxonomy":"product_tag","embeddable":true,"href":"https:\/\/www.modelcars24.de\/ja\/wp-json\/wp\/v2\/product_tag?post=64323"}],"curies":[{"name":"wp","href":"https:\/\/api.w.org\/{rel}","templated":true}]}}